{"id":649,"date":"2020-03-19T10:18:06","date_gmt":"2020-03-19T10:18:06","guid":{"rendered":"https:\/\/geopresovregion.sk\/home\/?page_id=649"},"modified":"2020-04-15T12:35:03","modified_gmt":"2020-04-15T12:35:03","slug":"cookie","status":"publish","type":"page","link":"https:\/\/geopresovregion.sk\/home\/cookie\/","title":{"rendered":"Cookie"},"content":{"rendered":"\n<p>Tento web pou\u017e\u00edva s\u00fabory cookies. Prehliadan\u00edm webu vyjadrujete s\u00fahlas s   ich pou\u017e\u00edvan\u00edm. Pou\u017e\u00edvan\u00edm cookies vytv\u00e1rame bezpe\u010dnej\u0161\u00ed a  efekt\u00edvnej\u0161\u00ed  web pre na\u0161ich pou\u017e\u00edvate\u013eov.<\/p>\n","protected":false},"excerpt":{"rendered":"<p>Tento web pou\u017e\u00edva s\u00fabory cookies. Prehliadan\u00edm webu vyjadrujete s\u00fahlas s ich pou\u017e\u00edvan\u00edm. Pou\u017e\u00edvan\u00edm cookies vytv\u00e1rame bezpe\u010dnej\u0161\u00ed a efekt\u00edvnej\u0161\u00ed web pre na\u0161ich pou\u017e\u00edvate\u013eov.<\/p>\n","protected":false},"author":1,"featured_media":0,"parent":0,"menu_order":0,"comment_status":"closed","ping_status":"closed","template":"","meta":{"cybocfi_hide_featured_image":""},"yoast_head":"<!-- This site is optimized with the Yoast SEO plugin v19.3 - https:\/\/yoast.com\/wordpress\/plugins\/seo\/ -->\n<title>Cookie - Geoport\u00e1l Pre\u0161ovsk\u00e9ho kraja<\/title>\n<meta name=\"robots\" content=\"index, follow, max-snippet:-1, max-image-preview:large, max-video-preview:-1\" \/>\n<link rel=\"canonical\" href=\"https:\/\/geopresovregion.sk\/home\/cookie\/\" \/>\n<meta property=\"og:locale\" content=\"en_US\" \/>\n<meta property=\"og:type\" content=\"article\" \/>\n<meta property=\"og:title\" content=\"Cookie - Geoport\u00e1l Pre\u0161ovsk\u00e9ho kraja\" \/>\n<meta property=\"og:description\" content=\"Tento web pou\u017e\u00edva s\u00fabory cookies. Prehliadan\u00edm webu vyjadrujete s\u00fahlas s ich pou\u017e\u00edvan\u00edm. Pou\u017e\u00edvan\u00edm cookies vytv\u00e1rame bezpe\u010dnej\u0161\u00ed a efekt\u00edvnej\u0161\u00ed web pre na\u0161ich pou\u017e\u00edvate\u013eov.\" \/>\n<meta property=\"og:url\" content=\"https:\/\/geopresovregion.sk\/home\/cookie\/\" \/>\n<meta property=\"og:site_name\" content=\"Geoport\u00e1l Pre\u0161ovsk\u00e9ho kraja\" \/>\n<meta property=\"article:modified_time\" content=\"2020-04-15T12:35:03+00:00\" \/>\n<meta name=\"twitter:card\" content=\"summary_large_image\" \/>\n<script type=\"application\/ld+json\" class=\"yoast-schema-graph\">{\"@context\":\"https:\/\/schema.org\",\"@graph\":[{\"@type\":\"WebSite\",\"@id\":\"https:\/\/geopresovregion.sk\/home\/#website\",\"url\":\"https:\/\/geopresovregion.sk\/home\/\",\"name\":\"Geoport\u00e1l Pre\u0161ovsk\u00e9ho kraja\",\"description\":\"Geoport\u00e1l Pre\u0161ovsk\u00e9ho kraja\",\"potentialAction\":[{\"@type\":\"SearchAction\",\"target\":{\"@type\":\"EntryPoint\",\"urlTemplate\":\"https:\/\/geopresovregion.sk\/home\/?s={search_term_string}\"},\"query-input\":\"required name=search_term_string\"}],\"inLanguage\":\"en-US\"},{\"@type\":\"WebPage\",\"@id\":\"https:\/\/geopresovregion.sk\/home\/cookie\/\",\"url\":\"https:\/\/geopresovregion.sk\/home\/cookie\/\",\"name\":\"Cookie - Geoport\u00e1l Pre\u0161ovsk\u00e9ho kraja\",\"isPartOf\":{\"@id\":\"https:\/\/geopresovregion.sk\/home\/#website\"},\"datePublished\":\"2020-03-19T10:18:06+00:00\",\"dateModified\":\"2020-04-15T12:35:03+00:00\",\"breadcrumb\":{\"@id\":\"https:\/\/geopresovregion.sk\/home\/cookie\/#breadcrumb\"},\"inLanguage\":\"en-US\",\"potentialAction\":[{\"@type\":\"ReadAction\",\"target\":[\"https:\/\/geopresovregion.sk\/home\/cookie\/\"]}]},{\"@type\":\"BreadcrumbList\",\"@id\":\"https:\/\/geopresovregion.sk\/home\/cookie\/#breadcrumb\",\"itemListElement\":[{\"@type\":\"ListItem\",\"position\":1,\"name\":\"Home\",\"item\":\"https:\/\/geopresovregion.sk\/home\/\"},{\"@type\":\"ListItem\",\"position\":2,\"name\":\"Cookie\"}]}]}<\/script>\n<!-- \/ Yoast SEO plugin. -->","yoast_head_json":{"title":"Cookie - Geoport\u00e1l Pre\u0161ovsk\u00e9ho kraja","robots":{"index":"index","follow":"follow","max-snippet":"max-snippet:-1","max-image-preview":"max-image-preview:large","max-video-preview":"max-video-preview:-1"},"canonical":"https:\/\/geopresovregion.sk\/home\/cookie\/","og_locale":"en_US","og_type":"article","og_title":"Cookie - Geoport\u00e1l Pre\u0161ovsk\u00e9ho kraja","og_description":"Tento web pou\u017e\u00edva s\u00fabory cookies. Prehliadan\u00edm webu vyjadrujete s\u00fahlas s ich pou\u017e\u00edvan\u00edm. Pou\u017e\u00edvan\u00edm cookies vytv\u00e1rame bezpe\u010dnej\u0161\u00ed a efekt\u00edvnej\u0161\u00ed web pre na\u0161ich pou\u017e\u00edvate\u013eov.","og_url":"https:\/\/geopresovregion.sk\/home\/cookie\/","og_site_name":"Geoport\u00e1l Pre\u0161ovsk\u00e9ho kraja","article_modified_time":"2020-04-15T12:35:03+00:00","twitter_card":"summary_large_image","schema":{"@context":"https:\/\/schema.org","@graph":[{"@type":"WebSite","@id":"https:\/\/geopresovregion.sk\/home\/#website","url":"https:\/\/geopresovregion.sk\/home\/","name":"Geoport\u00e1l Pre\u0161ovsk\u00e9ho kraja","description":"Geoport\u00e1l Pre\u0161ovsk\u00e9ho kraja","potentialAction":[{"@type":"SearchAction","target":{"@type":"EntryPoint","urlTemplate":"https:\/\/geopresovregion.sk\/home\/?s={search_term_string}"},"query-input":"required name=search_term_string"}],"inLanguage":"en-US"},{"@type":"WebPage","@id":"https:\/\/geopresovregion.sk\/home\/cookie\/","url":"https:\/\/geopresovregion.sk\/home\/cookie\/","name":"Cookie - Geoport\u00e1l Pre\u0161ovsk\u00e9ho kraja","isPartOf":{"@id":"https:\/\/geopresovregion.sk\/home\/#website"},"datePublished":"2020-03-19T10:18:06+00:00","dateModified":"2020-04-15T12:35:03+00:00","breadcrumb":{"@id":"https:\/\/geopresovregion.sk\/home\/cookie\/#breadcrumb"},"inLanguage":"en-US","potentialAction":[{"@type":"ReadAction","target":["https:\/\/geopresovregion.sk\/home\/cookie\/"]}]},{"@type":"BreadcrumbList","@id":"https:\/\/geopresovregion.sk\/home\/cookie\/#breadcrumb","itemListElement":[{"@type":"ListItem","position":1,"name":"Home","item":"https:\/\/geopresovregion.sk\/home\/"},{"@type":"ListItem","position":2,"name":"Cookie"}]}]}},"_links":{"self":[{"href":"https:\/\/geopresovregion.sk\/home\/wp-json\/wp\/v2\/pages\/649"}],"collection":[{"href":"https:\/\/geopresovregion.sk\/home\/wp-json\/wp\/v2\/pages"}],"about":[{"href":"https:\/\/geopresovregion.sk\/home\/wp-json\/wp\/v2\/types\/page"}],"author":[{"embeddable":true,"href":"https:\/\/geopresovregion.sk\/home\/wp-json\/wp\/v2\/users\/1"}],"replies":[{"embeddable":true,"href":"https:\/\/geopresovregion.sk\/home\/wp-json\/wp\/v2\/comments?post=649"}],"version-history":[{"count":7,"href":"https:\/\/geopresovregion.sk\/home\/wp-json\/wp\/v2\/pages\/649\/revisions"}],"predecessor-version":[{"id":2620,"href":"https:\/\/geopresovregion.sk\/home\/wp-json\/wp\/v2\/pages\/649\/revisions\/2620"}],"wp:attachment":[{"href":"https:\/\/geopresovregion.sk\/home\/wp-json\/wp\/v2\/media?parent=649"}],"curies":[{"name":"wp","href":"https:\/\/api.w.org\/{rel}","templated":true}]}}