{"id":381,"date":"2020-02-13T22:29:21","date_gmt":"2020-02-13T22:29:21","guid":{"rendered":"https:\/\/geopresovregion.sk\/home\/?page_id=381"},"modified":"2022-10-26T11:37:22","modified_gmt":"2022-10-26T11:37:22","slug":"thematic-maps","status":"publish","type":"page","link":"https:\/\/geopresovregion.sk\/home\/en\/thematic-maps\/","title":{"rendered":"Thematic maps and dashboards"},"content":{"rendered":"\n<p>Thematic maps and dashboards provide information in a way that is as accessible and simple as possible in a simple, fast and comprehensible way. By combining layers and views through individual indicators, it is possible to bring the given thematic content closer to the user.<\/p>\n\n\n\n<p>Thematic maps <em>People and work<\/em>, <em>Unemployment, people and business<\/em>, <em>Spatial information about COVID-19<\/em> and <em>Tourism<\/em> are created in the map client <em>mViewer<\/em>, others through Javascript libraries &#8211; <em>OpenLayers<\/em> and<em> Leaflet<\/em>.<br><\/p>\n\n\n\n<hr class=\"wp-block-separator\"\/>\n\n\n<div id=\"pl-gb381-69def753133f7\"  class=\"panel-layout\" ><div id=\"pg-gb381-69def753133f7-0\"  class=\"panel-grid panel-has-style\" ><div class=\"panel-row-style panel-row-style-for-gb381-69def753133f7-0\" ><div id=\"pgc-gb381-69def753133f7-0-0\"  class=\"panel-grid-cell\" ><div id=\"panel-gb381-69def753133f7-0-0-0\" class=\"so-panel widget widget_text panel-first-child\" data-index=\"0\" ><h3 class=\"widget-title\">Industrial parks and investment potential of PSK<\/h3>\t\t\t<div class=\"textwidget\"><div data-pm-slice=\"1 1 []\" data-en-clipboard=\"true\">\n<div data-pm-slice=\"1 1 []\" data-en-clipboard=\"true\">\n<p><a href=\"https:\/\/geopresovregion.sk\/mviewer\/?lang=sk&amp;config=apps\/Priem_parky_en.xml#\" target=\"_blank\" rel=\"noopener\"><img loading=\"lazy\" class=\"alignleft wp-image-2287 size-full\" src=\"https:\/\/geopresovregion.sk\/home\/wp-content\/uploads\/2022\/10\/tematicka-aplikacia-priemyselne-parky-nahlad.png\" alt=\"\" width=\"247\" height=\"163\" \/><\/a> In this thematic map, you will find a basic overview of the region and the possibilities of using industrial parks located in Pre\u0161ov self-governing region. Industrial parks included in the map are from SARIO database (Slovak Investment and Trade Development Agency).<\/p>\n<\/div>\n<\/div>\n<\/div>\n\t\t<\/div><div id=\"panel-gb381-69def753133f7-0-0-1\" class=\"so-panel widget widget_text\" data-index=\"1\" ><h3 class=\"widget-title\">Microprogram PSK 2020<\/h3>\t\t\t<div class=\"textwidget\"><div data-pm-slice=\"1 1 []\" data-en-clipboard=\"true\">\n<div data-pm-slice=\"1 1 []\" data-en-clipboard=\"true\">\n<p><a href=\"https:\/\/geopresovregion.sk\/web\/web_mikroprojekty\/index.html\" target=\"_blank\" rel=\"noopener\"><img loading=\"lazy\" class=\"wp-image-1377 size-full alignleft\" src=\"https:\/\/geopresovregion.sk\/home\/wp-content\/uploads\/2020\/07\/t_mikroprogram_psk_2020.jpg\" alt=\"\" width=\"247\" height=\"163\" \/><\/a><span style=\"font-weight: 400;\">The thematic map shows supported projects of applicants for a grant from the PSK Microprogram from the PSK budget for 2020 to finance projects implemented to support public life of cities, municipalities, legal entities, interest groups of citizens, non-profit organizations and other eligible applicants in districts of the Pre\u0161ov self-governing region. The map also includes a polygon layer showing the amount of allocated funds per 1,000 inhabitants (31.12.2019, source: Statistical office of SR) by district. The distribution of grants was approved by the PSK Council on June 22, 2020. Applicants can apply for a grant from the Sports, Culture and Social Services programs, where:<br \/>\n&#8211; minimum amount of subsidy per application = 700 \u20ac,<br \/>\n&#8211; maximum amount of subsidy per application = 10 000 \u20ac,<br \/>\n&#8211; co-financing of the supported activity = min. 20% of the approved subsidy (refund system).<br \/>\n<\/span><\/p>\n<\/div>\n<\/div>\n<\/div>\n\t\t<\/div><div id=\"panel-gb381-69def753133f7-0-0-2\" class=\"so-panel widget widget_text\" data-index=\"2\" ><h3 class=\"widget-title\">Tourism<\/h3>\t\t\t<div class=\"textwidget\"><div data-pm-slice=\"1 1 []\" data-en-clipboard=\"true\">\n<div data-pm-slice=\"1 1 []\" data-en-clipboard=\"true\">\n<p><a href=\"https:\/\/geopresovregion.sk\/mviewer\/?lang=en&amp;config=apps\/tourism-en.xml\" target=\"_blank\" rel=\"noopener\"><img loading=\"lazy\" class=\"alignleft wp-image-1200 size-full\" src=\"https:\/\/geopresovregion.sk\/home\/wp-content\/uploads\/2020\/05\/t_turizmus.jpg\" alt=\"\" width=\"247\" height=\"163\" \/><\/a><span style=\"font-weight: 400;\">The map shows tourist attractions and points of interest of various types, tourist infrastructure and tourism statistics. The primary recipients are residents and visitors to the region looking for information on tourist opportunities in the region The main data source for tourist attractions is OpenStreetMap &#8211; an open project based on collective cooperation and the concept of Open source, which aims to create free geographic data (<b>contains only the data that the community of contributors uploaded to the database<\/b>). Other owners of the data (sources) shown on the map are the Pre\u0161ov self-governing region, the Statistical Office of the Slovak Republic, the Regional Tourism Organization (Northeast Slovakia) and the University of Pre\u0161ov.<\/span><\/p>\n<\/div>\n<\/div>\n<\/div>\n\t\t<\/div><div id=\"panel-gb381-69def753133f7-0-0-3\" class=\"so-panel widget widget_text\" data-index=\"3\" ><h3 class=\"widget-title\">Spatial information about COVID-19 (Beta)<\/h3>\t\t\t<div class=\"textwidget\"><div data-pm-slice=\"1 1 []\" data-en-clipboard=\"true\">\n<div data-pm-slice=\"1 1 []\" data-en-clipboard=\"true\">\n<p><a href=\"https:\/\/geopresovregion.sk\/mviewer\/?lang=en&amp;config=apps\/covid-en.xml\" target=\"_blank\" rel=\"noopener\"><img loading=\"lazy\" class=\"alignleft wp-image-1193 size-full\" src=\"https:\/\/geopresovregion.sk\/home\/wp-content\/uploads\/2020\/05\/t_covid19.jpg\" alt=\"\" width=\"247\" height=\"163\" \/><\/a><span style=\"font-weight: 400;\">The map provides comprehensive information related to the &#8220;corona crisis&#8221;. In addition to the daily updated overview of confirmed cases of COVID-19, COVID-19 provides information on COVID-19 sampling points, disease-related health care. The map also displays PSK support points and risk demographic indicators that experts say may affect the spread of the disease or show a group of people at risk. or risk area. The main data sources are National Center for Health Information, Statistical Office of the Slovak Republic (datacube and SODB 2011), Pre\u0161ov self-governing region and Roma Atlas 2019.<\/span><\/p>\n<\/div>\n<\/div>\n<\/div>\n\t\t<\/div><div id=\"panel-gb381-69def753133f7-0-0-4\" class=\"so-panel widget widget_text\" data-index=\"4\" ><h3 class=\"widget-title\">Transport network in Pre\u0161ov region<\/h3>\t\t\t<div class=\"textwidget\"><div data-pm-slice=\"1 1 []\" data-en-clipboard=\"true\">\n<div data-pm-slice=\"1 1 []\" data-en-clipboard=\"true\">\n<p><a href=\"https:\/\/geopresovregion.sk\/mviewer\/?lang=sk&amp;config=apps\/doprava\/doprava_en.xml#\"><img loading=\"lazy\" class=\"alignleft wp-image-2341 size-full\" src=\"https:\/\/geopresovregion.sk\/home\/wp-content\/uploads\/2022\/10\/tematicka-aplikacia-doprava-nahlad.png\" alt=\"\" width=\"246\" height=\"163\" \/><\/a><span style=\"font-weight: 400;\">Thematic map shows line layers of highways, expressways, I., II. and III.class in the Pre\u0161ov region. Part of map are also polygon layers showing the number of kilometers of each types of roads and the density of the road network by districts.<br \/>\nPre\u0161ov Self-Governing Region (PSK) manages 2nd and 3rd class roads since January 1, 2004. Road management and maintenance is the responsibility of the organization established by PSK &#8211; Management and maintenance of roads PSK.<\/span><\/p>\n<p>&nbsp;<\/p>\n<\/div>\n<\/div>\n<\/div>\n\t\t<\/div><div id=\"panel-gb381-69def753133f7-0-0-5\" class=\"so-panel widget widget_text\" data-index=\"5\" ><h3 class=\"widget-title\">Roma communities<\/h3>\t\t\t<div class=\"textwidget\"><div data-pm-slice=\"1 1 []\" data-en-clipboard=\"true\">\n<div data-pm-slice=\"1 1 []\" data-en-clipboard=\"true\">\n<p><a href=\"https:\/\/geopresovregion.sk\/web\/web_mrk\/\" target=\"_blank\" rel=\"noopener\"><img loading=\"lazy\" class=\"wp-image-409 size-full alignleft\" src=\"https:\/\/geopresovregion.sk\/home\/wp-content\/uploads\/2020\/03\/t_mrk.jpg\" alt=\"\" width=\"247\" height=\"163\" \/><\/a><span style=\"font-weight: 400;\">Improving the social and economic integration of Roma communities is one of the components of the European Commission&#8217;s Catching-up Regions initiative in Pre\u0161ov self-governing region in cooperation with the World Bank. The aim is to define and propose integrated development programs for pilot municipalities that address priority areas in particular housing, education, employment, health quality, while also taking into account cross-cutting issues such as equal opportunities, combating poverty and preventing discrimination. For efficient fulfillment of activities in this component but also for the general public it is necessary and useful to have quality spatial data. This thematic map shows the proportion and number of Roma population in municipalities that are part of the Atlas of Roma Communities 2019.<br \/>\n<\/span><\/p>\n<\/div>\n<\/div>\n<\/div>\n\t\t<\/div><div id=\"panel-gb381-69def753133f7-0-0-6\" class=\"so-panel widget widget_text\" data-index=\"6\" ><h3 class=\"widget-title\">Poloniny Trail<\/h3>\t\t\t<div class=\"textwidget\"><div data-pm-slice=\"1 1 []\" data-en-clipboard=\"true\">\n<div data-pm-slice=\"1 1 []\" data-en-clipboard=\"true\">\n<p><a href=\"https:\/\/geopresovregion.sk\/web\/web_pt\/index.html\" target=\"_blank\" rel=\"noopener\"><img loading=\"lazy\" class=\"wp-image-830 size-full alignleft\" src=\"https:\/\/geopresovregion.sk\/home\/wp-content\/uploads\/2020\/03\/t_poloniny.jpg\" alt=\"\" width=\"247\" height=\"163\" \/><\/a><span style=\"font-weight: 400;\">As part of the Catching-up Regions Action Plan outputs, PSK has committed itself to effectively supporting the development of the internal potential of tourism in the Poloniny National Park. For this purpose, World Bank experts designed &#8220;Poloniny trail&#8221; &#8211; the multipurpose tourist route, which will be connected to the network of existing cycling routes leading on local roads, tourist and cycling infrastructure. The creation of the &#8220;Poloniny tourist route&#8221; is based on the refurbishment and construction of soft and hard infrastructure, as a starting point for improving accessibility among municipalities and improving the current tourist and cycling infrastructure.<br \/>\n<\/span><\/p>\n<\/div>\n<\/div>\n<\/div>\n\t\t<\/div><div id=\"panel-gb381-69def753133f7-0-0-7\" class=\"so-panel widget widget_text\" data-index=\"7\" ><h3 class=\"widget-title\">Grant flow &#8211; Call for Region 2019<\/h3>\t\t\t<div class=\"textwidget\"><div data-pm-slice=\"1 1 []\" data-en-clipboard=\"true\">\n<div data-pm-slice=\"1 1 []\" data-en-clipboard=\"true\">\n<p><a href=\"https:\/\/geopresovregion.sk\/web\/web_grants_2019\/index.html\" target=\"_blank\" rel=\"noopener\"><img loading=\"lazy\" class=\"wp-image-158 size-full alignleft\" src=\"https:\/\/geopresovregion.sk\/home\/wp-content\/uploads\/2020\/02\/t_dotacie.jpg\" alt=\"\" width=\"247\" height=\"163\" \/><\/a><span style=\"font-weight: 400;\">The thematic map shows the supported projects of applicants from the 1st and 2nd round of the Call for Region 2019 from the PSK budget and their distribution to municipalities. Entities can apply for a subsidy in three programs: Support for tourism infrastructure and restoration of cultural monuments in PSK, Financing of already approved projects within the 5% co-financing by ESIF applicants, Support for construction and reconstruction of sports grounds in PSK.<br \/>\n<\/span><\/p>\n<\/div>\n<\/div>\n<\/div>\n\t\t<\/div><div id=\"panel-gb381-69def753133f7-0-0-8\" class=\"so-panel widget widget_text\" data-index=\"8\" ><h3 class=\"widget-title\">Emergency healthcare and pharmacies<\/h3>\t\t\t<div class=\"textwidget\"><div data-pm-slice=\"1 1 []\" data-en-clipboard=\"true\">\n<div data-pm-slice=\"1 1 []\" data-en-clipboard=\"true\">\n<p><a href=\"https:\/\/geopresovregion.sk\/web\/web_aps\/index.html#9\/49.0757\/21.2531\" target=\"_blank\" rel=\"noopener\"><img loading=\"lazy\" class=\"wp-image-819 size-full alignleft\" src=\"https:\/\/geopresovregion.sk\/home\/wp-content\/uploads\/2020\/03\/t_zdravotna-starostlivost.jpg\" alt=\"\" width=\"247\" height=\"162\" \/><\/a><\/p>\n<p><span style=\"font-weight: 400;\">The thematic map shows the location of emergency health care providers and pharmacies in the territory of the Pre\u0161ov Region. The last data update: november 2019.<br \/>\n<\/span><\/p>\n<\/div>\n<\/div>\n<\/div>\n\t\t<\/div><div id=\"panel-gb381-69def753133f7-0-0-9\" class=\"so-panel widget widget_text\" data-index=\"9\" ><h3 class=\"widget-title\">Outpatient healthcare<\/h3>\t\t\t<div class=\"textwidget\"><div data-pm-slice=\"1 1 []\" data-en-clipboard=\"true\">\n<div data-pm-slice=\"1 1 []\" data-en-clipboard=\"true\">\n<p><a href=\"https:\/\/geopresovregion.sk\/web\/web_p_d_s\/index.html#9\/49.0730\/21.3039\" target=\"_blank\" rel=\"noopener\"><img loading=\"lazy\" class=\"wp-image-819 size-full alignleft\" src=\"https:\/\/geopresovregion.sk\/home\/wp-content\/uploads\/2020\/03\/t_zdravotna-starostlivost.jpg\" alt=\"\" width=\"247\" height=\"162\" \/><\/a><\/p>\n<p><span style=\"font-weight: 400;\">The thematic map shows the location of outpatient general and dental healthcare providers and also number of inhabitants over 24\/ up to 24 years for one general practicioner \/pediatrician per districts in Pre\u0161ov region. The last update of heathcare providers: 10.3.2020 (Source: \u00daPSK) and population: 31.12.2019 (Source: Statistical Office of the SR).<br \/>\n<\/span><\/p>\n<\/div>\n<\/div>\n<\/div>\n\t\t<\/div><div id=\"panel-gb381-69def753133f7-0-0-10\" class=\"so-panel widget widget_text\" data-index=\"10\" ><h3 class=\"widget-title\">PSK organizations<\/h3>\t\t\t<div class=\"textwidget\"><div data-pm-slice=\"1 1 []\" data-en-clipboard=\"true\">\n<div data-pm-slice=\"1 1 []\" data-en-clipboard=\"true\">\n<p><a href=\"https:\/\/geopresovregion.sk\/web\/web_budovy\/index.html#9\/49.0757\/21.2531\" target=\"_blank\" rel=\"noopener\"><img loading=\"lazy\" class=\"wp-image-836 size-full alignleft\" src=\"https:\/\/geopresovregion.sk\/home\/wp-content\/uploads\/2020\/03\/t_organizacie-psk.jpg\" alt=\"\" width=\"247\" height=\"163\" \/><\/a><span style=\"font-weight: 400;\">The thematic map shows the localization of organizations within the founding competence of the Pre\u0161ov Self-Governing Region. These organizations include school (77), cultural (27), sanitary facilities (25) and organizations of PSK Road Administration and Maintenance Agency (8). Last update: november 2019.<br \/>\n<\/span><\/p>\n<\/div>\n<\/div>\n<\/div>\n\t\t<\/div><div id=\"panel-gb381-69def753133f7-0-0-11\" class=\"so-panel widget widget_text\" data-index=\"11\" ><h3 class=\"widget-title\">Unemployment, people and business<\/h3>\t\t\t<div class=\"textwidget\"><div data-pm-slice=\"1 1 []\" data-en-clipboard=\"true\">\n<div data-pm-slice=\"1 1 []\" data-en-clipboard=\"true\"><a href=\"https:\/\/geopresovregion.sk\/mviewer\/?lang=en&amp;config=apps\/business-en.xml\" target=\"_blank\" rel=\"noopener\"><img loading=\"lazy\" class=\"alignleft wp-image-161 size-full\" src=\"https:\/\/geopresovregion.sk\/home\/wp-content\/uploads\/2020\/02\/t_podnikanie.jpg\" alt=\"\" width=\"247\" height=\"163\" \/><\/a>Through statistical information, the map provides a comprehensive overview of the structure of unemployment, population (demography) and the economy in general, primarily from the perspective of the employer, respectively. a potential employer (investor) who is the primary recipient of the information. Secondary recipients of information are local government representatives, citizens, academic and the third sector,. Through the map, it is possible to view the structure of job seekers by profession, education, duration of registration and selected demographic and economic indicators at the level of municipalities \/ districts. The map contains data from the field of demography, primarily at the level of towns and villages, through which the client will get a picture of the state and development of the population in the region. By combining layers and views, it is possible to see and analyze the state and development of individual indicators in time and space.<\/div>\n<\/div>\n<\/div>\n\t\t<\/div><div id=\"panel-gb381-69def753133f7-0-0-12\" class=\"so-panel widget widget_text panel-last-child\" data-index=\"12\" ><h3 class=\"widget-title\">Life and work<\/h3>\t\t\t<div class=\"textwidget\"><div data-pm-slice=\"1 1 []\" data-en-clipboard=\"true\">\n<div data-pm-slice=\"1 1 []\" data-en-clipboard=\"true\">\n<p><a href=\"https:\/\/geopresovregion.sk\/mviewer\/?lang=en&amp;config=apps\/life-en.xml\" target=\"_blank\" rel=\"noopener\"><img loading=\"lazy\" class=\"alignleft wp-image-811 size-full\" src=\"https:\/\/geopresovregion.sk\/home\/wp-content\/uploads\/2020\/03\/t_zivot.jpg\" alt=\"\" width=\"247\" height=\"163\" \/><\/a><\/p>\n<div data-pm-slice=\"1 1 []\" data-en-clipboard=\"true\">The goal of the map is to provide comprehensive information on the population (demography) living in the region and selected economic indicators. Emphasis is placed on key statistics at the level of municipalities and districts in the field of demography (population, population density, migration balance, &#8230;), and in the field of economy (unemployment rate, average wages, job vacancies, &#8230;) . The primary recipient of information is an ordinary citizen, the secondary are representatives of local governments, students, and the private sector. By combining layers and views, it is possible to see and analyze the state and development of individual indicators in time and space.<\/div>\n<\/div>\n<\/div>\n<\/div>\n\t\t<\/div><\/div><\/div><\/div><\/div>\n\n\n<p><\/p>\n","protected":false},"excerpt":{"rendered":"<p>Thematic maps and dashboards provide information in a way that is as accessible and simple as possible in a simple, fast and comprehensible way. By combining layers and views through individual indicators, it is possible to bring the given thematic content closer to the user. Thematic maps People and work, Unemployment, people and business, Spatial [&hellip;]<\/p>\n","protected":false},"author":1,"featured_media":0,"parent":0,"menu_order":0,"comment_status":"closed","ping_status":"closed","template":"","meta":{"cybocfi_hide_featured_image":""},"yoast_head":"<!-- This site is optimized with the Yoast SEO plugin v19.3 - https:\/\/yoast.com\/wordpress\/plugins\/seo\/ -->\n<title>Thematic maps and dashboards - Geoport\u00e1l Pre\u0161ovsk\u00e9ho kraja<\/title>\n<meta name=\"robots\" content=\"index, follow, max-snippet:-1, max-image-preview:large, max-video-preview:-1\" \/>\n<link rel=\"canonical\" href=\"https:\/\/geopresovregion.sk\/home\/en\/thematic-maps\/\" \/>\n<meta property=\"og:locale\" content=\"en_US\" \/>\n<meta property=\"og:type\" content=\"article\" \/>\n<meta property=\"og:title\" content=\"Thematic maps and dashboards - Geoport\u00e1l Pre\u0161ovsk\u00e9ho kraja\" \/>\n<meta property=\"og:description\" content=\"Thematic maps and dashboards provide information in a way that is as accessible and simple as possible in a simple, fast and comprehensible way. By combining layers and views through individual indicators, it is possible to bring the given thematic content closer to the user. Thematic maps People and work, Unemployment, people and business, Spatial [&hellip;]\" \/>\n<meta property=\"og:url\" content=\"https:\/\/geopresovregion.sk\/home\/en\/thematic-maps\/\" \/>\n<meta property=\"og:site_name\" content=\"Geoport\u00e1l Pre\u0161ovsk\u00e9ho kraja\" \/>\n<meta property=\"article:modified_time\" content=\"2022-10-26T11:37:22+00:00\" \/>\n<meta property=\"og:image\" content=\"https:\/\/geopresovregion.sk\/home\/wp-content\/uploads\/2022\/10\/tematicka-aplikacia-priemyselne-parky-nahlad.png\" \/>\n<meta name=\"twitter:card\" content=\"summary_large_image\" \/>\n<script type=\"application\/ld+json\" class=\"yoast-schema-graph\">{\"@context\":\"https:\/\/schema.org\",\"@graph\":[{\"@type\":\"WebSite\",\"@id\":\"https:\/\/geopresovregion.sk\/home\/#website\",\"url\":\"https:\/\/geopresovregion.sk\/home\/\",\"name\":\"Geoport\u00e1l Pre\u0161ovsk\u00e9ho kraja\",\"description\":\"Geoport\u00e1l Pre\u0161ovsk\u00e9ho kraja\",\"potentialAction\":[{\"@type\":\"SearchAction\",\"target\":{\"@type\":\"EntryPoint\",\"urlTemplate\":\"https:\/\/geopresovregion.sk\/home\/?s={search_term_string}\"},\"query-input\":\"required name=search_term_string\"}],\"inLanguage\":\"en-US\"},{\"@type\":\"ImageObject\",\"inLanguage\":\"en-US\",\"@id\":\"https:\/\/geopresovregion.sk\/home\/en\/thematic-maps\/#primaryimage\",\"url\":\"https:\/\/geopresovregion.sk\/home\/wp-content\/uploads\/2022\/10\/tematicka-aplikacia-priemyselne-parky-nahlad.png\",\"contentUrl\":\"https:\/\/geopresovregion.sk\/home\/wp-content\/uploads\/2022\/10\/tematicka-aplikacia-priemyselne-parky-nahlad.png\",\"width\":247,\"height\":163},{\"@type\":\"WebPage\",\"@id\":\"https:\/\/geopresovregion.sk\/home\/en\/thematic-maps\/\",\"url\":\"https:\/\/geopresovregion.sk\/home\/en\/thematic-maps\/\",\"name\":\"Thematic maps and dashboards - Geoport\u00e1l Pre\u0161ovsk\u00e9ho kraja\",\"isPartOf\":{\"@id\":\"https:\/\/geopresovregion.sk\/home\/#website\"},\"primaryImageOfPage\":{\"@id\":\"https:\/\/geopresovregion.sk\/home\/en\/thematic-maps\/#primaryimage\"},\"datePublished\":\"2020-02-13T22:29:21+00:00\",\"dateModified\":\"2022-10-26T11:37:22+00:00\",\"breadcrumb\":{\"@id\":\"https:\/\/geopresovregion.sk\/home\/en\/thematic-maps\/#breadcrumb\"},\"inLanguage\":\"en-US\",\"potentialAction\":[{\"@type\":\"ReadAction\",\"target\":[\"https:\/\/geopresovregion.sk\/home\/en\/thematic-maps\/\"]}]},{\"@type\":\"BreadcrumbList\",\"@id\":\"https:\/\/geopresovregion.sk\/home\/en\/thematic-maps\/#breadcrumb\",\"itemListElement\":[{\"@type\":\"ListItem\",\"position\":1,\"name\":\"Home\",\"item\":\"https:\/\/geopresovregion.sk\/home\/\"},{\"@type\":\"ListItem\",\"position\":2,\"name\":\"Thematic maps and dashboards\"}]}]}<\/script>\n<!-- \/ Yoast SEO plugin. -->","yoast_head_json":{"title":"Thematic maps and dashboards - Geoport\u00e1l Pre\u0161ovsk\u00e9ho kraja","robots":{"index":"index","follow":"follow","max-snippet":"max-snippet:-1","max-image-preview":"max-image-preview:large","max-video-preview":"max-video-preview:-1"},"canonical":"https:\/\/geopresovregion.sk\/home\/en\/thematic-maps\/","og_locale":"en_US","og_type":"article","og_title":"Thematic maps and dashboards - Geoport\u00e1l Pre\u0161ovsk\u00e9ho kraja","og_description":"Thematic maps and dashboards provide information in a way that is as accessible and simple as possible in a simple, fast and comprehensible way. By combining layers and views through individual indicators, it is possible to bring the given thematic content closer to the user. Thematic maps People and work, Unemployment, people and business, Spatial [&hellip;]","og_url":"https:\/\/geopresovregion.sk\/home\/en\/thematic-maps\/","og_site_name":"Geoport\u00e1l Pre\u0161ovsk\u00e9ho kraja","article_modified_time":"2022-10-26T11:37:22+00:00","og_image":[{"url":"https:\/\/geopresovregion.sk\/home\/wp-content\/uploads\/2022\/10\/tematicka-aplikacia-priemyselne-parky-nahlad.png"}],"twitter_card":"summary_large_image","schema":{"@context":"https:\/\/schema.org","@graph":[{"@type":"WebSite","@id":"https:\/\/geopresovregion.sk\/home\/#website","url":"https:\/\/geopresovregion.sk\/home\/","name":"Geoport\u00e1l Pre\u0161ovsk\u00e9ho kraja","description":"Geoport\u00e1l Pre\u0161ovsk\u00e9ho kraja","potentialAction":[{"@type":"SearchAction","target":{"@type":"EntryPoint","urlTemplate":"https:\/\/geopresovregion.sk\/home\/?s={search_term_string}"},"query-input":"required name=search_term_string"}],"inLanguage":"en-US"},{"@type":"ImageObject","inLanguage":"en-US","@id":"https:\/\/geopresovregion.sk\/home\/en\/thematic-maps\/#primaryimage","url":"https:\/\/geopresovregion.sk\/home\/wp-content\/uploads\/2022\/10\/tematicka-aplikacia-priemyselne-parky-nahlad.png","contentUrl":"https:\/\/geopresovregion.sk\/home\/wp-content\/uploads\/2022\/10\/tematicka-aplikacia-priemyselne-parky-nahlad.png","width":247,"height":163},{"@type":"WebPage","@id":"https:\/\/geopresovregion.sk\/home\/en\/thematic-maps\/","url":"https:\/\/geopresovregion.sk\/home\/en\/thematic-maps\/","name":"Thematic maps and dashboards - Geoport\u00e1l Pre\u0161ovsk\u00e9ho kraja","isPartOf":{"@id":"https:\/\/geopresovregion.sk\/home\/#website"},"primaryImageOfPage":{"@id":"https:\/\/geopresovregion.sk\/home\/en\/thematic-maps\/#primaryimage"},"datePublished":"2020-02-13T22:29:21+00:00","dateModified":"2022-10-26T11:37:22+00:00","breadcrumb":{"@id":"https:\/\/geopresovregion.sk\/home\/en\/thematic-maps\/#breadcrumb"},"inLanguage":"en-US","potentialAction":[{"@type":"ReadAction","target":["https:\/\/geopresovregion.sk\/home\/en\/thematic-maps\/"]}]},{"@type":"BreadcrumbList","@id":"https:\/\/geopresovregion.sk\/home\/en\/thematic-maps\/#breadcrumb","itemListElement":[{"@type":"ListItem","position":1,"name":"Home","item":"https:\/\/geopresovregion.sk\/home\/"},{"@type":"ListItem","position":2,"name":"Thematic maps and dashboards"}]}]}},"_links":{"self":[{"href":"https:\/\/geopresovregion.sk\/home\/wp-json\/wp\/v2\/pages\/381"}],"collection":[{"href":"https:\/\/geopresovregion.sk\/home\/wp-json\/wp\/v2\/pages"}],"about":[{"href":"https:\/\/geopresovregion.sk\/home\/wp-json\/wp\/v2\/types\/page"}],"author":[{"embeddable":true,"href":"https:\/\/geopresovregion.sk\/home\/wp-json\/wp\/v2\/users\/1"}],"replies":[{"embeddable":true,"href":"https:\/\/geopresovregion.sk\/home\/wp-json\/wp\/v2\/comments?post=381"}],"version-history":[{"count":48,"href":"https:\/\/geopresovregion.sk\/home\/wp-json\/wp\/v2\/pages\/381\/revisions"}],"predecessor-version":[{"id":2353,"href":"https:\/\/geopresovregion.sk\/home\/wp-json\/wp\/v2\/pages\/381\/revisions\/2353"}],"wp:attachment":[{"href":"https:\/\/geopresovregion.sk\/home\/wp-json\/wp\/v2\/media?parent=381"}],"curies":[{"name":"wp","href":"https:\/\/api.w.org\/{rel}","templated":true}]}}