{"id":354,"date":"2020-02-13T21:32:22","date_gmt":"2020-02-13T21:32:22","guid":{"rendered":"https:\/\/geopresovregion.sk\/home\/?page_id=354"},"modified":"2020-04-15T11:25:14","modified_gmt":"2020-04-15T11:25:14","slug":"data-2","status":"publish","type":"page","link":"https:\/\/geopresovregion.sk\/home\/en\/data-2\/","title":{"rendered":"Data"},"content":{"rendered":"\n<p>Here you can find information about all available data sources that (primarily) touch the territory of the Pre\u0161ov Self-Governing Region. All data in structured form with descriptions are stored in the PSK Data Catalog.<\/p>\n\n\n\n<h2>Data sources<\/h2>\n\n\n\n<ul><li><a rel=\"noreferrer noopener\" aria-label=\"PSK Data Catalog (opens in a new tab)\" href=\"https:\/\/geopresovregion.sk\/geonetwork\/srv\/en\/catalog.search#\/search\" target=\"_blank\">PSK Data Catalog<\/a> &#8211; In the PSK metadata catalog , you will find datasets that directly affect the territory of a self-governing region. The data catalog includes the original data of the self-governing region as well as data that are collected at national level.<\/li><\/ul>\n","protected":false},"excerpt":{"rendered":"<p>Here you can find information about all available data sources that (primarily) touch the territory of the Pre\u0161ov Self-Governing Region. All data in structured form with descriptions are stored in the PSK Data Catalog. Data sources PSK Data Catalog &#8211; In the PSK metadata catalog , you will find datasets that directly affect the territory [&hellip;]<\/p>\n","protected":false},"author":1,"featured_media":0,"parent":0,"menu_order":0,"comment_status":"closed","ping_status":"closed","template":"","meta":{"cybocfi_hide_featured_image":""},"yoast_head":"<!-- This site is optimized with the Yoast SEO plugin v19.3 - https:\/\/yoast.com\/wordpress\/plugins\/seo\/ -->\n<title>Data - Geoport\u00e1l Pre\u0161ovsk\u00e9ho kraja<\/title>\n<meta name=\"robots\" content=\"index, follow, max-snippet:-1, max-image-preview:large, max-video-preview:-1\" \/>\n<link rel=\"canonical\" href=\"https:\/\/geopresovregion.sk\/home\/en\/data-2\/\" \/>\n<meta property=\"og:locale\" content=\"en_US\" \/>\n<meta property=\"og:type\" content=\"article\" \/>\n<meta property=\"og:title\" content=\"Data - Geoport\u00e1l Pre\u0161ovsk\u00e9ho kraja\" \/>\n<meta property=\"og:description\" content=\"Here you can find information about all available data sources that (primarily) touch the territory of the Pre\u0161ov Self-Governing Region. All data in structured form with descriptions are stored in the PSK Data Catalog. Data sources PSK Data Catalog &#8211; In the PSK metadata catalog , you will find datasets that directly affect the territory [&hellip;]\" \/>\n<meta property=\"og:url\" content=\"https:\/\/geopresovregion.sk\/home\/en\/data-2\/\" \/>\n<meta property=\"og:site_name\" content=\"Geoport\u00e1l Pre\u0161ovsk\u00e9ho kraja\" \/>\n<meta property=\"article:modified_time\" content=\"2020-04-15T11:25:14+00:00\" \/>\n<meta name=\"twitter:card\" content=\"summary_large_image\" \/>\n<script type=\"application\/ld+json\" class=\"yoast-schema-graph\">{\"@context\":\"https:\/\/schema.org\",\"@graph\":[{\"@type\":\"WebSite\",\"@id\":\"https:\/\/geopresovregion.sk\/home\/#website\",\"url\":\"https:\/\/geopresovregion.sk\/home\/\",\"name\":\"Geoport\u00e1l Pre\u0161ovsk\u00e9ho kraja\",\"description\":\"Geoport\u00e1l Pre\u0161ovsk\u00e9ho kraja\",\"potentialAction\":[{\"@type\":\"SearchAction\",\"target\":{\"@type\":\"EntryPoint\",\"urlTemplate\":\"https:\/\/geopresovregion.sk\/home\/?s={search_term_string}\"},\"query-input\":\"required name=search_term_string\"}],\"inLanguage\":\"en-US\"},{\"@type\":\"WebPage\",\"@id\":\"https:\/\/geopresovregion.sk\/home\/en\/data-2\/\",\"url\":\"https:\/\/geopresovregion.sk\/home\/en\/data-2\/\",\"name\":\"Data - Geoport\u00e1l Pre\u0161ovsk\u00e9ho kraja\",\"isPartOf\":{\"@id\":\"https:\/\/geopresovregion.sk\/home\/#website\"},\"datePublished\":\"2020-02-13T21:32:22+00:00\",\"dateModified\":\"2020-04-15T11:25:14+00:00\",\"breadcrumb\":{\"@id\":\"https:\/\/geopresovregion.sk\/home\/en\/data-2\/#breadcrumb\"},\"inLanguage\":\"en-US\",\"potentialAction\":[{\"@type\":\"ReadAction\",\"target\":[\"https:\/\/geopresovregion.sk\/home\/en\/data-2\/\"]}]},{\"@type\":\"BreadcrumbList\",\"@id\":\"https:\/\/geopresovregion.sk\/home\/en\/data-2\/#breadcrumb\",\"itemListElement\":[{\"@type\":\"ListItem\",\"position\":1,\"name\":\"Home\",\"item\":\"https:\/\/geopresovregion.sk\/home\/\"},{\"@type\":\"ListItem\",\"position\":2,\"name\":\"Data\"}]}]}<\/script>\n<!-- \/ Yoast SEO plugin. -->","yoast_head_json":{"title":"Data - Geoport\u00e1l Pre\u0161ovsk\u00e9ho kraja","robots":{"index":"index","follow":"follow","max-snippet":"max-snippet:-1","max-image-preview":"max-image-preview:large","max-video-preview":"max-video-preview:-1"},"canonical":"https:\/\/geopresovregion.sk\/home\/en\/data-2\/","og_locale":"en_US","og_type":"article","og_title":"Data - Geoport\u00e1l Pre\u0161ovsk\u00e9ho kraja","og_description":"Here you can find information about all available data sources that (primarily) touch the territory of the Pre\u0161ov Self-Governing Region. All data in structured form with descriptions are stored in the PSK Data Catalog. Data sources PSK Data Catalog &#8211; In the PSK metadata catalog , you will find datasets that directly affect the territory [&hellip;]","og_url":"https:\/\/geopresovregion.sk\/home\/en\/data-2\/","og_site_name":"Geoport\u00e1l Pre\u0161ovsk\u00e9ho kraja","article_modified_time":"2020-04-15T11:25:14+00:00","twitter_card":"summary_large_image","schema":{"@context":"https:\/\/schema.org","@graph":[{"@type":"WebSite","@id":"https:\/\/geopresovregion.sk\/home\/#website","url":"https:\/\/geopresovregion.sk\/home\/","name":"Geoport\u00e1l Pre\u0161ovsk\u00e9ho kraja","description":"Geoport\u00e1l Pre\u0161ovsk\u00e9ho kraja","potentialAction":[{"@type":"SearchAction","target":{"@type":"EntryPoint","urlTemplate":"https:\/\/geopresovregion.sk\/home\/?s={search_term_string}"},"query-input":"required name=search_term_string"}],"inLanguage":"en-US"},{"@type":"WebPage","@id":"https:\/\/geopresovregion.sk\/home\/en\/data-2\/","url":"https:\/\/geopresovregion.sk\/home\/en\/data-2\/","name":"Data - Geoport\u00e1l Pre\u0161ovsk\u00e9ho kraja","isPartOf":{"@id":"https:\/\/geopresovregion.sk\/home\/#website"},"datePublished":"2020-02-13T21:32:22+00:00","dateModified":"2020-04-15T11:25:14+00:00","breadcrumb":{"@id":"https:\/\/geopresovregion.sk\/home\/en\/data-2\/#breadcrumb"},"inLanguage":"en-US","potentialAction":[{"@type":"ReadAction","target":["https:\/\/geopresovregion.sk\/home\/en\/data-2\/"]}]},{"@type":"BreadcrumbList","@id":"https:\/\/geopresovregion.sk\/home\/en\/data-2\/#breadcrumb","itemListElement":[{"@type":"ListItem","position":1,"name":"Home","item":"https:\/\/geopresovregion.sk\/home\/"},{"@type":"ListItem","position":2,"name":"Data"}]}]}},"_links":{"self":[{"href":"https:\/\/geopresovregion.sk\/home\/wp-json\/wp\/v2\/pages\/354"}],"collection":[{"href":"https:\/\/geopresovregion.sk\/home\/wp-json\/wp\/v2\/pages"}],"about":[{"href":"https:\/\/geopresovregion.sk\/home\/wp-json\/wp\/v2\/types\/page"}],"author":[{"embeddable":true,"href":"https:\/\/geopresovregion.sk\/home\/wp-json\/wp\/v2\/users\/1"}],"replies":[{"embeddable":true,"href":"https:\/\/geopresovregion.sk\/home\/wp-json\/wp\/v2\/comments?post=354"}],"version-history":[{"count":3,"href":"https:\/\/geopresovregion.sk\/home\/wp-json\/wp\/v2\/pages\/354\/revisions"}],"predecessor-version":[{"id":1031,"href":"https:\/\/geopresovregion.sk\/home\/wp-json\/wp\/v2\/pages\/354\/revisions\/1031"}],"wp:attachment":[{"href":"https:\/\/geopresovregion.sk\/home\/wp-json\/wp\/v2\/media?parent=354"}],"curies":[{"name":"wp","href":"https:\/\/api.w.org\/{rel}","templated":true}]}}