{"id":352,"date":"2020-02-13T21:32:06","date_gmt":"2020-02-13T21:32:06","guid":{"rendered":"https:\/\/geopresovregion.sk\/home\/?page_id=352"},"modified":"2020-12-07T14:43:14","modified_gmt":"2020-12-07T14:43:14","slug":"tools","status":"publish","type":"page","link":"https:\/\/geopresovregion.sk\/home\/en\/tools\/","title":{"rendered":"Tools"},"content":{"rendered":"\n<p>The amount of data we are currently encountering has also generated a number of tools with which we try to process, interpret and understand this data.<\/p>\n\n\n\n<ul><li><strong>geoserver<\/strong> &#8211; <a rel=\"noreferrer noopener\" aria-label=\"GeoServer (opens in a new tab)\" href=\"https:\/\/geopresovregion.sk\/geoserver\/web\/wicket\/bookmarkable\/org.geoserver.web.demo.MapPreviewPage?0\" target=\"_blank\">GeoServer<\/a> &#8211; Basic tool for storing, sharing and rendering spatial data in the form of services (WMS, WMTS, WFS, CSW services) to which you can connect and consume the provided data. The services provided are standardized according to OGC standards.<\/li><li> <strong>map browser<\/strong> &#8211; <a rel=\"noreferrer noopener\" aria-label=\"Mapfishapp (opens in a new tab)\" href=\"https:\/\/geopresovregion.sk\/mapfishapp?lang=en\" target=\"_blank\">Mapfishapp<\/a> &#8211; Online map browser for viewing and analyzing spatial data. It allows you to add data from the <a rel=\"noreferrer noopener\" aria-label=\"PSK Data Catalog (opens in a new tab)\" href=\"https:\/\/geopresovregion.sk\/geonetwork\/srv\/en\/catalog.search#\/search?resultType=details&amp;sortBy=changeDate&amp;from=1&amp;to=20\" target=\"_blank\">PSK Data Catalog<\/a>, lay the individual data on top of one another, measure, compare, etc.<\/li><li> <strong>thematic maps and dashboards<\/strong> &#8211; <a rel=\"noreferrer noopener\" aria-label=\"Webmap applications (opens in a new tab)\" href=\"https:\/\/geopresovregion.sk\/home\/en\/thematic-maps\/\" target=\"_blank\">Webmap applications and dashboards<\/a> &#8211; The amount of data also gives us a number of views of how we can look at it. Thematic webmap applications and dashboards capture specific insights into the issue. Each webmap thematic application is based on resources from the PSK Data Catalog and seeks to provide a more comprehensive view of a specific issue.<\/li><\/ul>\n\n\n\n<p><\/p>\n","protected":false},"excerpt":{"rendered":"<p>The amount of data we are currently encountering has also generated a number of tools with which we try to process, interpret and understand this data. geoserver &#8211; GeoServer &#8211; Basic tool for storing, sharing and rendering spatial data in the form of services (WMS, WMTS, WFS, CSW services) to which you can connect and [&hellip;]<\/p>\n","protected":false},"author":1,"featured_media":0,"parent":0,"menu_order":0,"comment_status":"closed","ping_status":"closed","template":"","meta":{"cybocfi_hide_featured_image":""},"yoast_head":"<!-- This site is optimized with the Yoast SEO plugin v19.3 - https:\/\/yoast.com\/wordpress\/plugins\/seo\/ -->\n<title>Tools - Geoport\u00e1l Pre\u0161ovsk\u00e9ho kraja<\/title>\n<meta name=\"robots\" content=\"index, follow, max-snippet:-1, max-image-preview:large, max-video-preview:-1\" \/>\n<link rel=\"canonical\" href=\"https:\/\/geopresovregion.sk\/home\/en\/tools\/\" \/>\n<meta property=\"og:locale\" content=\"en_US\" \/>\n<meta property=\"og:type\" content=\"article\" \/>\n<meta property=\"og:title\" content=\"Tools - Geoport\u00e1l Pre\u0161ovsk\u00e9ho kraja\" \/>\n<meta property=\"og:description\" content=\"The amount of data we are currently encountering has also generated a number of tools with which we try to process, interpret and understand this data. geoserver &#8211; GeoServer &#8211; Basic tool for storing, sharing and rendering spatial data in the form of services (WMS, WMTS, WFS, CSW services) to which you can connect and [&hellip;]\" \/>\n<meta property=\"og:url\" content=\"https:\/\/geopresovregion.sk\/home\/en\/tools\/\" \/>\n<meta property=\"og:site_name\" content=\"Geoport\u00e1l Pre\u0161ovsk\u00e9ho kraja\" \/>\n<meta property=\"article:modified_time\" content=\"2020-12-07T14:43:14+00:00\" \/>\n<meta name=\"twitter:card\" content=\"summary_large_image\" \/>\n<script type=\"application\/ld+json\" class=\"yoast-schema-graph\">{\"@context\":\"https:\/\/schema.org\",\"@graph\":[{\"@type\":\"WebSite\",\"@id\":\"https:\/\/geopresovregion.sk\/home\/#website\",\"url\":\"https:\/\/geopresovregion.sk\/home\/\",\"name\":\"Geoport\u00e1l Pre\u0161ovsk\u00e9ho kraja\",\"description\":\"Geoport\u00e1l Pre\u0161ovsk\u00e9ho kraja\",\"potentialAction\":[{\"@type\":\"SearchAction\",\"target\":{\"@type\":\"EntryPoint\",\"urlTemplate\":\"https:\/\/geopresovregion.sk\/home\/?s={search_term_string}\"},\"query-input\":\"required name=search_term_string\"}],\"inLanguage\":\"en-US\"},{\"@type\":\"WebPage\",\"@id\":\"https:\/\/geopresovregion.sk\/home\/en\/tools\/\",\"url\":\"https:\/\/geopresovregion.sk\/home\/en\/tools\/\",\"name\":\"Tools - Geoport\u00e1l Pre\u0161ovsk\u00e9ho kraja\",\"isPartOf\":{\"@id\":\"https:\/\/geopresovregion.sk\/home\/#website\"},\"datePublished\":\"2020-02-13T21:32:06+00:00\",\"dateModified\":\"2020-12-07T14:43:14+00:00\",\"breadcrumb\":{\"@id\":\"https:\/\/geopresovregion.sk\/home\/en\/tools\/#breadcrumb\"},\"inLanguage\":\"en-US\",\"potentialAction\":[{\"@type\":\"ReadAction\",\"target\":[\"https:\/\/geopresovregion.sk\/home\/en\/tools\/\"]}]},{\"@type\":\"BreadcrumbList\",\"@id\":\"https:\/\/geopresovregion.sk\/home\/en\/tools\/#breadcrumb\",\"itemListElement\":[{\"@type\":\"ListItem\",\"position\":1,\"name\":\"Home\",\"item\":\"https:\/\/geopresovregion.sk\/home\/\"},{\"@type\":\"ListItem\",\"position\":2,\"name\":\"Tools\"}]}]}<\/script>\n<!-- \/ Yoast SEO plugin. -->","yoast_head_json":{"title":"Tools - Geoport\u00e1l Pre\u0161ovsk\u00e9ho kraja","robots":{"index":"index","follow":"follow","max-snippet":"max-snippet:-1","max-image-preview":"max-image-preview:large","max-video-preview":"max-video-preview:-1"},"canonical":"https:\/\/geopresovregion.sk\/home\/en\/tools\/","og_locale":"en_US","og_type":"article","og_title":"Tools - Geoport\u00e1l Pre\u0161ovsk\u00e9ho kraja","og_description":"The amount of data we are currently encountering has also generated a number of tools with which we try to process, interpret and understand this data. geoserver &#8211; GeoServer &#8211; Basic tool for storing, sharing and rendering spatial data in the form of services (WMS, WMTS, WFS, CSW services) to which you can connect and [&hellip;]","og_url":"https:\/\/geopresovregion.sk\/home\/en\/tools\/","og_site_name":"Geoport\u00e1l Pre\u0161ovsk\u00e9ho kraja","article_modified_time":"2020-12-07T14:43:14+00:00","twitter_card":"summary_large_image","schema":{"@context":"https:\/\/schema.org","@graph":[{"@type":"WebSite","@id":"https:\/\/geopresovregion.sk\/home\/#website","url":"https:\/\/geopresovregion.sk\/home\/","name":"Geoport\u00e1l Pre\u0161ovsk\u00e9ho kraja","description":"Geoport\u00e1l Pre\u0161ovsk\u00e9ho kraja","potentialAction":[{"@type":"SearchAction","target":{"@type":"EntryPoint","urlTemplate":"https:\/\/geopresovregion.sk\/home\/?s={search_term_string}"},"query-input":"required name=search_term_string"}],"inLanguage":"en-US"},{"@type":"WebPage","@id":"https:\/\/geopresovregion.sk\/home\/en\/tools\/","url":"https:\/\/geopresovregion.sk\/home\/en\/tools\/","name":"Tools - Geoport\u00e1l Pre\u0161ovsk\u00e9ho kraja","isPartOf":{"@id":"https:\/\/geopresovregion.sk\/home\/#website"},"datePublished":"2020-02-13T21:32:06+00:00","dateModified":"2020-12-07T14:43:14+00:00","breadcrumb":{"@id":"https:\/\/geopresovregion.sk\/home\/en\/tools\/#breadcrumb"},"inLanguage":"en-US","potentialAction":[{"@type":"ReadAction","target":["https:\/\/geopresovregion.sk\/home\/en\/tools\/"]}]},{"@type":"BreadcrumbList","@id":"https:\/\/geopresovregion.sk\/home\/en\/tools\/#breadcrumb","itemListElement":[{"@type":"ListItem","position":1,"name":"Home","item":"https:\/\/geopresovregion.sk\/home\/"},{"@type":"ListItem","position":2,"name":"Tools"}]}]}},"_links":{"self":[{"href":"https:\/\/geopresovregion.sk\/home\/wp-json\/wp\/v2\/pages\/352"}],"collection":[{"href":"https:\/\/geopresovregion.sk\/home\/wp-json\/wp\/v2\/pages"}],"about":[{"href":"https:\/\/geopresovregion.sk\/home\/wp-json\/wp\/v2\/types\/page"}],"author":[{"embeddable":true,"href":"https:\/\/geopresovregion.sk\/home\/wp-json\/wp\/v2\/users\/1"}],"replies":[{"embeddable":true,"href":"https:\/\/geopresovregion.sk\/home\/wp-json\/wp\/v2\/comments?post=352"}],"version-history":[{"count":10,"href":"https:\/\/geopresovregion.sk\/home\/wp-json\/wp\/v2\/pages\/352\/revisions"}],"predecessor-version":[{"id":1775,"href":"https:\/\/geopresovregion.sk\/home\/wp-json\/wp\/v2\/pages\/352\/revisions\/1775"}],"wp:attachment":[{"href":"https:\/\/geopresovregion.sk\/home\/wp-json\/wp\/v2\/media?parent=352"}],"curies":[{"name":"wp","href":"https:\/\/api.w.org\/{rel}","templated":true}]}}