{"id":343,"date":"2020-02-13T21:24:16","date_gmt":"2020-02-13T21:24:16","guid":{"rendered":"https:\/\/geopresovregion.sk\/home\/?page_id=343"},"modified":"2020-04-15T12:38:56","modified_gmt":"2020-04-15T12:38:56","slug":"legals","status":"publish","type":"page","link":"https:\/\/geopresovregion.sk\/home\/en\/legals\/","title":{"rendered":"Legals"},"content":{"rendered":"\n<p><strong>Licenses and terms of use<\/strong><\/p>\n\n\n\n<p>Licenses and terms of use of the Spatial Data Infrastructure of Pre\u0161ov Region are divided into the following sections:<\/p>\n\n\n\n<p><strong>Licenses and terms of use for geopresovregion.sk website<\/strong><\/p>\n\n\n\n<p>Per default, content of the website (text, picture, etc.) is available under the Creative Commons Attribution License 4.0 CC-BY. Contents under specific license or terms of use are listed at the end of their pages.<\/p>\n\n\n\n<p><strong>Terms of use for geOrchestra<\/strong><\/p>\n\n\n\n<p>geOrchestra is a free, modular and interoperable Spatial Data Infrastructure software solution that meets INSPIRE requirements in Europe.<\/p>\n\n\n\n<p>All geOrchestra modules are licensed under the GNU GPL v3 license except:<br><em>JASIG CAS<\/em> &#8211; <a href=\"https:\/\/github.com\/Jasig\/cas\/blob\/master\/LICENSE\">Apache License, verzia 2.0<\/a>,<br><em>GeoNetwork &amp; GeoServer<\/em> &#8211; <a href=\"http:\/\/www.gnu.org\/licenses\/gpl-2.0.html\">GPL v2<\/a>,<br><em>GeoWebCache<\/em> &#8211; <a href=\"http:\/\/www.gnu.org\/licenses\/lgpl.html\">LGPL<\/a>.<\/p>\n\n\n\n<p>Major libraries use a combination of Open Source licenses:<br><em>GeoTools<\/em> &#8211; <a href=\"http:\/\/www.gnu.org\/licenses\/lgpl.html\">LGPL<\/a>,<br><em>OpenLayers &amp; GeoExt<\/em> &#8211; \u0161t\u00fdl BSD,<br><em>ExtJS<\/em> &#8211; <a href=\"https:\/\/github.com\/probonogeek\/extjs\/blob\/3.x\/license.txt\">GPL v3<\/a>,<br><em>proj4js<\/em> &#8211; <a href=\"https:\/\/github.com\/proj4js\/proj4js\/blob\/master\/LICENSE.md\">MIT<\/a>.<\/p>\n\n\n\n<p><strong>License and terms of use for metadata and data<\/strong><\/p>\n\n\n\n<p>The obligation related to metadata and data are based on:<\/p>\n\n\n\n<ul><li>Act no. 618\/2003 on copyright and copyright related rights (copyright law), under which it is necessary to protect the rights and legitimate interests of the author through a license agreement.<\/li><li>Decree 55\/2014 Coll., According to which the data must be provided in an open manner allowing for free re-use of information with legal support.<\/li><li>Act no. 211\/2000 on Free Access to Information and on Amendments to Certain Laws (Freedom of Information Act) \u00a75a \u00a721, which defines the mandatory disclosure of information not subject to copyright law as well as other information reusing information.<\/li><li>Act no. 3\/2010 Z.z. on National Infrastructure for Spatial Information, which defines in Section 3 1a a higher territorial unit as a mandatory person in the area of \u200b\u200bensuring the availability of spatial data and metadata \u00a74 and \u00a75.<\/li><\/ul>\n\n\n\n<p>All data and metadata provided through geopresovregion.sk have their own license with a majority under Creative Commons Attribution License 4.0 CC0 and CC-BY licenses. For details on license, please refer to the data itself.<br><\/p>\n\n\n\n<p>If the author of the data is the PSK, data should be under Creative Commons Attribution License 4.0 CC0.<\/p>\n\n\n\n<p><strong>Content Manager and Technical Manager<\/strong><\/p>\n\n\n\n<p>The content manager and technical manager of geopresovregion.sk website is:<\/p>\n\n\n\n<p>Pre\u0161ovsk\u00fd samospr\u00e1vny kraj<br>Odbor Informa\u010dno-komunika\u010dn\u00fdch technol\u00f3gi\u00ed,<br>Oddelenie priestorov\u00fdch inform\u00e1ci\u00ed<br>N\u00e1mestie mieru 2<br>080 01 Pre\u0161ov<br><\/p>\n\n\n\n<p>Questions about content, technical issues and functionality can be sent to: webmaster (at) vucpo.sk; webmaster (at) geopresovregion.sk or contact us on +421 51 7081 137 (Hud\u00e1k)<\/p>\n\n\n\n<p><strong>Accessibility<\/strong><\/p>\n\n\n\n<p>Platforms for Regional Infrastructure of Spatial Information of Pre\u0161ov Region (geopresovregion.sk) is in the process of testing accessibility according to Act No. 95\/2019 Z.z. on Information Technologies in Public Administration and Decree no. 55\/2014 Coll. on standards for public administration information systems as amended.<br><\/p>\n\n\n\n<p><strong>GDPR<\/strong><\/p>\n\n\n\n<p>Privacy Officer:<br>Mgr. So\u0148a Slovjakov\u00e1, e-mail: sona.slovjakova@vucpo.sk<\/p>\n\n\n\n<p>Principles of processing personal data of individuals in Pre\u0161ov region:<br><a href=\"https:\/\/www.po-kraj.sk\/files\/dokumenty-psk\/legislativa\/zasady-spracuvania-osobnych-udajov-text.pdf\">Download Privacy Policy<\/a> (2.25 MB)<br><a href=\"https:\/\/www.po-kraj.sk\/files\/dokumenty-psk\/legislativa\/zasady-spracuvania-osobnych-udajov-fo-dodatok.pdf\">Appendix 1 to the Principles<\/a> (70.3 kB)<\/p>\n\n\n\n<p><strong>Cookies<\/strong><\/p>\n\n\n\n<p>This website uses cookies. By browsing the website, you agree with their use. We use cookies to create the most secure and effective website for our users.<\/p>\n","protected":false},"excerpt":{"rendered":"<p>Licenses and terms of use Licenses and terms of use of the Spatial Data Infrastructure of Pre\u0161ov Region are divided into the following sections: Licenses and terms of use for geopresovregion.sk website Per default, content of the website (text, picture, etc.) is available under the Creative Commons Attribution License 4.0 CC-BY. Contents under specific license [&hellip;]<\/p>\n","protected":false},"author":1,"featured_media":0,"parent":0,"menu_order":0,"comment_status":"closed","ping_status":"closed","template":"","meta":{"cybocfi_hide_featured_image":""},"yoast_head":"<!-- This site is optimized with the Yoast SEO plugin v19.3 - https:\/\/yoast.com\/wordpress\/plugins\/seo\/ -->\n<title>Legals - Geoport\u00e1l Pre\u0161ovsk\u00e9ho kraja<\/title>\n<meta name=\"robots\" content=\"index, follow, max-snippet:-1, max-image-preview:large, max-video-preview:-1\" \/>\n<link rel=\"canonical\" href=\"https:\/\/geopresovregion.sk\/home\/en\/legals\/\" \/>\n<meta property=\"og:locale\" content=\"en_US\" \/>\n<meta property=\"og:type\" content=\"article\" \/>\n<meta property=\"og:title\" content=\"Legals - Geoport\u00e1l Pre\u0161ovsk\u00e9ho kraja\" \/>\n<meta property=\"og:description\" content=\"Licenses and terms of use Licenses and terms of use of the Spatial Data Infrastructure of Pre\u0161ov Region are divided into the following sections: Licenses and terms of use for geopresovregion.sk website Per default, content of the website (text, picture, etc.) is available under the Creative Commons Attribution License 4.0 CC-BY. Contents under specific license [&hellip;]\" \/>\n<meta property=\"og:url\" content=\"https:\/\/geopresovregion.sk\/home\/en\/legals\/\" \/>\n<meta property=\"og:site_name\" content=\"Geoport\u00e1l Pre\u0161ovsk\u00e9ho kraja\" \/>\n<meta property=\"article:modified_time\" content=\"2020-04-15T12:38:56+00:00\" \/>\n<meta name=\"twitter:card\" content=\"summary_large_image\" \/>\n<script type=\"application\/ld+json\" class=\"yoast-schema-graph\">{\"@context\":\"https:\/\/schema.org\",\"@graph\":[{\"@type\":\"WebSite\",\"@id\":\"https:\/\/geopresovregion.sk\/home\/#website\",\"url\":\"https:\/\/geopresovregion.sk\/home\/\",\"name\":\"Geoport\u00e1l Pre\u0161ovsk\u00e9ho kraja\",\"description\":\"Geoport\u00e1l Pre\u0161ovsk\u00e9ho kraja\",\"potentialAction\":[{\"@type\":\"SearchAction\",\"target\":{\"@type\":\"EntryPoint\",\"urlTemplate\":\"https:\/\/geopresovregion.sk\/home\/?s={search_term_string}\"},\"query-input\":\"required name=search_term_string\"}],\"inLanguage\":\"en-US\"},{\"@type\":\"WebPage\",\"@id\":\"https:\/\/geopresovregion.sk\/home\/en\/legals\/\",\"url\":\"https:\/\/geopresovregion.sk\/home\/en\/legals\/\",\"name\":\"Legals - Geoport\u00e1l Pre\u0161ovsk\u00e9ho kraja\",\"isPartOf\":{\"@id\":\"https:\/\/geopresovregion.sk\/home\/#website\"},\"datePublished\":\"2020-02-13T21:24:16+00:00\",\"dateModified\":\"2020-04-15T12:38:56+00:00\",\"breadcrumb\":{\"@id\":\"https:\/\/geopresovregion.sk\/home\/en\/legals\/#breadcrumb\"},\"inLanguage\":\"en-US\",\"potentialAction\":[{\"@type\":\"ReadAction\",\"target\":[\"https:\/\/geopresovregion.sk\/home\/en\/legals\/\"]}]},{\"@type\":\"BreadcrumbList\",\"@id\":\"https:\/\/geopresovregion.sk\/home\/en\/legals\/#breadcrumb\",\"itemListElement\":[{\"@type\":\"ListItem\",\"position\":1,\"name\":\"Home\",\"item\":\"https:\/\/geopresovregion.sk\/home\/\"},{\"@type\":\"ListItem\",\"position\":2,\"name\":\"Legals\"}]}]}<\/script>\n<!-- \/ Yoast SEO plugin. -->","yoast_head_json":{"title":"Legals - Geoport\u00e1l Pre\u0161ovsk\u00e9ho kraja","robots":{"index":"index","follow":"follow","max-snippet":"max-snippet:-1","max-image-preview":"max-image-preview:large","max-video-preview":"max-video-preview:-1"},"canonical":"https:\/\/geopresovregion.sk\/home\/en\/legals\/","og_locale":"en_US","og_type":"article","og_title":"Legals - Geoport\u00e1l Pre\u0161ovsk\u00e9ho kraja","og_description":"Licenses and terms of use Licenses and terms of use of the Spatial Data Infrastructure of Pre\u0161ov Region are divided into the following sections: Licenses and terms of use for geopresovregion.sk website Per default, content of the website (text, picture, etc.) is available under the Creative Commons Attribution License 4.0 CC-BY. Contents under specific license [&hellip;]","og_url":"https:\/\/geopresovregion.sk\/home\/en\/legals\/","og_site_name":"Geoport\u00e1l Pre\u0161ovsk\u00e9ho kraja","article_modified_time":"2020-04-15T12:38:56+00:00","twitter_card":"summary_large_image","schema":{"@context":"https:\/\/schema.org","@graph":[{"@type":"WebSite","@id":"https:\/\/geopresovregion.sk\/home\/#website","url":"https:\/\/geopresovregion.sk\/home\/","name":"Geoport\u00e1l Pre\u0161ovsk\u00e9ho kraja","description":"Geoport\u00e1l Pre\u0161ovsk\u00e9ho kraja","potentialAction":[{"@type":"SearchAction","target":{"@type":"EntryPoint","urlTemplate":"https:\/\/geopresovregion.sk\/home\/?s={search_term_string}"},"query-input":"required name=search_term_string"}],"inLanguage":"en-US"},{"@type":"WebPage","@id":"https:\/\/geopresovregion.sk\/home\/en\/legals\/","url":"https:\/\/geopresovregion.sk\/home\/en\/legals\/","name":"Legals - Geoport\u00e1l Pre\u0161ovsk\u00e9ho kraja","isPartOf":{"@id":"https:\/\/geopresovregion.sk\/home\/#website"},"datePublished":"2020-02-13T21:24:16+00:00","dateModified":"2020-04-15T12:38:56+00:00","breadcrumb":{"@id":"https:\/\/geopresovregion.sk\/home\/en\/legals\/#breadcrumb"},"inLanguage":"en-US","potentialAction":[{"@type":"ReadAction","target":["https:\/\/geopresovregion.sk\/home\/en\/legals\/"]}]},{"@type":"BreadcrumbList","@id":"https:\/\/geopresovregion.sk\/home\/en\/legals\/#breadcrumb","itemListElement":[{"@type":"ListItem","position":1,"name":"Home","item":"https:\/\/geopresovregion.sk\/home\/"},{"@type":"ListItem","position":2,"name":"Legals"}]}]}},"_links":{"self":[{"href":"https:\/\/geopresovregion.sk\/home\/wp-json\/wp\/v2\/pages\/343"}],"collection":[{"href":"https:\/\/geopresovregion.sk\/home\/wp-json\/wp\/v2\/pages"}],"about":[{"href":"https:\/\/geopresovregion.sk\/home\/wp-json\/wp\/v2\/types\/page"}],"author":[{"embeddable":true,"href":"https:\/\/geopresovregion.sk\/home\/wp-json\/wp\/v2\/users\/1"}],"replies":[{"embeddable":true,"href":"https:\/\/geopresovregion.sk\/home\/wp-json\/wp\/v2\/comments?post=343"}],"version-history":[{"count":8,"href":"https:\/\/geopresovregion.sk\/home\/wp-json\/wp\/v2\/pages\/343\/revisions"}],"predecessor-version":[{"id":1097,"href":"https:\/\/geopresovregion.sk\/home\/wp-json\/wp\/v2\/pages\/343\/revisions\/1097"}],"wp:attachment":[{"href":"https:\/\/geopresovregion.sk\/home\/wp-json\/wp\/v2\/media?parent=343"}],"curies":[{"name":"wp","href":"https:\/\/api.w.org\/{rel}","templated":true}]}}