{"id":337,"date":"2020-02-13T21:21:58","date_gmt":"2020-02-13T21:21:58","guid":{"rendered":"https:\/\/geopresovregion.sk\/home\/?page_id=337"},"modified":"2020-02-13T21:23:11","modified_gmt":"2020-02-13T21:23:11","slug":"articles","status":"publish","type":"page","link":"https:\/\/geopresovregion.sk\/home\/en\/articles\/","title":{"rendered":"Articles"},"content":{"rendered":"<div class=\"pt-cv-wrapper\"><div class=\"pt-cv-view pt-cv-grid pt-cv-colsys\" id=\"pt-cv-view-6bfb9283zq\"><div data-id=\"pt-cv-page-1\" class=\"pt-cv-page\" data-cvc=\"3\"><div class=\"col-md-4 col-sm-6 col-xs-12 pt-cv-content-item pt-cv-1-col\" ><div class='pt-cv-ifield'><a href=\"https:\/\/geopresovregion.sk\/home\/2023\/06\/30\/prehlad-kvality-mostov-v-presovskom-kraji-v-rokoch-2022-a-2023\/\" class=\"_self pt-cv-href-thumbnail pt-cv-thumb-default\" target=\"_self\" ><img width=\"720\" height=\"480\" src=\"https:\/\/geopresovregion.sk\/home\/wp-content\/uploads\/2023\/06\/mosty_720x480.png\" class=\"pt-cv-thumbnail\" alt=\"\" loading=\"lazy\" srcset=\"https:\/\/geopresovregion.sk\/home\/wp-content\/uploads\/2023\/06\/mosty_720x480.png 720w, https:\/\/geopresovregion.sk\/home\/wp-content\/uploads\/2023\/06\/mosty_720x480-300x200.png 300w, https:\/\/geopresovregion.sk\/home\/wp-content\/uploads\/2023\/06\/mosty_720x480-272x182.png 272w\" sizes=\"(max-width: 720px) 100vw, 720px\" \/><\/a>\n<h4 class=\"pt-cv-title\"><a href=\"https:\/\/geopresovregion.sk\/home\/2023\/06\/30\/prehlad-kvality-mostov-v-presovskom-kraji-v-rokoch-2022-a-2023\/\" class=\"_self\" target=\"_self\" >Preh\u013ead kvality mostov v Pre\u0161ovskom kraji v rokoch 2022 a 2023<\/a><\/h4>\n<div class=\"pt-cv-content\">Slovensk\u00e1 spr\u00e1va ciest (SSC) u\u017e dlh\u0161iu dobu poskytuje viacer\u00e9 kvalitn\u00e9 otvoren\u00e9 d\u00e1ta prostredn\u00edctvom svojej cestnej databanky. V\u010faka tomu bolo mo\u017en\u00e9 ...<br \/><a href=\"https:\/\/geopresovregion.sk\/home\/2023\/06\/30\/prehlad-kvality-mostov-v-presovskom-kraji-v-rokoch-2022-a-2023\/\" class=\"_self pt-cv-readmore btn btn-success\" target=\"_self\">Read More<\/a><\/div><\/div><\/div>\n<div class=\"col-md-4 col-sm-6 col-xs-12 pt-cv-content-item pt-cv-1-col\" ><div class='pt-cv-ifield'><a href=\"https:\/\/geopresovregion.sk\/home\/2022\/11\/21\/volby-v-presovskom-kraji\/\" class=\"_self pt-cv-href-thumbnail pt-cv-thumb-default\" target=\"_self\" ><img width=\"1228\" height=\"812\" src=\"https:\/\/geopresovregion.sk\/home\/wp-content\/uploads\/2022\/11\/volebna-appka-nahlad-1.png\" class=\"pt-cv-thumbnail\" alt=\"\" loading=\"lazy\" srcset=\"https:\/\/geopresovregion.sk\/home\/wp-content\/uploads\/2022\/11\/volebna-appka-nahlad-1.png 1228w, https:\/\/geopresovregion.sk\/home\/wp-content\/uploads\/2022\/11\/volebna-appka-nahlad-1-300x198.png 300w, https:\/\/geopresovregion.sk\/home\/wp-content\/uploads\/2022\/11\/volebna-appka-nahlad-1-1024x677.png 1024w, https:\/\/geopresovregion.sk\/home\/wp-content\/uploads\/2022\/11\/volebna-appka-nahlad-1-768x508.png 768w, https:\/\/geopresovregion.sk\/home\/wp-content\/uploads\/2022\/11\/volebna-appka-nahlad-1-247x163.png 247w, https:\/\/geopresovregion.sk\/home\/wp-content\/uploads\/2022\/11\/volebna-appka-nahlad-1-354x234.png 354w\" sizes=\"(max-width: 1228px) 100vw, 1228px\" \/><\/a>\n<h4 class=\"pt-cv-title\"><a href=\"https:\/\/geopresovregion.sk\/home\/2022\/11\/21\/volby-v-presovskom-kraji\/\" class=\"_self\" target=\"_self\" >Vo\u013eby v Pre\u0161ovskom kraji<\/a><\/h4>\n<div class=\"pt-cv-content\">Vo\u013eby s\u00fa pravidelne sa opakuj\u00faci proces, ktor\u00fdm sa v demokratick\u00fdch krajin\u00e1ch obsadzuj\u00fa verejn\u00e9 funkcie. Vo vo\u013eb\u00e1ch si ob\u010dania vyberaj\u00fa politick\u00fdch ...<br \/><a href=\"https:\/\/geopresovregion.sk\/home\/2022\/11\/21\/volby-v-presovskom-kraji\/\" class=\"_self pt-cv-readmore btn btn-success\" target=\"_self\">Read More<\/a><\/div><\/div><\/div>\n<div class=\"col-md-4 col-sm-6 col-xs-12 pt-cv-content-item pt-cv-1-col\" ><div class='pt-cv-ifield'><a href=\"https:\/\/geopresovregion.sk\/home\/2022\/10\/10\/priemyselne-parky-a-investicny-potencial-presovskeho-kraja\/\" class=\"_self pt-cv-href-thumbnail pt-cv-thumb-default\" target=\"_self\" ><img width=\"640\" height=\"480\" src=\"https:\/\/geopresovregion.sk\/home\/wp-content\/uploads\/2022\/10\/propagacne-materialy-priemyselne-parky-psk.png\" class=\"pt-cv-thumbnail\" alt=\"\" loading=\"lazy\" srcset=\"https:\/\/geopresovregion.sk\/home\/wp-content\/uploads\/2022\/10\/propagacne-materialy-priemyselne-parky-psk.png 640w, https:\/\/geopresovregion.sk\/home\/wp-content\/uploads\/2022\/10\/propagacne-materialy-priemyselne-parky-psk-300x225.png 300w\" sizes=\"(max-width: 640px) 100vw, 640px\" \/><\/a>\n<h4 class=\"pt-cv-title\"><a href=\"https:\/\/geopresovregion.sk\/home\/2022\/10\/10\/priemyselne-parky-a-investicny-potencial-presovskeho-kraja\/\" class=\"_self\" target=\"_self\" >Priemyseln\u00e9 parky a investi\u010dn\u00fd potenci\u00e1l Pre\u0161ovsk\u00e9ho kraja<\/a><\/h4>\n<div class=\"pt-cv-content\">D\u0148a 29.9.2022 sa v priestoroch \u00daradu PSK uskuto\u010dnila SMART konferencia, ako s\u00fa\u010das\u0165 aktivity \u010d. J.1.1. VZDEL\u00c1VANIE ZAMESTNANCOV v r\u00e1mci projektu ...<br \/><a href=\"https:\/\/geopresovregion.sk\/home\/2022\/10\/10\/priemyselne-parky-a-investicny-potencial-presovskeho-kraja\/\" class=\"_self pt-cv-readmore btn btn-success\" target=\"_self\">Read More<\/a><\/div><\/div><\/div>\n<div class=\"col-md-4 col-sm-6 col-xs-12 pt-cv-content-item pt-cv-1-col\" ><div class='pt-cv-ifield'><a href=\"https:\/\/geopresovregion.sk\/home\/2021\/11\/23\/skolenia-pre-samospravu-otvorene-data-datova-gramotnost-praca-s-geodatami-a-priestorovymi-udajmi-v-geoportaloch\/\" class=\"_self pt-cv-href-thumbnail pt-cv-thumb-default\" target=\"_self\" ><img width=\"720\" height=\"480\" src=\"https:\/\/geopresovregion.sk\/home\/wp-content\/uploads\/2021\/11\/mapa2.jpg\" class=\"pt-cv-thumbnail\" alt=\"\" loading=\"lazy\" srcset=\"https:\/\/geopresovregion.sk\/home\/wp-content\/uploads\/2021\/11\/mapa2.jpg 720w, https:\/\/geopresovregion.sk\/home\/wp-content\/uploads\/2021\/11\/mapa2-300x200.jpg 300w, https:\/\/geopresovregion.sk\/home\/wp-content\/uploads\/2021\/11\/mapa2-272x182.jpg 272w\" sizes=\"(max-width: 720px) 100vw, 720px\" \/><\/a>\n<h4 class=\"pt-cv-title\"><a href=\"https:\/\/geopresovregion.sk\/home\/2021\/11\/23\/skolenia-pre-samospravu-otvorene-data-datova-gramotnost-praca-s-geodatami-a-priestorovymi-udajmi-v-geoportaloch\/\" class=\"_self\" target=\"_self\" >\u0160kolenia pre samospr\u00e1vu: Otvoren\u00e9 d\u00e1ta, D\u00e1tov\u00e1 gramotnos\u0165, Pr\u00e1ca s geod\u00e1tami a priestorov\u00fdmi \u00fadajmi v geoport\u00e1loch<\/a><\/h4>\n<div class=\"pt-cv-content\">Pre\u0161ovsk\u00fd samospr\u00e1vny kraj (PSK), Odbor strategick\u00e9ho rozvoja \u00daradu PSK, sa vy\u0161e roka intenz\u00edvne venuje pr\u00edprave nov\u00e9ho programov\u00e9ho obdobia. Do procesu ...<br \/><a href=\"https:\/\/geopresovregion.sk\/home\/2021\/11\/23\/skolenia-pre-samospravu-otvorene-data-datova-gramotnost-praca-s-geodatami-a-priestorovymi-udajmi-v-geoportaloch\/\" class=\"_self pt-cv-readmore btn btn-success\" target=\"_self\">Read More<\/a><\/div><\/div><\/div>\n<div class=\"col-md-4 col-sm-6 col-xs-12 pt-cv-content-item pt-cv-1-col\" ><div class='pt-cv-ifield'><a href=\"https:\/\/geopresovregion.sk\/home\/2021\/09\/20\/projektove-zamery-miest-a-obci\/\" class=\"_self pt-cv-href-thumbnail pt-cv-thumb-default\" target=\"_self\" ><img width=\"720\" height=\"480\" src=\"https:\/\/geopresovregion.sk\/home\/wp-content\/uploads\/2021\/09\/f_projektove_zamery.jpg\" class=\"pt-cv-thumbnail\" alt=\"\" loading=\"lazy\" srcset=\"https:\/\/geopresovregion.sk\/home\/wp-content\/uploads\/2021\/09\/f_projektove_zamery.jpg 720w, https:\/\/geopresovregion.sk\/home\/wp-content\/uploads\/2021\/09\/f_projektove_zamery-300x200.jpg 300w, https:\/\/geopresovregion.sk\/home\/wp-content\/uploads\/2021\/09\/f_projektove_zamery-272x182.jpg 272w\" sizes=\"(max-width: 720px) 100vw, 720px\" \/><\/a>\n<h4 class=\"pt-cv-title\"><a href=\"https:\/\/geopresovregion.sk\/home\/2021\/09\/20\/projektove-zamery-miest-a-obci\/\" class=\"_self\" target=\"_self\" >Projektov\u00e9 z\u00e1mery miest a obc\u00ed &#8211; Programov\u00e9 obdobie 2021-2027<\/a><\/h4>\n<div class=\"pt-cv-content\">In\u0161tit\u00fat rozvoja pod Odborom strategick\u00e9ho rozvoja Pre\u0161ovsk\u00e9ho samospr\u00e1vneho kraja (PSK) vyu\u017e\u00edva (nielen) pri pr\u00edprave nov\u00e9ho programov\u00e9ho obdobia modern\u00e9 n\u00e1stroje pre ...<br \/><a href=\"https:\/\/geopresovregion.sk\/home\/2021\/09\/20\/projektove-zamery-miest-a-obci\/\" class=\"_self pt-cv-readmore btn btn-success\" target=\"_self\">Read More<\/a><\/div><\/div><\/div>\n<div class=\"col-md-4 col-sm-6 col-xs-12 pt-cv-content-item pt-cv-1-col\" ><div class='pt-cv-ifield'><a href=\"https:\/\/geopresovregion.sk\/home\/2021\/08\/25\/analyza-dostupnosti-zastavok-primestskej-autobusovej-dopravy-k-zastavkam-zeleznicnej-dopravy\/\" class=\"_self pt-cv-href-thumbnail pt-cv-thumb-default\" target=\"_self\" ><img width=\"720\" height=\"482\" src=\"https:\/\/geopresovregion.sk\/home\/wp-content\/uploads\/2021\/08\/mapa_analyz2_featured.jpg\" class=\"pt-cv-thumbnail\" alt=\"\" loading=\"lazy\" srcset=\"https:\/\/geopresovregion.sk\/home\/wp-content\/uploads\/2021\/08\/mapa_analyz2_featured.jpg 720w, https:\/\/geopresovregion.sk\/home\/wp-content\/uploads\/2021\/08\/mapa_analyz2_featured-300x201.jpg 300w, https:\/\/geopresovregion.sk\/home\/wp-content\/uploads\/2021\/08\/mapa_analyz2_featured-272x182.jpg 272w\" sizes=\"(max-width: 720px) 100vw, 720px\" \/><\/a>\n<h4 class=\"pt-cv-title\"><a href=\"https:\/\/geopresovregion.sk\/home\/2021\/08\/25\/analyza-dostupnosti-zastavok-primestskej-autobusovej-dopravy-k-zastavkam-zeleznicnej-dopravy\/\" class=\"_self\" target=\"_self\" >Anal\u00fdza dostupnosti zast\u00e1vok pr\u00edmestskej autobusovej dopravy k zast\u00e1vkam \u017eelezni\u010dnej dopravy<\/a><\/h4>\n<div class=\"pt-cv-content\">Na z\u00e1klade spolupr\u00e1ce medzi Pre\u0161ovsk\u00fdm samospr\u00e1vnym krajom a Pre\u0161ovskou univerzitou bola v r\u00e1mci diplomovej pr\u00e1ce \u0161tudenta odboru geografie a aplikovanej ...<br \/><a href=\"https:\/\/geopresovregion.sk\/home\/2021\/08\/25\/analyza-dostupnosti-zastavok-primestskej-autobusovej-dopravy-k-zastavkam-zeleznicnej-dopravy\/\" class=\"_self pt-cv-readmore btn btn-success\" target=\"_self\">Read More<\/a><\/div><\/div><\/div>\n<div class=\"col-md-4 col-sm-6 col-xs-12 pt-cv-content-item pt-cv-1-col\" ><div class='pt-cv-ifield'><a href=\"https:\/\/geopresovregion.sk\/home\/2021\/08\/11\/prehlad-zaockovanosti-podla-miest-obci-okresov-a-krajov\/\" class=\"_self pt-cv-href-thumbnail pt-cv-thumb-default\" target=\"_self\" ><img width=\"938\" height=\"626\" src=\"https:\/\/geopresovregion.sk\/home\/wp-content\/uploads\/2021\/08\/zaockovanost_sr_dashboard_720.jpg\" class=\"pt-cv-thumbnail\" alt=\"\" loading=\"lazy\" srcset=\"https:\/\/geopresovregion.sk\/home\/wp-content\/uploads\/2021\/08\/zaockovanost_sr_dashboard_720.jpg 938w, https:\/\/geopresovregion.sk\/home\/wp-content\/uploads\/2021\/08\/zaockovanost_sr_dashboard_720-300x200.jpg 300w, https:\/\/geopresovregion.sk\/home\/wp-content\/uploads\/2021\/08\/zaockovanost_sr_dashboard_720-768x513.jpg 768w, https:\/\/geopresovregion.sk\/home\/wp-content\/uploads\/2021\/08\/zaockovanost_sr_dashboard_720-720x480.jpg 720w, https:\/\/geopresovregion.sk\/home\/wp-content\/uploads\/2021\/08\/zaockovanost_sr_dashboard_720-272x182.jpg 272w\" sizes=\"(max-width: 938px) 100vw, 938px\" \/><\/a>\n<h4 class=\"pt-cv-title\"><a href=\"https:\/\/geopresovregion.sk\/home\/2021\/08\/11\/prehlad-zaockovanosti-podla-miest-obci-okresov-a-krajov\/\" class=\"_self\" target=\"_self\" >Preh\u013ead zao\u010dkovanosti pod\u013ea miest\/obc\u00ed, okresov a krajov<\/a><\/h4>\n<div class=\"pt-cv-content\">D\u00e1vame v\u00e1m do pozornosti dashboard Preh\u013ead o zao\u010dkovanosti pod\u013ea jednotliv\u00fdch miest a\u00a0obc\u00ed, ktor\u00fd vznikol v\u00a0spolupr\u00e1ci \u00danie miest Slovenska a Banskobystrick\u00e9ho ...<br \/><a href=\"https:\/\/geopresovregion.sk\/home\/2021\/08\/11\/prehlad-zaockovanosti-podla-miest-obci-okresov-a-krajov\/\" class=\"_self pt-cv-readmore btn btn-success\" target=\"_self\">Read More<\/a><\/div><\/div><\/div>\n<div class=\"col-md-4 col-sm-6 col-xs-12 pt-cv-content-item pt-cv-1-col\" ><div class='pt-cv-ifield'><a href=\"https:\/\/geopresovregion.sk\/home\/2021\/07\/23\/mosty-v-presovskom-kraji-podla-stavu\/\" class=\"_self pt-cv-href-thumbnail pt-cv-thumb-default\" target=\"_self\" ><img width=\"720\" height=\"480\" src=\"https:\/\/geopresovregion.sk\/home\/wp-content\/uploads\/2021\/07\/mosty2021.jpg\" class=\"pt-cv-thumbnail\" alt=\"\" loading=\"lazy\" srcset=\"https:\/\/geopresovregion.sk\/home\/wp-content\/uploads\/2021\/07\/mosty2021.jpg 720w, https:\/\/geopresovregion.sk\/home\/wp-content\/uploads\/2021\/07\/mosty2021-300x200.jpg 300w, https:\/\/geopresovregion.sk\/home\/wp-content\/uploads\/2021\/07\/mosty2021-272x182.jpg 272w\" sizes=\"(max-width: 720px) 100vw, 720px\" \/><\/a>\n<h4 class=\"pt-cv-title\"><a href=\"https:\/\/geopresovregion.sk\/home\/2021\/07\/23\/mosty-v-presovskom-kraji-podla-stavu\/\" class=\"_self\" target=\"_self\" >Preh\u013ead kvality mostov v Pre\u0161ovskom kraji v rokoch 2020 a 2021<\/a><\/h4>\n<div class=\"pt-cv-content\">Slovensk\u00e1 spr\u00e1va ciest (SSC) u\u017e dlh\u0161iu dobu poskytuje viacer\u00e9 kvalitn\u00e9 otvoren\u00e9 d\u00e1ta prostredn\u00edctvom svojej cestnej databanky. V\u010faka tomu bolo mo\u017en\u00e9 ...<br \/><a href=\"https:\/\/geopresovregion.sk\/home\/2021\/07\/23\/mosty-v-presovskom-kraji-podla-stavu\/\" class=\"_self pt-cv-readmore btn btn-success\" target=\"_self\">Read More<\/a><\/div><\/div><\/div>\n<div class=\"col-md-4 col-sm-6 col-xs-12 pt-cv-content-item pt-cv-1-col\" ><div class='pt-cv-ifield'><a href=\"https:\/\/geopresovregion.sk\/home\/2021\/03\/19\/georchestra-prezentacia-platformy-pred-komunitou\/\" class=\"_self pt-cv-href-thumbnail pt-cv-thumb-default\" target=\"_self\" ><img width=\"720\" height=\"480\" src=\"https:\/\/geopresovregion.sk\/home\/wp-content\/uploads\/2021\/03\/georchestra_ft.jpg\" class=\"pt-cv-thumbnail\" alt=\"\" loading=\"lazy\" srcset=\"https:\/\/geopresovregion.sk\/home\/wp-content\/uploads\/2021\/03\/georchestra_ft.jpg 720w, https:\/\/geopresovregion.sk\/home\/wp-content\/uploads\/2021\/03\/georchestra_ft-300x200.jpg 300w, https:\/\/geopresovregion.sk\/home\/wp-content\/uploads\/2021\/03\/georchestra_ft-272x182.jpg 272w\" sizes=\"(max-width: 720px) 100vw, 720px\" \/><\/a>\n<h4 class=\"pt-cv-title\"><a href=\"https:\/\/geopresovregion.sk\/home\/2021\/03\/19\/georchestra-prezentacia-platformy-pred-komunitou\/\" class=\"_self\" target=\"_self\" >geOrchestra &#8211; Prezent\u00e1cia platformy pred komunitou<\/a><\/h4>\n<div class=\"pt-cv-content\">Vo v\u0161eobecnosti, sa priestorov\u00e9 inform\u00e1cie st\u00e1vaj\u00fa k\u013e\u00fa\u010dov\u00fdm prvkom polit\u00edk miestneho a region\u00e1lneho rozvoja. V\u010faka pokroku v oblasti v\u00fdpo\u010dtovej techniky, satelitn\u00fdch ...<br \/><a href=\"https:\/\/geopresovregion.sk\/home\/2021\/03\/19\/georchestra-prezentacia-platformy-pred-komunitou\/\" class=\"_self pt-cv-readmore btn btn-success\" target=\"_self\">Read More<\/a><\/div><\/div><\/div>\n<div class=\"col-md-4 col-sm-6 col-xs-12 pt-cv-content-item pt-cv-1-col\" ><div class='pt-cv-ifield'><a href=\"https:\/\/geopresovregion.sk\/home\/2021\/03\/18\/organizujeme-konferenciu-o-otvorenych-datach-v-samosprave-pripojte-sa\/\" class=\"_self pt-cv-href-thumbnail pt-cv-thumb-default\" target=\"_self\" ><img width=\"720\" height=\"480\" src=\"https:\/\/geopresovregion.sk\/home\/wp-content\/uploads\/2021\/03\/otvorene-data-v-samosprave-feature.jpg\" class=\"pt-cv-thumbnail\" alt=\"\" loading=\"lazy\" srcset=\"https:\/\/geopresovregion.sk\/home\/wp-content\/uploads\/2021\/03\/otvorene-data-v-samosprave-feature.jpg 720w, https:\/\/geopresovregion.sk\/home\/wp-content\/uploads\/2021\/03\/otvorene-data-v-samosprave-feature-300x200.jpg 300w, https:\/\/geopresovregion.sk\/home\/wp-content\/uploads\/2021\/03\/otvorene-data-v-samosprave-feature-272x182.jpg 272w\" sizes=\"(max-width: 720px) 100vw, 720px\" \/><\/a>\n<h4 class=\"pt-cv-title\"><a href=\"https:\/\/geopresovregion.sk\/home\/2021\/03\/18\/organizujeme-konferenciu-o-otvorenych-datach-v-samosprave-pripojte-sa\/\" class=\"_self\" target=\"_self\" >Organizujeme konferenciu o otvoren\u00fdch d\u00e1tach v samospr\u00e1ve, pripojte sa!<\/a><\/h4>\n<div class=\"pt-cv-content\">Poz\u00fdvame V\u00e1s na online konferenciu \u201eOtvoren\u00e9 d\u00e1ta v samospr\u00e1ve\u201c, ktor\u00e1 sa uskuto\u010dn\u00ed d\u0148a 24.3.2021 o 8:30. Cie\u013eom konferencie je: pribl\u00ed\u017ei\u0165 ...<br \/><a href=\"https:\/\/geopresovregion.sk\/home\/2021\/03\/18\/organizujeme-konferenciu-o-otvorenych-datach-v-samosprave-pripojte-sa\/\" class=\"_self pt-cv-readmore btn btn-success\" target=\"_self\">Read More<\/a><\/div><\/div><\/div><\/div><\/div><\/div>\n","protected":false},"excerpt":{"rendered":"","protected":false},"author":1,"featured_media":0,"parent":0,"menu_order":0,"comment_status":"closed","ping_status":"closed","template":"","meta":{"cybocfi_hide_featured_image":""},"yoast_head":"<!-- This site is optimized with the Yoast SEO plugin v19.3 - https:\/\/yoast.com\/wordpress\/plugins\/seo\/ -->\n<title>Articles - Geoport\u00e1l Pre\u0161ovsk\u00e9ho kraja<\/title>\n<meta name=\"robots\" content=\"index, follow, max-snippet:-1, max-image-preview:large, max-video-preview:-1\" \/>\n<link rel=\"canonical\" href=\"https:\/\/geopresovregion.sk\/home\/en\/articles\/\" \/>\n<meta property=\"og:locale\" content=\"en_US\" \/>\n<meta property=\"og:type\" content=\"article\" \/>\n<meta property=\"og:title\" content=\"Articles - Geoport\u00e1l Pre\u0161ovsk\u00e9ho kraja\" \/>\n<meta property=\"og:url\" content=\"https:\/\/geopresovregion.sk\/home\/en\/articles\/\" \/>\n<meta property=\"og:site_name\" content=\"Geoport\u00e1l Pre\u0161ovsk\u00e9ho kraja\" \/>\n<meta property=\"article:modified_time\" content=\"2020-02-13T21:23:11+00:00\" \/>\n<meta name=\"twitter:card\" content=\"summary_large_image\" \/>\n<script type=\"application\/ld+json\" class=\"yoast-schema-graph\">{\"@context\":\"https:\/\/schema.org\",\"@graph\":[{\"@type\":\"WebSite\",\"@id\":\"https:\/\/geopresovregion.sk\/home\/#website\",\"url\":\"https:\/\/geopresovregion.sk\/home\/\",\"name\":\"Geoport\u00e1l Pre\u0161ovsk\u00e9ho kraja\",\"description\":\"Geoport\u00e1l Pre\u0161ovsk\u00e9ho kraja\",\"potentialAction\":[{\"@type\":\"SearchAction\",\"target\":{\"@type\":\"EntryPoint\",\"urlTemplate\":\"https:\/\/geopresovregion.sk\/home\/?s={search_term_string}\"},\"query-input\":\"required name=search_term_string\"}],\"inLanguage\":\"en-US\"},{\"@type\":\"WebPage\",\"@id\":\"https:\/\/geopresovregion.sk\/home\/en\/articles\/\",\"url\":\"https:\/\/geopresovregion.sk\/home\/en\/articles\/\",\"name\":\"Articles - Geoport\u00e1l Pre\u0161ovsk\u00e9ho kraja\",\"isPartOf\":{\"@id\":\"https:\/\/geopresovregion.sk\/home\/#website\"},\"datePublished\":\"2020-02-13T21:21:58+00:00\",\"dateModified\":\"2020-02-13T21:23:11+00:00\",\"breadcrumb\":{\"@id\":\"https:\/\/geopresovregion.sk\/home\/en\/articles\/#breadcrumb\"},\"inLanguage\":\"en-US\",\"potentialAction\":[{\"@type\":\"ReadAction\",\"target\":[\"https:\/\/geopresovregion.sk\/home\/en\/articles\/\"]}]},{\"@type\":\"BreadcrumbList\",\"@id\":\"https:\/\/geopresovregion.sk\/home\/en\/articles\/#breadcrumb\",\"itemListElement\":[{\"@type\":\"ListItem\",\"position\":1,\"name\":\"Home\",\"item\":\"https:\/\/geopresovregion.sk\/home\/\"},{\"@type\":\"ListItem\",\"position\":2,\"name\":\"Articles\"}]}]}<\/script>\n<!-- \/ Yoast SEO plugin. -->","yoast_head_json":{"title":"Articles - Geoport\u00e1l Pre\u0161ovsk\u00e9ho kraja","robots":{"index":"index","follow":"follow","max-snippet":"max-snippet:-1","max-image-preview":"max-image-preview:large","max-video-preview":"max-video-preview:-1"},"canonical":"https:\/\/geopresovregion.sk\/home\/en\/articles\/","og_locale":"en_US","og_type":"article","og_title":"Articles - Geoport\u00e1l Pre\u0161ovsk\u00e9ho kraja","og_url":"https:\/\/geopresovregion.sk\/home\/en\/articles\/","og_site_name":"Geoport\u00e1l Pre\u0161ovsk\u00e9ho kraja","article_modified_time":"2020-02-13T21:23:11+00:00","twitter_card":"summary_large_image","schema":{"@context":"https:\/\/schema.org","@graph":[{"@type":"WebSite","@id":"https:\/\/geopresovregion.sk\/home\/#website","url":"https:\/\/geopresovregion.sk\/home\/","name":"Geoport\u00e1l Pre\u0161ovsk\u00e9ho kraja","description":"Geoport\u00e1l Pre\u0161ovsk\u00e9ho kraja","potentialAction":[{"@type":"SearchAction","target":{"@type":"EntryPoint","urlTemplate":"https:\/\/geopresovregion.sk\/home\/?s={search_term_string}"},"query-input":"required name=search_term_string"}],"inLanguage":"en-US"},{"@type":"WebPage","@id":"https:\/\/geopresovregion.sk\/home\/en\/articles\/","url":"https:\/\/geopresovregion.sk\/home\/en\/articles\/","name":"Articles - Geoport\u00e1l Pre\u0161ovsk\u00e9ho kraja","isPartOf":{"@id":"https:\/\/geopresovregion.sk\/home\/#website"},"datePublished":"2020-02-13T21:21:58+00:00","dateModified":"2020-02-13T21:23:11+00:00","breadcrumb":{"@id":"https:\/\/geopresovregion.sk\/home\/en\/articles\/#breadcrumb"},"inLanguage":"en-US","potentialAction":[{"@type":"ReadAction","target":["https:\/\/geopresovregion.sk\/home\/en\/articles\/"]}]},{"@type":"BreadcrumbList","@id":"https:\/\/geopresovregion.sk\/home\/en\/articles\/#breadcrumb","itemListElement":[{"@type":"ListItem","position":1,"name":"Home","item":"https:\/\/geopresovregion.sk\/home\/"},{"@type":"ListItem","position":2,"name":"Articles"}]}]}},"_links":{"self":[{"href":"https:\/\/geopresovregion.sk\/home\/wp-json\/wp\/v2\/pages\/337"}],"collection":[{"href":"https:\/\/geopresovregion.sk\/home\/wp-json\/wp\/v2\/pages"}],"about":[{"href":"https:\/\/geopresovregion.sk\/home\/wp-json\/wp\/v2\/types\/page"}],"author":[{"embeddable":true,"href":"https:\/\/geopresovregion.sk\/home\/wp-json\/wp\/v2\/users\/1"}],"replies":[{"embeddable":true,"href":"https:\/\/geopresovregion.sk\/home\/wp-json\/wp\/v2\/comments?post=337"}],"version-history":[{"count":2,"href":"https:\/\/geopresovregion.sk\/home\/wp-json\/wp\/v2\/pages\/337\/revisions"}],"predecessor-version":[{"id":341,"href":"https:\/\/geopresovregion.sk\/home\/wp-json\/wp\/v2\/pages\/337\/revisions\/341"}],"wp:attachment":[{"href":"https:\/\/geopresovregion.sk\/home\/wp-json\/wp\/v2\/media?parent=337"}],"curies":[{"name":"wp","href":"https:\/\/api.w.org\/{rel}","templated":true}]}}