{"id":253,"date":"2020-02-13T15:41:20","date_gmt":"2020-02-13T15:41:20","guid":{"rendered":"https:\/\/geopresovregion.sk\/home\/?page_id=253"},"modified":"2021-09-09T13:02:55","modified_gmt":"2021-09-09T13:02:55","slug":"o-platforme","status":"publish","type":"page","link":"https:\/\/geopresovregion.sk\/home\/o-platforme\/","title":{"rendered":"O geoport\u00e1li"},"content":{"rendered":"\n<p>\u201eNov\u00e1 ropa\u201c, \u010di \u201ed\u00e1ta nad zlato\u201c. Aj tak\u00e9to term\u00edny v s\u00fa\u010dasnej dobe definuj\u00fa v\u00fdhodu a potrebu disponovania kvalitn\u00fdmi \u00fadajmi \u010di u\u017e v s\u00fakromnej, ale aj verejnej sf\u00e9re, kde bez dostato\u010dn\u00e9ho poznania regi\u00f3nu (mesta, krajiny) nie je mo\u017en\u00e9 prij\u00edma\u0165 kvalitn\u00e9 rozhodnutia pre kvalitn\u00fd \u017eivot.<\/p>\n\n\n\n<h3>Na\u0161a\/va\u0161a platforma<\/h3>\n\n\n\n<p>T\u00edm zanieten\u00fdch \u013eud\u00ed preto u\u017e nie\u010do vy\u0161e roka buduje na \u00darade Pre\u0161ovsk\u00e9ho samospr\u00e1vneho kraja geoport\u00e1l, na ktorom V\u00e1s v\u00edtame. Geoport\u00e1l sl\u00fa\u017ei ako platforma pre integr\u00e1ciu, ukladanie a publikovanie \u00fadajov zobrazite\u013en\u00fdch v mape (priestorov\u00e9 inform\u00e1cie).  Cie\u013eov\u00fdmi skupinami pou\u017e\u00edvate\u013eov platformy s\u00fa:<\/p>\n\n\n\n<ul><li><strong>verejnos\u0165 <\/strong>\u2013  z d\u00f4vodu transparentn\u00e9ho poskytovania \u0161irokospektr\u00e1lnych inform\u00e1ci\u00ed o regi\u00f3ne,<\/li><li><strong>Pre\u0161ovsk\u00fd samospr\u00e1vny kraj<\/strong> \u2013  pre kvalitn\u00e9 rozhodovanie na z\u00e1klade priestorov\u00fdch inform\u00e1ci\u00ed a vhodn\u00e9 nastavenie polit\u00edk v nieko\u013ek\u00fdch oblastiach \u017eivota (region\u00e1lny rozvoj, zdravotn\u00edctvo, soci\u00e1lna oblas\u0165,\u2026),<\/li><li><strong>podnikate\u013esk\u00fd sektor<\/strong> \u2013 pre monitorovanie a anal\u00fdzu demografick\u00fdch a ekonomick\u00fdch ukazovate\u013eov v priestore a n\u00e1sledne rozhodovanie sa na z\u00e1klade t\u00fdchto inform\u00e1ci\u00ed,<\/li><li><strong>akademick\u00fd sektor<\/strong> \u2013 pre \u0161t\u00fadium a sk\u00famanie r\u00f4znych skuto\u010dnost\u00ed a javov v regi\u00f3ne, pre vyu\u017eitie mapov\u00fdch podkladov v semin\u00e1rnych alebo z\u00e1vere\u010dn\u00fdch pr\u00e1cach.<\/li><\/ul>\n\n\n\n<p>V\u0161etky n\u00e1stroje, ktor\u00e9 vyu\u017e\u00edvame, maj\u00fa otvoren\u00fd k\u00f3d &#8211; tzv. <strong>Open Source<\/strong>. <\/p>\n\n\n\n<h3>Z\u00e1kladn\u00e9 pojmy<\/h3>\n\n\n\n<p><strong><a href=\"https:\/\/geopresovregion.sk\/geonetwork\/srv\/slo\/catalog.search#\/search?facet.q=sourceCatalog%2F4906851c-7de6-4f12-b75a-dde2bdaa5935&amp;resultType=details&amp;sortBy=relevance&amp;from=1&amp;to=20&amp;fast=index&amp;_content_type=json\" target=\"_blank\" rel=\"noreferrer noopener\" aria-label=\"D\u00e1tov\u00fd katal\u00f3g (opens in a new tab)\">D\u00e1tov\u00fd katal\u00f3g<\/a> &#8211;<\/strong> v katal\u00f3gu n\u00e1jdete datasety, ktor\u00e9 sa bezprostredne dot\u00fdkaj\u00fa \u00fazemia samospr\u00e1vneho kraja. V d\u00e1tovom katal\u00f3gu s\u00fa zahrnut\u00e9 p\u00f4vodn\u00e9 d\u00e1ta samospr\u00e1vneho kraja a taktie\u017e d\u00e1ta, ktor\u00e9 sa o kraji zbieraj\u00fa na n\u00e1rodnej \u00farovni. Ka\u017ed\u00fd dataset m\u00e1 svoje metad\u00e1ta (d\u00e1ta o d\u00e1tach), ktor\u00e9 popisuj\u00fa o ak\u00fd typ d\u00e1t ide, \u010do predstavuj\u00fa a z ak\u00e9ho zdroja s\u00fa \u010derpan\u00e9. V\u0161etky datasety (a metad\u00e1ta) je mo\u017en\u00e9 priamo z katal\u00f3gu stiahnu\u0165 vo form\u00e1te CSV alebo si ich jednoducho prida\u0165 ako vrstvu do mapov\u00e9ho prehliada\u010da. <\/p>\n\n\n\n<p><strong><a href=\"https:\/\/geopresovregion.sk\/mapfishapp\/\" target=\"_blank\" rel=\"noreferrer noopener\" aria-label=\"Mapov\u00fd  prehliada\u010d (opens in a new tab)\">Mapov\u00fd  prehliada\u010d<\/a> <\/strong>\u2013 online mapov\u00fd prehliada\u010d, ktor\u00fd sl\u00fa\u017ei na prehliadanie a anal\u00fdzu priestorov\u00fdch d\u00e1t. Umo\u017e\u0148uje prida\u0165 d\u00e1ta z d\u00e1toveho katal\u00f3gu, vrstvi\u0165 jednotliv\u00e9 d\u00e1ta nad sebou, mera\u0165, porovn\u00e1va\u0165 a pod. Z prostredia mapov\u00e9ho prehliada\u010da je mo\u017en\u00e9 stiahnu\u0165 d\u00e1ta nielen vo form\u00e1te CSV \u010di JSON, ale aj v in\u00fdch form\u00e1toch pre priestorov\u00e9 \u00fadaje (GML, KML, SHAPEFILE).<\/p>\n\n\n\n<p><strong><a href=\"https:\/\/geopresovregion.sk\/home\/tematicke-mapy-a-dashboardy\/\" target=\"_blank\" rel=\"noreferrer noopener\">Tematick\u00e1 mapa<\/a> <\/strong>\u2013  sl\u00fa\u017ei na jednoduch\u00e9, r\u00fdchle a zrozumite\u013en\u00e9 poskytnutie inform\u00e1ci\u00ed v \u010do najdostupnej\u0161ej a najjednoduch\u0161ej forme. Kombin\u00e1ciou vrstiev a poh\u013eadov cez jednotliv\u00e9 ukazovatele je mo\u017en\u00e9 pribl\u00ed\u017ei\u0165 pou\u017e\u00edvate\u013eovi tematick\u00fd obsah v danom \u00fazem\u00ed. <\/p>\n\n\n\n<p><strong>Dashboard<\/strong> \u2013 v&nbsp;preklade \u201epr\u00edstrojov\u00e1 doska\u201c alebo mana\u017e\u00e9rsky pult je zobrazovacie prostredie reportingu, ktor\u00e9 na jednom mieste prezentuje preddefinovan\u00e9 zostavy a&nbsp;preh\u013eady s&nbsp;aktu\u00e1lnymi inform\u00e1ciami o&nbsp;danej spolo\u010dnosti, \u010di problematike. Zobrazuje len d\u00f4le\u017eit\u00e9 skuto\u010dnosti a nezahlcuje u\u017e\u00edvate\u013ea ve\u013ek\u00fdm objemom \u00fadajov, ktor\u00e9 by mohli odv\u00e1dza\u0165 pozornos\u0165 od podstatn\u00fdch inform\u00e1ci\u00ed.<\/p>\n\n\n\n<p>D\u00f4le\u017eit\u00fdm elementom pri budovan\u00ed platformy s\u00fa&nbsp;&#8220;d\u00e1tov\u00e9 partnerstv\u00e1&#8221; s lok\u00e1lnymi aj n\u00e1rodn\u00fdmi subjektami. Sme teda&nbsp;otvoren\u00ed ka\u017edej spolupr\u00e1ci na v\u00fdmene d\u00e1t.<\/p>\n\n\n\n<p>Ver\u00edme, \u017ee na geoport\u00e1li n\u00e1jdete ve\u013ea zauj\u00edmav\u00fdch inform\u00e1ci\u00ed. Ka\u017edodenne pracujeme na jeho skvalitnen\u00ed a na integr\u00e1cii nov\u00fdch d\u00e1t s metad\u00e1tami. V pr\u00edpade ot\u00e1zok alebo n\u00e1metov n\u00e1s, pros\u00edm, kontaktujte na <a href=\"mailto:geopresovregion@vucpo.sk\">geopresovregion@vucpo.sk<\/a>, alebo n\u00e1m nechajte spr\u00e1vu <a href=\"https:\/\/geopresovregion.sk\/home\/kontakt\/\">prostredn\u00edctvom formul\u00e1ra<\/a>. Iba v\u010faka dobrej sp\u00e4tnej v\u00e4zbe m\u00f4\u017eeme na\u0161u pr\u00e1cu robi\u0165 lep\u0161ie \ud83d\ude0a.<\/p>\n\n\n\n<p class=\"has-text-align-right\"><em><a href=\"https:\/\/geopresovregion.sk\/home\/o-nas\/\">Geoport\u00e1l t\u00edm <\/a><\/em> <\/p>\n\n\n\n<p><\/p>\n","protected":false},"excerpt":{"rendered":"<p>\u201eNov\u00e1 ropa\u201c, \u010di \u201ed\u00e1ta nad zlato\u201c. Aj tak\u00e9to term\u00edny v s\u00fa\u010dasnej dobe definuj\u00fa v\u00fdhodu a potrebu disponovania kvalitn\u00fdmi \u00fadajmi \u010di u\u017e v s\u00fakromnej, ale aj verejnej sf\u00e9re, kde bez dostato\u010dn\u00e9ho poznania regi\u00f3nu (mesta, krajiny) nie je mo\u017en\u00e9 prij\u00edma\u0165 kvalitn\u00e9 rozhodnutia pre kvalitn\u00fd \u017eivot. Na\u0161a\/va\u0161a platforma T\u00edm zanieten\u00fdch \u013eud\u00ed preto u\u017e nie\u010do vy\u0161e roka buduje na [&hellip;]<\/p>\n","protected":false},"author":1,"featured_media":0,"parent":0,"menu_order":0,"comment_status":"closed","ping_status":"closed","template":"","meta":{"cybocfi_hide_featured_image":""},"yoast_head":"<!-- This site is optimized with the Yoast SEO plugin v19.3 - https:\/\/yoast.com\/wordpress\/plugins\/seo\/ -->\n<title>O geoport\u00e1li - Geoport\u00e1l Pre\u0161ovsk\u00e9ho kraja<\/title>\n<meta name=\"robots\" content=\"index, follow, max-snippet:-1, max-image-preview:large, max-video-preview:-1\" \/>\n<link rel=\"canonical\" href=\"https:\/\/geopresovregion.sk\/home\/o-platforme\/\" \/>\n<meta property=\"og:locale\" content=\"en_US\" \/>\n<meta property=\"og:type\" content=\"article\" \/>\n<meta property=\"og:title\" content=\"O geoport\u00e1li - Geoport\u00e1l Pre\u0161ovsk\u00e9ho kraja\" \/>\n<meta property=\"og:description\" content=\"\u201eNov\u00e1 ropa\u201c, \u010di \u201ed\u00e1ta nad zlato\u201c. Aj tak\u00e9to term\u00edny v s\u00fa\u010dasnej dobe definuj\u00fa v\u00fdhodu a potrebu disponovania kvalitn\u00fdmi \u00fadajmi \u010di u\u017e v s\u00fakromnej, ale aj verejnej sf\u00e9re, kde bez dostato\u010dn\u00e9ho poznania regi\u00f3nu (mesta, krajiny) nie je mo\u017en\u00e9 prij\u00edma\u0165 kvalitn\u00e9 rozhodnutia pre kvalitn\u00fd \u017eivot. Na\u0161a\/va\u0161a platforma T\u00edm zanieten\u00fdch \u013eud\u00ed preto u\u017e nie\u010do vy\u0161e roka buduje na [&hellip;]\" \/>\n<meta property=\"og:url\" content=\"https:\/\/geopresovregion.sk\/home\/o-platforme\/\" \/>\n<meta property=\"og:site_name\" content=\"Geoport\u00e1l Pre\u0161ovsk\u00e9ho kraja\" \/>\n<meta property=\"article:modified_time\" content=\"2021-09-09T13:02:55+00:00\" \/>\n<meta name=\"twitter:card\" content=\"summary_large_image\" \/>\n<script type=\"application\/ld+json\" class=\"yoast-schema-graph\">{\"@context\":\"https:\/\/schema.org\",\"@graph\":[{\"@type\":\"WebSite\",\"@id\":\"https:\/\/geopresovregion.sk\/home\/#website\",\"url\":\"https:\/\/geopresovregion.sk\/home\/\",\"name\":\"Geoport\u00e1l Pre\u0161ovsk\u00e9ho kraja\",\"description\":\"Geoport\u00e1l Pre\u0161ovsk\u00e9ho kraja\",\"potentialAction\":[{\"@type\":\"SearchAction\",\"target\":{\"@type\":\"EntryPoint\",\"urlTemplate\":\"https:\/\/geopresovregion.sk\/home\/?s={search_term_string}\"},\"query-input\":\"required name=search_term_string\"}],\"inLanguage\":\"en-US\"},{\"@type\":\"WebPage\",\"@id\":\"https:\/\/geopresovregion.sk\/home\/o-platforme\/\",\"url\":\"https:\/\/geopresovregion.sk\/home\/o-platforme\/\",\"name\":\"O geoport\u00e1li - Geoport\u00e1l Pre\u0161ovsk\u00e9ho kraja\",\"isPartOf\":{\"@id\":\"https:\/\/geopresovregion.sk\/home\/#website\"},\"datePublished\":\"2020-02-13T15:41:20+00:00\",\"dateModified\":\"2021-09-09T13:02:55+00:00\",\"breadcrumb\":{\"@id\":\"https:\/\/geopresovregion.sk\/home\/o-platforme\/#breadcrumb\"},\"inLanguage\":\"en-US\",\"potentialAction\":[{\"@type\":\"ReadAction\",\"target\":[\"https:\/\/geopresovregion.sk\/home\/o-platforme\/\"]}]},{\"@type\":\"BreadcrumbList\",\"@id\":\"https:\/\/geopresovregion.sk\/home\/o-platforme\/#breadcrumb\",\"itemListElement\":[{\"@type\":\"ListItem\",\"position\":1,\"name\":\"Home\",\"item\":\"https:\/\/geopresovregion.sk\/home\/\"},{\"@type\":\"ListItem\",\"position\":2,\"name\":\"O geoport\u00e1li\"}]}]}<\/script>\n<!-- \/ Yoast SEO plugin. -->","yoast_head_json":{"title":"O geoport\u00e1li - Geoport\u00e1l Pre\u0161ovsk\u00e9ho kraja","robots":{"index":"index","follow":"follow","max-snippet":"max-snippet:-1","max-image-preview":"max-image-preview:large","max-video-preview":"max-video-preview:-1"},"canonical":"https:\/\/geopresovregion.sk\/home\/o-platforme\/","og_locale":"en_US","og_type":"article","og_title":"O geoport\u00e1li - Geoport\u00e1l Pre\u0161ovsk\u00e9ho kraja","og_description":"\u201eNov\u00e1 ropa\u201c, \u010di \u201ed\u00e1ta nad zlato\u201c. Aj tak\u00e9to term\u00edny v s\u00fa\u010dasnej dobe definuj\u00fa v\u00fdhodu a potrebu disponovania kvalitn\u00fdmi \u00fadajmi \u010di u\u017e v s\u00fakromnej, ale aj verejnej sf\u00e9re, kde bez dostato\u010dn\u00e9ho poznania regi\u00f3nu (mesta, krajiny) nie je mo\u017en\u00e9 prij\u00edma\u0165 kvalitn\u00e9 rozhodnutia pre kvalitn\u00fd \u017eivot. Na\u0161a\/va\u0161a platforma T\u00edm zanieten\u00fdch \u013eud\u00ed preto u\u017e nie\u010do vy\u0161e roka buduje na [&hellip;]","og_url":"https:\/\/geopresovregion.sk\/home\/o-platforme\/","og_site_name":"Geoport\u00e1l Pre\u0161ovsk\u00e9ho kraja","article_modified_time":"2021-09-09T13:02:55+00:00","twitter_card":"summary_large_image","schema":{"@context":"https:\/\/schema.org","@graph":[{"@type":"WebSite","@id":"https:\/\/geopresovregion.sk\/home\/#website","url":"https:\/\/geopresovregion.sk\/home\/","name":"Geoport\u00e1l Pre\u0161ovsk\u00e9ho kraja","description":"Geoport\u00e1l Pre\u0161ovsk\u00e9ho kraja","potentialAction":[{"@type":"SearchAction","target":{"@type":"EntryPoint","urlTemplate":"https:\/\/geopresovregion.sk\/home\/?s={search_term_string}"},"query-input":"required name=search_term_string"}],"inLanguage":"en-US"},{"@type":"WebPage","@id":"https:\/\/geopresovregion.sk\/home\/o-platforme\/","url":"https:\/\/geopresovregion.sk\/home\/o-platforme\/","name":"O geoport\u00e1li - Geoport\u00e1l Pre\u0161ovsk\u00e9ho kraja","isPartOf":{"@id":"https:\/\/geopresovregion.sk\/home\/#website"},"datePublished":"2020-02-13T15:41:20+00:00","dateModified":"2021-09-09T13:02:55+00:00","breadcrumb":{"@id":"https:\/\/geopresovregion.sk\/home\/o-platforme\/#breadcrumb"},"inLanguage":"en-US","potentialAction":[{"@type":"ReadAction","target":["https:\/\/geopresovregion.sk\/home\/o-platforme\/"]}]},{"@type":"BreadcrumbList","@id":"https:\/\/geopresovregion.sk\/home\/o-platforme\/#breadcrumb","itemListElement":[{"@type":"ListItem","position":1,"name":"Home","item":"https:\/\/geopresovregion.sk\/home\/"},{"@type":"ListItem","position":2,"name":"O geoport\u00e1li"}]}]}},"_links":{"self":[{"href":"https:\/\/geopresovregion.sk\/home\/wp-json\/wp\/v2\/pages\/253"}],"collection":[{"href":"https:\/\/geopresovregion.sk\/home\/wp-json\/wp\/v2\/pages"}],"about":[{"href":"https:\/\/geopresovregion.sk\/home\/wp-json\/wp\/v2\/types\/page"}],"author":[{"embeddable":true,"href":"https:\/\/geopresovregion.sk\/home\/wp-json\/wp\/v2\/users\/1"}],"replies":[{"embeddable":true,"href":"https:\/\/geopresovregion.sk\/home\/wp-json\/wp\/v2\/comments?post=253"}],"version-history":[{"count":34,"href":"https:\/\/geopresovregion.sk\/home\/wp-json\/wp\/v2\/pages\/253\/revisions"}],"predecessor-version":[{"id":2137,"href":"https:\/\/geopresovregion.sk\/home\/wp-json\/wp\/v2\/pages\/253\/revisions\/2137"}],"wp:attachment":[{"href":"https:\/\/geopresovregion.sk\/home\/wp-json\/wp\/v2\/media?parent=253"}],"curies":[{"name":"wp","href":"https:\/\/api.w.org\/{rel}","templated":true}]}}