{"id":247,"date":"2020-02-13T15:37:48","date_gmt":"2020-02-13T15:37:48","guid":{"rendered":"https:\/\/geopresovregion.sk\/home\/?page_id=247"},"modified":"2020-05-04T08:05:15","modified_gmt":"2020-05-04T08:05:15","slug":"pravne-informacie","status":"publish","type":"page","link":"https:\/\/geopresovregion.sk\/home\/pravne-informacie\/","title":{"rendered":"Pr\u00e1vne inform\u00e1cie"},"content":{"rendered":"\n<p><strong>Podmienky pou\u017e\u00edvania platformy<\/strong><\/p>\n\n\n\n<p>Podmienky pou\u017e\u00edvania<strong> <\/strong>Platformy pre region\u00e1lnu infra\u0161trukt\u00faru priestorov\u00fdch inform\u00e1ci\u00ed Pre\u0161ovsk\u00e9ho kraja je mo\u017en\u00e9 rozdeli\u0165 do t\u00fdchto oblast\u00ed:<\/p>\n\n\n\n<p><strong><em>Podmienky pou\u017e\u00edvania webov\u00e9ho port\u00e1lu geopresovregion.sk<\/em><\/strong><\/p>\n\n\n\n<p>Vo v\u00e4\u010d\u0161ine pr\u00edpadov je na pr\u00edspevky (\u010dl\u00e1nky, texty, fotografie a p.) publikovan\u00e9 na webstr\u00e1nke geopresovregion.sk pou\u017eit\u00e1 licencia Creative Commons Attribution License 4.0 CC-BY. Prevzat\u00e9 alebo \u0161pecifick\u00e9 pr\u00edspevky m\u00f4\u017eu ma\u0165 odli\u0161n\u00fa licenciu, ktor\u00e1 je explicitne vyjadren\u00e1 na konci pr\u00edspevku.<\/p>\n\n\n\n<p><strong><em>Podmienky pou\u017e\u00edvania rie\u0161enia geOrchestra<\/em><\/strong><\/p>\n\n\n\n<p>geOrchestra je bezplatn\u00e9, modul\u00e1rne a interoperabiln\u00e9 softv\u00e9rov\u00e9 rie\u0161enie pre Infra\u0161trukt\u00faru priestorov\u00fdch d\u00e1t (Spatial Data Infrastructure), ktor\u00e9 sp\u013a\u0148a po\u017eiadavky smernice INSPIRE v Eur\u00f3pe<em>.<\/em><\/p>\n\n\n\n<p>Na v\u0161etky moduly geOrchestra sa vz\u0165ahuje licen\u010dn\u00e9 podmienky pod\u013ea <a href=\"https:\/\/github.com\/georchestra\/georchestra\/blob\/master\/LICENSE.txt\">GNU GPL v3<\/a> licencie s v\u00fdnimkou:<\/p>\n\n\n\n<p><em>JASIG CAS<\/em> &#8211; <a href=\"https:\/\/github.com\/Jasig\/cas\/blob\/master\/LICENSE\">Apache License, verzia 2.0<\/a>,<\/p>\n\n\n\n<p><em>GeoNetwork &amp; GeoServer<\/em> &#8211; <a href=\"http:\/\/www.gnu.org\/licenses\/gpl-2.0.html\">GPL v2<\/a>,<\/p>\n\n\n\n<p><em>GeoWebCache<\/em> &#8211; <a href=\"http:\/\/www.gnu.org\/licenses\/lgpl.html\">LGPL<\/a>.<\/p>\n\n\n\n<p>Hlavn\u00e9 kni\u017enice pou\u017e\u00edvaj\u00fa kombin\u00e1ciu licenci\u00ed kompatibiln\u00fdch s Open Source licenciou:<\/p>\n\n\n\n<p><em>GeoTools<\/em> &#8211; <a href=\"http:\/\/www.gnu.org\/licenses\/lgpl.html\">LGPL<\/a>,<\/p>\n\n\n\n<p><em>OpenLayers &amp; GeoExt<\/em> &#8211; \u0161t\u00fdl BSD,<\/p>\n\n\n\n<p><em>ExtJS<\/em> &#8211; <a href=\"https:\/\/github.com\/probonogeek\/extjs\/blob\/3.x\/license.txt\">GPL v3<\/a>,<\/p>\n\n\n\n<p><em>proj4js<\/em> &#8211; <a href=\"https:\/\/github.com\/proj4js\/proj4js\/blob\/master\/LICENSE.md\">MIT<\/a>.<\/p>\n\n\n\n<p><strong><em>Podmienky pou\u017e\u00edvania metad\u00e1t a d\u00e1t<\/em><\/strong><\/p>\n\n\n\n<p>Povinnos\u0165 pride\u013eova\u0165 metad\u00e1tam a d\u00e1tam licenciu vypl\u00fdva zo:<\/p>\n\n\n\n<ul><li>Z\u00e1kona \u010d. 618\/2003 o autorskom pr\u00e1ve a pr\u00e1vach s\u00favisiacich s autorsk\u00fdm pr\u00e1vom (autorsk\u00fd z\u00e1kon), na z\u00e1klade ktor\u00e9ho je nevyhnutn\u00e9 chr\u00e1ni\u0165 pr\u00e1va a opr\u00e1vnen\u00e9 z\u00e1ujmy autora prostredn\u00edctvom licen\u010dnej zmluvy.<\/li><li>V\u00fdnosu 55\/2014 Z.z., pod\u013ea ktor\u00e9ho musia by\u0165 \u00fadaje poskytovan\u00e9 otvoren\u00fdm sp\u00f4sobom umo\u017e\u0148uj\u00facim vo\u013en\u00e9 opakovan\u00e9 pou\u017eitie inform\u00e1ci\u00ed s pr\u00e1vnou oporou.<\/li><li>Z\u00e1kona \u010d. 211\/2000 o slobodnom pr\u00edstupe k inform\u00e1ci\u00e1m a o zmene a doplnen\u00ed niektor\u00fdch z\u00e1konov (z\u00e1kon o slobode inform\u00e1ci\u00ed) \u00a75a \u00a721, ktor\u00e9 definuj\u00fa povinn\u00e9 zverej\u0148ovanie inform\u00e1ci\u00ed, ktor\u00e9 nepodliehaj\u00fa pod autorsk\u00fd z\u00e1kon, ako aj \u010fal\u0161\u00edch inform\u00e1ci\u00ed spadaj\u00facich pod opakovan\u00e9 pou\u017eitie inform\u00e1ci\u00ed.<\/li><li>Z\u00e1kona \u010d. 3\/2010 Z.z. o n\u00e1rodnej infra\u0161trukt\u00fare pre priestorov\u00e9 inform\u00e1cie, ktor\u00fd definuje v \u00a73 1a vy\u0161\u0161\u00ed \u00fazemn\u00fd celok ako povinn\u00fa osobu v oblasti zabezpe\u010denia dostupnosti priestorov\u00fdch \u00fadajov a meta\u00fadajov \u00a74 a \u00a75.<\/li><\/ul>\n\n\n\n<p>V\u0161etky metad\u00e1ta a d\u00e1ta poskytovan\u00e9 cez platformu geopresovregion.sk maj\u00fa svoje vlastn\u00e9 licencovanie. V preva\u017enej miere je pou\u017eit\u00e1 licencia Creative Commons Attribution License 4.0 CC0 a CC-BY.<\/p>\n\n\n\n<p>Ak je autorom metad\u00e1t a d\u00e1t \u00darad PSK uplat\u0148uje sa na pou\u017eitie metad\u00e1t a d\u00e1t medzin\u00e1rodn\u00e1 verejn\u00e1 licencia Creative Commons Attribution License 4.0 CC0 (vo\u013en\u00e1 licencia).<\/p>\n\n\n\n<p><strong>Spr\u00e1vca obsahu a technick\u00fd spr\u00e1vca<\/strong><\/p>\n\n\n\n<p>Technick\u00fdm spr\u00e1vcom spr\u00e1vcom a spr\u00e1vcom obsahu Platformy pre region\u00e1lnu infra\u0161trukt\u00faru priestorov\u00fdch inform\u00e1ci\u00ed Pre\u0161ovsk\u00e9ho kraja (geopresovregion.sk) je:<\/p>\n\n\n\n<p>Pre\u0161ovsk\u00fd samospr\u00e1vny kraj<\/p>\n\n\n\n<p>Odbor strategick\u00e9ho rozvoja a projektov\u00e9ho riadenia,<\/p>\n\n\n\n<p>Oddelenie in\u0161tit\u00fat rozvoja PSK<\/p>\n\n\n\n<p>N\u00e1mestie mieru 2<\/p>\n\n\n\n<p>080 01 Pre\u0161ov<\/p>\n\n\n\n<p>Ot\u00e1zky oh\u013eadom obsahu, technick\u00fdch z\u00e1le\u017eitost\u00ed a funk\u010dnosti je mo\u017en\u00e9 posiela\u0165 na e-mail: geopresovregion(at)vucpo.sk alebo kontaktova\u0165 na \u010d\u00edsle +421 51 7081 591 (Ing. Marek Hud\u00e1k)<\/p>\n\n\n\n<p><strong>Vyhl\u00e1senie o pr\u00edstupnosti<\/strong><\/p>\n\n\n\n<p>Platforma pre region\u00e1lnu infra\u0161trukt\u00faru priestorov\u00fdch inform\u00e1ci\u00ed Pre\u0161ovsk\u00e9ho kraja (geopresovregion.sk) je v procese testovania pr\u00edstupnosti pod\u013ea Z\u00e1kona \u010d. 95\/2019 Z.z. o informa\u010dn\u00fdch technol\u00f3gi\u00e1ch vo verejnej spr\u00e1ve a V\u00fdnosu \u010d. 55\/2014 Z. z. o \u0161tandardoch pre informa\u010dn\u00e9 syst\u00e9my verejnej spr\u00e1vy v platnom znen\u00ed.<\/p>\n\n\n\n<p><strong>GDPR<\/strong><\/p>\n\n\n\n<p>Zodpovedn\u00e1 osoba za ochranu osobn\u00fdch \u00fadajov:<\/p>\n\n\n\n<p>JUDr. So\u0148a Slovjakov\u00e1, e-mail: sona.slovjakova(at)vucpo.sk<\/p>\n\n\n\n<p>Z\u00e1sady sprac\u00favania osobn\u00fdch \u00fadajov fyzick\u00fdch os\u00f4b v Pre\u0161ovskom samospr\u00e1vnom kraji:<\/p>\n\n\n\n<ul><li><a href=\"https:\/\/www.po-kraj.sk\/files\/dokumenty-psk\/legislativa\/zasady-spracuvania-osobnych-udajov-text.pdf\">Z\u00e1sady o ochrane osobn\u00fdch \u00fadajov na stiahnutie<\/a> (2,25 MB)<\/li><li><a href=\"https:\/\/www.po-kraj.sk\/files\/dokumenty-psk\/legislativa\/zasady-spracuvania-osobnych-udajov-fo-dodatok.pdf\">Dodatok \u010d.1 k Z\u00e1sad\u00e1m<\/a> (70,3 kB)<\/li><\/ul>\n\n\n\n<p><strong>Cookies<\/strong><\/p>\n\n\n\n<p>Tento web pou\u017e\u00edva s\u00fabory cookies. Prehliadan\u00edm webu vyjadrujete s\u00fahlas s ich pou\u017e\u00edvan\u00edm. Pou\u017e\u00edvan\u00edm cookies vytv\u00e1rame bezpe\u010dnej\u0161\u00ed a efekt\u00edvnej\u0161\u00ed web pre na\u0161ich pou\u017e\u00edvate\u013eov.<\/p>\n","protected":false},"excerpt":{"rendered":"<p>Podmienky pou\u017e\u00edvania platformy Podmienky pou\u017e\u00edvania Platformy pre region\u00e1lnu infra\u0161trukt\u00faru priestorov\u00fdch inform\u00e1ci\u00ed Pre\u0161ovsk\u00e9ho kraja je mo\u017en\u00e9 rozdeli\u0165 do t\u00fdchto oblast\u00ed: Podmienky pou\u017e\u00edvania webov\u00e9ho port\u00e1lu geopresovregion.sk Vo v\u00e4\u010d\u0161ine pr\u00edpadov je na pr\u00edspevky (\u010dl\u00e1nky, texty, fotografie a p.) publikovan\u00e9 na webstr\u00e1nke geopresovregion.sk pou\u017eit\u00e1 licencia Creative Commons Attribution License 4.0 CC-BY. Prevzat\u00e9 alebo \u0161pecifick\u00e9 pr\u00edspevky m\u00f4\u017eu ma\u0165 odli\u0161n\u00fa licenciu, [&hellip;]<\/p>\n","protected":false},"author":1,"featured_media":0,"parent":0,"menu_order":0,"comment_status":"closed","ping_status":"closed","template":"","meta":{"cybocfi_hide_featured_image":""},"yoast_head":"<!-- This site is optimized with the Yoast SEO plugin v19.3 - https:\/\/yoast.com\/wordpress\/plugins\/seo\/ -->\n<title>Pr\u00e1vne inform\u00e1cie - Geoport\u00e1l Pre\u0161ovsk\u00e9ho kraja<\/title>\n<meta name=\"robots\" content=\"index, follow, max-snippet:-1, max-image-preview:large, max-video-preview:-1\" \/>\n<link rel=\"canonical\" href=\"https:\/\/geopresovregion.sk\/home\/pravne-informacie\/\" \/>\n<meta property=\"og:locale\" content=\"en_US\" \/>\n<meta property=\"og:type\" content=\"article\" \/>\n<meta property=\"og:title\" content=\"Pr\u00e1vne inform\u00e1cie - Geoport\u00e1l Pre\u0161ovsk\u00e9ho kraja\" \/>\n<meta property=\"og:description\" content=\"Podmienky pou\u017e\u00edvania platformy Podmienky pou\u017e\u00edvania Platformy pre region\u00e1lnu infra\u0161trukt\u00faru priestorov\u00fdch inform\u00e1ci\u00ed Pre\u0161ovsk\u00e9ho kraja je mo\u017en\u00e9 rozdeli\u0165 do t\u00fdchto oblast\u00ed: Podmienky pou\u017e\u00edvania webov\u00e9ho port\u00e1lu geopresovregion.sk Vo v\u00e4\u010d\u0161ine pr\u00edpadov je na pr\u00edspevky (\u010dl\u00e1nky, texty, fotografie a p.) publikovan\u00e9 na webstr\u00e1nke geopresovregion.sk pou\u017eit\u00e1 licencia Creative Commons Attribution License 4.0 CC-BY. Prevzat\u00e9 alebo \u0161pecifick\u00e9 pr\u00edspevky m\u00f4\u017eu ma\u0165 odli\u0161n\u00fa licenciu, [&hellip;]\" \/>\n<meta property=\"og:url\" content=\"https:\/\/geopresovregion.sk\/home\/pravne-informacie\/\" \/>\n<meta property=\"og:site_name\" content=\"Geoport\u00e1l Pre\u0161ovsk\u00e9ho kraja\" \/>\n<meta property=\"article:modified_time\" content=\"2020-05-04T08:05:15+00:00\" \/>\n<meta name=\"twitter:card\" content=\"summary_large_image\" \/>\n<script type=\"application\/ld+json\" class=\"yoast-schema-graph\">{\"@context\":\"https:\/\/schema.org\",\"@graph\":[{\"@type\":\"WebSite\",\"@id\":\"https:\/\/geopresovregion.sk\/home\/#website\",\"url\":\"https:\/\/geopresovregion.sk\/home\/\",\"name\":\"Geoport\u00e1l Pre\u0161ovsk\u00e9ho kraja\",\"description\":\"Geoport\u00e1l Pre\u0161ovsk\u00e9ho kraja\",\"potentialAction\":[{\"@type\":\"SearchAction\",\"target\":{\"@type\":\"EntryPoint\",\"urlTemplate\":\"https:\/\/geopresovregion.sk\/home\/?s={search_term_string}\"},\"query-input\":\"required name=search_term_string\"}],\"inLanguage\":\"en-US\"},{\"@type\":\"WebPage\",\"@id\":\"https:\/\/geopresovregion.sk\/home\/pravne-informacie\/\",\"url\":\"https:\/\/geopresovregion.sk\/home\/pravne-informacie\/\",\"name\":\"Pr\u00e1vne inform\u00e1cie - Geoport\u00e1l Pre\u0161ovsk\u00e9ho kraja\",\"isPartOf\":{\"@id\":\"https:\/\/geopresovregion.sk\/home\/#website\"},\"datePublished\":\"2020-02-13T15:37:48+00:00\",\"dateModified\":\"2020-05-04T08:05:15+00:00\",\"breadcrumb\":{\"@id\":\"https:\/\/geopresovregion.sk\/home\/pravne-informacie\/#breadcrumb\"},\"inLanguage\":\"en-US\",\"potentialAction\":[{\"@type\":\"ReadAction\",\"target\":[\"https:\/\/geopresovregion.sk\/home\/pravne-informacie\/\"]}]},{\"@type\":\"BreadcrumbList\",\"@id\":\"https:\/\/geopresovregion.sk\/home\/pravne-informacie\/#breadcrumb\",\"itemListElement\":[{\"@type\":\"ListItem\",\"position\":1,\"name\":\"Home\",\"item\":\"https:\/\/geopresovregion.sk\/home\/\"},{\"@type\":\"ListItem\",\"position\":2,\"name\":\"Pr\u00e1vne inform\u00e1cie\"}]}]}<\/script>\n<!-- \/ Yoast SEO plugin. -->","yoast_head_json":{"title":"Pr\u00e1vne inform\u00e1cie - Geoport\u00e1l Pre\u0161ovsk\u00e9ho kraja","robots":{"index":"index","follow":"follow","max-snippet":"max-snippet:-1","max-image-preview":"max-image-preview:large","max-video-preview":"max-video-preview:-1"},"canonical":"https:\/\/geopresovregion.sk\/home\/pravne-informacie\/","og_locale":"en_US","og_type":"article","og_title":"Pr\u00e1vne inform\u00e1cie - Geoport\u00e1l Pre\u0161ovsk\u00e9ho kraja","og_description":"Podmienky pou\u017e\u00edvania platformy Podmienky pou\u017e\u00edvania Platformy pre region\u00e1lnu infra\u0161trukt\u00faru priestorov\u00fdch inform\u00e1ci\u00ed Pre\u0161ovsk\u00e9ho kraja je mo\u017en\u00e9 rozdeli\u0165 do t\u00fdchto oblast\u00ed: Podmienky pou\u017e\u00edvania webov\u00e9ho port\u00e1lu geopresovregion.sk Vo v\u00e4\u010d\u0161ine pr\u00edpadov je na pr\u00edspevky (\u010dl\u00e1nky, texty, fotografie a p.) publikovan\u00e9 na webstr\u00e1nke geopresovregion.sk pou\u017eit\u00e1 licencia Creative Commons Attribution License 4.0 CC-BY. Prevzat\u00e9 alebo \u0161pecifick\u00e9 pr\u00edspevky m\u00f4\u017eu ma\u0165 odli\u0161n\u00fa licenciu, [&hellip;]","og_url":"https:\/\/geopresovregion.sk\/home\/pravne-informacie\/","og_site_name":"Geoport\u00e1l Pre\u0161ovsk\u00e9ho kraja","article_modified_time":"2020-05-04T08:05:15+00:00","twitter_card":"summary_large_image","schema":{"@context":"https:\/\/schema.org","@graph":[{"@type":"WebSite","@id":"https:\/\/geopresovregion.sk\/home\/#website","url":"https:\/\/geopresovregion.sk\/home\/","name":"Geoport\u00e1l Pre\u0161ovsk\u00e9ho kraja","description":"Geoport\u00e1l Pre\u0161ovsk\u00e9ho kraja","potentialAction":[{"@type":"SearchAction","target":{"@type":"EntryPoint","urlTemplate":"https:\/\/geopresovregion.sk\/home\/?s={search_term_string}"},"query-input":"required name=search_term_string"}],"inLanguage":"en-US"},{"@type":"WebPage","@id":"https:\/\/geopresovregion.sk\/home\/pravne-informacie\/","url":"https:\/\/geopresovregion.sk\/home\/pravne-informacie\/","name":"Pr\u00e1vne inform\u00e1cie - Geoport\u00e1l Pre\u0161ovsk\u00e9ho kraja","isPartOf":{"@id":"https:\/\/geopresovregion.sk\/home\/#website"},"datePublished":"2020-02-13T15:37:48+00:00","dateModified":"2020-05-04T08:05:15+00:00","breadcrumb":{"@id":"https:\/\/geopresovregion.sk\/home\/pravne-informacie\/#breadcrumb"},"inLanguage":"en-US","potentialAction":[{"@type":"ReadAction","target":["https:\/\/geopresovregion.sk\/home\/pravne-informacie\/"]}]},{"@type":"BreadcrumbList","@id":"https:\/\/geopresovregion.sk\/home\/pravne-informacie\/#breadcrumb","itemListElement":[{"@type":"ListItem","position":1,"name":"Home","item":"https:\/\/geopresovregion.sk\/home\/"},{"@type":"ListItem","position":2,"name":"Pr\u00e1vne inform\u00e1cie"}]}]}},"_links":{"self":[{"href":"https:\/\/geopresovregion.sk\/home\/wp-json\/wp\/v2\/pages\/247"}],"collection":[{"href":"https:\/\/geopresovregion.sk\/home\/wp-json\/wp\/v2\/pages"}],"about":[{"href":"https:\/\/geopresovregion.sk\/home\/wp-json\/wp\/v2\/types\/page"}],"author":[{"embeddable":true,"href":"https:\/\/geopresovregion.sk\/home\/wp-json\/wp\/v2\/users\/1"}],"replies":[{"embeddable":true,"href":"https:\/\/geopresovregion.sk\/home\/wp-json\/wp\/v2\/comments?post=247"}],"version-history":[{"count":7,"href":"https:\/\/geopresovregion.sk\/home\/wp-json\/wp\/v2\/pages\/247\/revisions"}],"predecessor-version":[{"id":1217,"href":"https:\/\/geopresovregion.sk\/home\/wp-json\/wp\/v2\/pages\/247\/revisions\/1217"}],"wp:attachment":[{"href":"https:\/\/geopresovregion.sk\/home\/wp-json\/wp\/v2\/media?parent=247"}],"curies":[{"name":"wp","href":"https:\/\/api.w.org\/{rel}","templated":true}]}}