{"id":238,"date":"2020-02-13T14:38:35","date_gmt":"2020-02-13T14:38:35","guid":{"rendered":"https:\/\/geopresovregion.sk\/home\/?page_id=238"},"modified":"2020-12-07T15:12:46","modified_gmt":"2020-12-07T15:12:46","slug":"nastroje","status":"publish","type":"page","link":"https:\/\/geopresovregion.sk\/home\/nastroje\/","title":{"rendered":"N\u00e1stroje"},"content":{"rendered":"<p>Mno\u017estvo d\u00e1t, s ktor\u00fdm sa v s\u00fa\u010dasnosti stret\u00e1vame vygenerovalo aj mno\u017estvo n\u00e1strojov, s ktor\u00fdmi sa sna\u017e\u00edme tieto d\u00e1ta spracov\u00e1va\u0165, interpretova\u0165\u00a0 a rozumie\u0165 im.<\/p>\n<ul>\n<li><strong>Geoserver<\/strong> &#8211; <a href=\"https:\/\/geopresovregion.sk\/geoserver\/web\/wicket\/bookmarkable\/org.geoserver.web.demo.MapPreviewPage\" target=\"_blank\" rel=\"noopener noreferrer\">GeoServer<\/a> &#8211; z\u00e1kladn\u00fd n\u00e1stroj na ukladanie, zdie\u013eanie a vykres\u013eovanie priestorov\u00fdch d\u00e1t formou slu\u017eieb (WMS, WMTS, WFS, CSW slu\u017eby), na ktor\u00e9 je mo\u017en\u00e9 sa pripoji\u0165 a konzumova\u0165 poskytovan\u00e9 d\u00e1ta. Poskytovan\u00e9 slu\u017eby s\u00fa \u0161tandardizovan\u00e9 pod\u013ea OGC \u0161tandardov.<\/li>\n<li><strong>Mapov\u00fd prehliada\u010d<\/strong> &#8211; <a href=\"https:\/\/geopresovregion.sk\/mapfishapp\/\" target=\"_blank\" rel=\"noopener noreferrer\">Mapfishapp<\/a> &#8211; online mapov\u00fd prehliada\u010d, ktor\u00fd sl\u00fa\u017ei na prehliadanie a anal\u00fdzu priestorov\u00fdch d\u00e1t. Umo\u017e\u0148uje prida\u0165 d\u00e1ta z D\u00e1toveho katal\u00f3gu PSK, vrstvi\u0165 jednotliv\u00e9 d\u00e1ta nad sebou, mera\u0165, porovn\u00e1va\u0165 a pod.<\/li>\n<li><strong>D\u00e1tov\u00fd katal\u00f3g<\/strong> &#8211; <a href=\"https:\/\/geopresovregion.sk\/geonetwork\/srv\/slo\/catalog.search#\/search?facet.q=sourceCatalog%2F4906851c-7de6-4f12-b75a-dde2bdaa5935&amp;resultType=details&amp;sortBy=changeDate&amp;from=1&amp;to=20&amp;fast=index&amp;_content_type=json\" target=\"_blank\" rel=\"noopener noreferrer\">GeoNetwork<\/a> &#8211; Katal\u00f3g otvoren\u00fdch a geolokovan\u00fdch \u00fadajov na prezeranie a stiahnutie.<\/li>\n<li><strong>Tematick\u00e9 mapy a dashboardy<\/strong> &#8211; <a href=\"https:\/\/geopresovregion.sk\/home\/tematicke-mapove-aplikacie\/\" data-rich-text-format-boundary=\"true\">Webmapov\u00e9 aplik\u00e1cie a dashboardy<\/a> &#8211; mno\u017estvo d\u00e1t n\u00e1m umo\u017e\u0148uje aj mno\u017estvo poh\u013eadov ako m\u00f4\u017eeme na tieto d\u00e1ta nazera\u0165. Tematick\u00e9 webmapov\u00e9 aplik\u00e1cie, ako aj dashboardy, zachyt\u00e1vaj\u00fa konkr\u00e9tne poh\u013eady na dan\u00fa problematiku. Ka\u017ed\u00e1 webmapov\u00e1 tematick\u00e1 aplik\u00e1cia je postaven\u00e1 na zdrojoch z D\u00e1tov\u00e9ho katal\u00f3gu PSK a sna\u017e\u00ed sa sprostredkova\u0165 komplexnej\u0161\u00ed poh\u013ead na konkr\u00e9tnu problematiku.<\/li>\n<\/ul>\n","protected":false},"excerpt":{"rendered":"<p>Mno\u017estvo d\u00e1t, s ktor\u00fdm sa v s\u00fa\u010dasnosti stret\u00e1vame vygenerovalo aj mno\u017estvo n\u00e1strojov, s ktor\u00fdmi sa sna\u017e\u00edme tieto d\u00e1ta spracov\u00e1va\u0165, interpretova\u0165\u00a0 a rozumie\u0165 im. Geoserver &#8211; GeoServer &#8211; z\u00e1kladn\u00fd n\u00e1stroj na ukladanie, zdie\u013eanie a vykres\u013eovanie priestorov\u00fdch d\u00e1t formou slu\u017eieb (WMS, WMTS, WFS, CSW slu\u017eby), na ktor\u00e9 je mo\u017en\u00e9 sa pripoji\u0165 a konzumova\u0165 poskytovan\u00e9 d\u00e1ta. Poskytovan\u00e9 slu\u017eby [&hellip;]<\/p>\n","protected":false},"author":1,"featured_media":0,"parent":0,"menu_order":0,"comment_status":"closed","ping_status":"closed","template":"","meta":{"cybocfi_hide_featured_image":""},"yoast_head":"<!-- This site is optimized with the Yoast SEO plugin v19.3 - https:\/\/yoast.com\/wordpress\/plugins\/seo\/ -->\n<title>N\u00e1stroje - Geoport\u00e1l Pre\u0161ovsk\u00e9ho kraja<\/title>\n<meta name=\"robots\" content=\"index, follow, max-snippet:-1, max-image-preview:large, max-video-preview:-1\" \/>\n<link rel=\"canonical\" href=\"https:\/\/geopresovregion.sk\/home\/nastroje\/\" \/>\n<meta property=\"og:locale\" content=\"en_US\" \/>\n<meta property=\"og:type\" content=\"article\" \/>\n<meta property=\"og:title\" content=\"N\u00e1stroje - Geoport\u00e1l Pre\u0161ovsk\u00e9ho kraja\" \/>\n<meta property=\"og:description\" content=\"Mno\u017estvo d\u00e1t, s ktor\u00fdm sa v s\u00fa\u010dasnosti stret\u00e1vame vygenerovalo aj mno\u017estvo n\u00e1strojov, s ktor\u00fdmi sa sna\u017e\u00edme tieto d\u00e1ta spracov\u00e1va\u0165, interpretova\u0165\u00a0 a rozumie\u0165 im. Geoserver &#8211; GeoServer &#8211; z\u00e1kladn\u00fd n\u00e1stroj na ukladanie, zdie\u013eanie a vykres\u013eovanie priestorov\u00fdch d\u00e1t formou slu\u017eieb (WMS, WMTS, WFS, CSW slu\u017eby), na ktor\u00e9 je mo\u017en\u00e9 sa pripoji\u0165 a konzumova\u0165 poskytovan\u00e9 d\u00e1ta. Poskytovan\u00e9 slu\u017eby [&hellip;]\" \/>\n<meta property=\"og:url\" content=\"https:\/\/geopresovregion.sk\/home\/nastroje\/\" \/>\n<meta property=\"og:site_name\" content=\"Geoport\u00e1l Pre\u0161ovsk\u00e9ho kraja\" \/>\n<meta property=\"article:modified_time\" content=\"2020-12-07T15:12:46+00:00\" \/>\n<meta name=\"twitter:card\" content=\"summary_large_image\" \/>\n<script type=\"application\/ld+json\" class=\"yoast-schema-graph\">{\"@context\":\"https:\/\/schema.org\",\"@graph\":[{\"@type\":\"WebSite\",\"@id\":\"https:\/\/geopresovregion.sk\/home\/#website\",\"url\":\"https:\/\/geopresovregion.sk\/home\/\",\"name\":\"Geoport\u00e1l Pre\u0161ovsk\u00e9ho kraja\",\"description\":\"Geoport\u00e1l Pre\u0161ovsk\u00e9ho kraja\",\"potentialAction\":[{\"@type\":\"SearchAction\",\"target\":{\"@type\":\"EntryPoint\",\"urlTemplate\":\"https:\/\/geopresovregion.sk\/home\/?s={search_term_string}\"},\"query-input\":\"required name=search_term_string\"}],\"inLanguage\":\"en-US\"},{\"@type\":\"WebPage\",\"@id\":\"https:\/\/geopresovregion.sk\/home\/nastroje\/\",\"url\":\"https:\/\/geopresovregion.sk\/home\/nastroje\/\",\"name\":\"N\u00e1stroje - Geoport\u00e1l Pre\u0161ovsk\u00e9ho kraja\",\"isPartOf\":{\"@id\":\"https:\/\/geopresovregion.sk\/home\/#website\"},\"datePublished\":\"2020-02-13T14:38:35+00:00\",\"dateModified\":\"2020-12-07T15:12:46+00:00\",\"breadcrumb\":{\"@id\":\"https:\/\/geopresovregion.sk\/home\/nastroje\/#breadcrumb\"},\"inLanguage\":\"en-US\",\"potentialAction\":[{\"@type\":\"ReadAction\",\"target\":[\"https:\/\/geopresovregion.sk\/home\/nastroje\/\"]}]},{\"@type\":\"BreadcrumbList\",\"@id\":\"https:\/\/geopresovregion.sk\/home\/nastroje\/#breadcrumb\",\"itemListElement\":[{\"@type\":\"ListItem\",\"position\":1,\"name\":\"Home\",\"item\":\"https:\/\/geopresovregion.sk\/home\/\"},{\"@type\":\"ListItem\",\"position\":2,\"name\":\"N\u00e1stroje\"}]}]}<\/script>\n<!-- \/ Yoast SEO plugin. -->","yoast_head_json":{"title":"N\u00e1stroje - Geoport\u00e1l Pre\u0161ovsk\u00e9ho kraja","robots":{"index":"index","follow":"follow","max-snippet":"max-snippet:-1","max-image-preview":"max-image-preview:large","max-video-preview":"max-video-preview:-1"},"canonical":"https:\/\/geopresovregion.sk\/home\/nastroje\/","og_locale":"en_US","og_type":"article","og_title":"N\u00e1stroje - Geoport\u00e1l Pre\u0161ovsk\u00e9ho kraja","og_description":"Mno\u017estvo d\u00e1t, s ktor\u00fdm sa v s\u00fa\u010dasnosti stret\u00e1vame vygenerovalo aj mno\u017estvo n\u00e1strojov, s ktor\u00fdmi sa sna\u017e\u00edme tieto d\u00e1ta spracov\u00e1va\u0165, interpretova\u0165\u00a0 a rozumie\u0165 im. Geoserver &#8211; GeoServer &#8211; z\u00e1kladn\u00fd n\u00e1stroj na ukladanie, zdie\u013eanie a vykres\u013eovanie priestorov\u00fdch d\u00e1t formou slu\u017eieb (WMS, WMTS, WFS, CSW slu\u017eby), na ktor\u00e9 je mo\u017en\u00e9 sa pripoji\u0165 a konzumova\u0165 poskytovan\u00e9 d\u00e1ta. Poskytovan\u00e9 slu\u017eby [&hellip;]","og_url":"https:\/\/geopresovregion.sk\/home\/nastroje\/","og_site_name":"Geoport\u00e1l Pre\u0161ovsk\u00e9ho kraja","article_modified_time":"2020-12-07T15:12:46+00:00","twitter_card":"summary_large_image","schema":{"@context":"https:\/\/schema.org","@graph":[{"@type":"WebSite","@id":"https:\/\/geopresovregion.sk\/home\/#website","url":"https:\/\/geopresovregion.sk\/home\/","name":"Geoport\u00e1l Pre\u0161ovsk\u00e9ho kraja","description":"Geoport\u00e1l Pre\u0161ovsk\u00e9ho kraja","potentialAction":[{"@type":"SearchAction","target":{"@type":"EntryPoint","urlTemplate":"https:\/\/geopresovregion.sk\/home\/?s={search_term_string}"},"query-input":"required name=search_term_string"}],"inLanguage":"en-US"},{"@type":"WebPage","@id":"https:\/\/geopresovregion.sk\/home\/nastroje\/","url":"https:\/\/geopresovregion.sk\/home\/nastroje\/","name":"N\u00e1stroje - Geoport\u00e1l Pre\u0161ovsk\u00e9ho kraja","isPartOf":{"@id":"https:\/\/geopresovregion.sk\/home\/#website"},"datePublished":"2020-02-13T14:38:35+00:00","dateModified":"2020-12-07T15:12:46+00:00","breadcrumb":{"@id":"https:\/\/geopresovregion.sk\/home\/nastroje\/#breadcrumb"},"inLanguage":"en-US","potentialAction":[{"@type":"ReadAction","target":["https:\/\/geopresovregion.sk\/home\/nastroje\/"]}]},{"@type":"BreadcrumbList","@id":"https:\/\/geopresovregion.sk\/home\/nastroje\/#breadcrumb","itemListElement":[{"@type":"ListItem","position":1,"name":"Home","item":"https:\/\/geopresovregion.sk\/home\/"},{"@type":"ListItem","position":2,"name":"N\u00e1stroje"}]}]}},"_links":{"self":[{"href":"https:\/\/geopresovregion.sk\/home\/wp-json\/wp\/v2\/pages\/238"}],"collection":[{"href":"https:\/\/geopresovregion.sk\/home\/wp-json\/wp\/v2\/pages"}],"about":[{"href":"https:\/\/geopresovregion.sk\/home\/wp-json\/wp\/v2\/types\/page"}],"author":[{"embeddable":true,"href":"https:\/\/geopresovregion.sk\/home\/wp-json\/wp\/v2\/users\/1"}],"replies":[{"embeddable":true,"href":"https:\/\/geopresovregion.sk\/home\/wp-json\/wp\/v2\/comments?post=238"}],"version-history":[{"count":24,"href":"https:\/\/geopresovregion.sk\/home\/wp-json\/wp\/v2\/pages\/238\/revisions"}],"predecessor-version":[{"id":1777,"href":"https:\/\/geopresovregion.sk\/home\/wp-json\/wp\/v2\/pages\/238\/revisions\/1777"}],"wp:attachment":[{"href":"https:\/\/geopresovregion.sk\/home\/wp-json\/wp\/v2\/media?parent=238"}],"curies":[{"name":"wp","href":"https:\/\/api.w.org\/{rel}","templated":true}]}}