{"id":236,"date":"2020-02-13T14:38:09","date_gmt":"2020-02-13T14:38:09","guid":{"rendered":"https:\/\/geopresovregion.sk\/home\/?page_id=236"},"modified":"2021-07-27T07:44:56","modified_gmt":"2021-07-27T07:44:56","slug":"data","status":"publish","type":"page","link":"https:\/\/geopresovregion.sk\/home\/data\/","title":{"rendered":"D\u00e1ta"},"content":{"rendered":"\n<p>Na tomto mieste m\u00f4\u017eete n\u00e1js\u0165 inform\u00e1cie o v\u0161etk\u00fdch dostupn\u00fdch d\u00e1tov\u00fdch zdrojoch, ktor\u00e9 sa (prim\u00e1rne) dot\u00fdkaj\u00fa \u00fazemia Pre\u0161ovsk\u00e9ho kraja. V\u0161etky \u0161trukturovan\u00e9 d\u00e1ta s popisom s\u00fa ukladan\u00e9 do D\u00e1tov\u00e9ho katal\u00f3gu Pre\u0161ovsk\u00e9ho kraja. <\/p>\n\n\n\n<h3>D\u00e1tov\u00e9 zdroje<\/h3>\n\n\n\n<ul><li><a rel=\"noopener noreferrer\" href=\"https:\/\/geopresovregion.sk\/geonetwork\/srv\/slo\/catalog.search#\/search?facet.q=sourceCatalog%2F4906851c-7de6-4f12-b75a-dde2bdaa5935&amp;resultType=details&amp;sortBy=relevance&amp;fast=index&amp;_content_type=json&amp;from=1&amp;to=20\" target=\"_blank\">D\u00e1tov\u00fd katal\u00f3g Pre\u0161ovsk\u00e9ho kraja<\/a> &#8211; V metad\u00e1ta katal\u00f3gu Pre\u0161ovsk\u00e9ho kraja n\u00e1jdete datasety, ktor\u00e9 sa bezprostredne dot\u00fdkaj\u00fa \u00fazemia samospr\u00e1vneho kraja. V d\u00e1tovom katal\u00f3gu s\u00fa zahrnut\u00e9 p\u00f4vodn\u00e9 d\u00e1ta samospr\u00e1vneho kraja a taktie\u017e d\u00e1ta, ktor\u00e9 sa zbieraj\u00fa na n\u00e1rodnej \u00farovni.<\/li><\/ul>\n\n\n\n<p><\/p>\n","protected":false},"excerpt":{"rendered":"<p>Na tomto mieste m\u00f4\u017eete n\u00e1js\u0165 inform\u00e1cie o v\u0161etk\u00fdch dostupn\u00fdch d\u00e1tov\u00fdch zdrojoch, ktor\u00e9 sa (prim\u00e1rne) dot\u00fdkaj\u00fa \u00fazemia Pre\u0161ovsk\u00e9ho kraja. V\u0161etky \u0161trukturovan\u00e9 d\u00e1ta s popisom s\u00fa ukladan\u00e9 do D\u00e1tov\u00e9ho katal\u00f3gu Pre\u0161ovsk\u00e9ho kraja. D\u00e1tov\u00e9 zdroje D\u00e1tov\u00fd katal\u00f3g Pre\u0161ovsk\u00e9ho kraja &#8211; V metad\u00e1ta katal\u00f3gu Pre\u0161ovsk\u00e9ho kraja n\u00e1jdete datasety, ktor\u00e9 sa bezprostredne dot\u00fdkaj\u00fa \u00fazemia samospr\u00e1vneho kraja. V d\u00e1tovom katal\u00f3gu s\u00fa [&hellip;]<\/p>\n","protected":false},"author":1,"featured_media":0,"parent":0,"menu_order":0,"comment_status":"closed","ping_status":"closed","template":"","meta":{"cybocfi_hide_featured_image":""},"yoast_head":"<!-- This site is optimized with the Yoast SEO plugin v19.3 - https:\/\/yoast.com\/wordpress\/plugins\/seo\/ -->\n<title>D\u00e1ta - Geoport\u00e1l Pre\u0161ovsk\u00e9ho kraja<\/title>\n<meta name=\"robots\" content=\"index, follow, max-snippet:-1, max-image-preview:large, max-video-preview:-1\" \/>\n<link rel=\"canonical\" href=\"https:\/\/geopresovregion.sk\/home\/data\/\" \/>\n<meta property=\"og:locale\" content=\"en_US\" \/>\n<meta property=\"og:type\" content=\"article\" \/>\n<meta property=\"og:title\" content=\"D\u00e1ta - Geoport\u00e1l Pre\u0161ovsk\u00e9ho kraja\" \/>\n<meta property=\"og:description\" content=\"Na tomto mieste m\u00f4\u017eete n\u00e1js\u0165 inform\u00e1cie o v\u0161etk\u00fdch dostupn\u00fdch d\u00e1tov\u00fdch zdrojoch, ktor\u00e9 sa (prim\u00e1rne) dot\u00fdkaj\u00fa \u00fazemia Pre\u0161ovsk\u00e9ho kraja. V\u0161etky \u0161trukturovan\u00e9 d\u00e1ta s popisom s\u00fa ukladan\u00e9 do D\u00e1tov\u00e9ho katal\u00f3gu Pre\u0161ovsk\u00e9ho kraja. D\u00e1tov\u00e9 zdroje D\u00e1tov\u00fd katal\u00f3g Pre\u0161ovsk\u00e9ho kraja &#8211; V metad\u00e1ta katal\u00f3gu Pre\u0161ovsk\u00e9ho kraja n\u00e1jdete datasety, ktor\u00e9 sa bezprostredne dot\u00fdkaj\u00fa \u00fazemia samospr\u00e1vneho kraja. V d\u00e1tovom katal\u00f3gu s\u00fa [&hellip;]\" \/>\n<meta property=\"og:url\" content=\"https:\/\/geopresovregion.sk\/home\/data\/\" \/>\n<meta property=\"og:site_name\" content=\"Geoport\u00e1l Pre\u0161ovsk\u00e9ho kraja\" \/>\n<meta property=\"article:modified_time\" content=\"2021-07-27T07:44:56+00:00\" \/>\n<meta name=\"twitter:card\" content=\"summary_large_image\" \/>\n<script type=\"application\/ld+json\" class=\"yoast-schema-graph\">{\"@context\":\"https:\/\/schema.org\",\"@graph\":[{\"@type\":\"WebSite\",\"@id\":\"https:\/\/geopresovregion.sk\/home\/#website\",\"url\":\"https:\/\/geopresovregion.sk\/home\/\",\"name\":\"Geoport\u00e1l Pre\u0161ovsk\u00e9ho kraja\",\"description\":\"Geoport\u00e1l Pre\u0161ovsk\u00e9ho kraja\",\"potentialAction\":[{\"@type\":\"SearchAction\",\"target\":{\"@type\":\"EntryPoint\",\"urlTemplate\":\"https:\/\/geopresovregion.sk\/home\/?s={search_term_string}\"},\"query-input\":\"required name=search_term_string\"}],\"inLanguage\":\"en-US\"},{\"@type\":\"WebPage\",\"@id\":\"https:\/\/geopresovregion.sk\/home\/data\/\",\"url\":\"https:\/\/geopresovregion.sk\/home\/data\/\",\"name\":\"D\u00e1ta - Geoport\u00e1l Pre\u0161ovsk\u00e9ho kraja\",\"isPartOf\":{\"@id\":\"https:\/\/geopresovregion.sk\/home\/#website\"},\"datePublished\":\"2020-02-13T14:38:09+00:00\",\"dateModified\":\"2021-07-27T07:44:56+00:00\",\"breadcrumb\":{\"@id\":\"https:\/\/geopresovregion.sk\/home\/data\/#breadcrumb\"},\"inLanguage\":\"en-US\",\"potentialAction\":[{\"@type\":\"ReadAction\",\"target\":[\"https:\/\/geopresovregion.sk\/home\/data\/\"]}]},{\"@type\":\"BreadcrumbList\",\"@id\":\"https:\/\/geopresovregion.sk\/home\/data\/#breadcrumb\",\"itemListElement\":[{\"@type\":\"ListItem\",\"position\":1,\"name\":\"Home\",\"item\":\"https:\/\/geopresovregion.sk\/home\/\"},{\"@type\":\"ListItem\",\"position\":2,\"name\":\"D\u00e1ta\"}]}]}<\/script>\n<!-- \/ Yoast SEO plugin. -->","yoast_head_json":{"title":"D\u00e1ta - Geoport\u00e1l Pre\u0161ovsk\u00e9ho kraja","robots":{"index":"index","follow":"follow","max-snippet":"max-snippet:-1","max-image-preview":"max-image-preview:large","max-video-preview":"max-video-preview:-1"},"canonical":"https:\/\/geopresovregion.sk\/home\/data\/","og_locale":"en_US","og_type":"article","og_title":"D\u00e1ta - Geoport\u00e1l Pre\u0161ovsk\u00e9ho kraja","og_description":"Na tomto mieste m\u00f4\u017eete n\u00e1js\u0165 inform\u00e1cie o v\u0161etk\u00fdch dostupn\u00fdch d\u00e1tov\u00fdch zdrojoch, ktor\u00e9 sa (prim\u00e1rne) dot\u00fdkaj\u00fa \u00fazemia Pre\u0161ovsk\u00e9ho kraja. V\u0161etky \u0161trukturovan\u00e9 d\u00e1ta s popisom s\u00fa ukladan\u00e9 do D\u00e1tov\u00e9ho katal\u00f3gu Pre\u0161ovsk\u00e9ho kraja. D\u00e1tov\u00e9 zdroje D\u00e1tov\u00fd katal\u00f3g Pre\u0161ovsk\u00e9ho kraja &#8211; V metad\u00e1ta katal\u00f3gu Pre\u0161ovsk\u00e9ho kraja n\u00e1jdete datasety, ktor\u00e9 sa bezprostredne dot\u00fdkaj\u00fa \u00fazemia samospr\u00e1vneho kraja. V d\u00e1tovom katal\u00f3gu s\u00fa [&hellip;]","og_url":"https:\/\/geopresovregion.sk\/home\/data\/","og_site_name":"Geoport\u00e1l Pre\u0161ovsk\u00e9ho kraja","article_modified_time":"2021-07-27T07:44:56+00:00","twitter_card":"summary_large_image","schema":{"@context":"https:\/\/schema.org","@graph":[{"@type":"WebSite","@id":"https:\/\/geopresovregion.sk\/home\/#website","url":"https:\/\/geopresovregion.sk\/home\/","name":"Geoport\u00e1l Pre\u0161ovsk\u00e9ho kraja","description":"Geoport\u00e1l Pre\u0161ovsk\u00e9ho kraja","potentialAction":[{"@type":"SearchAction","target":{"@type":"EntryPoint","urlTemplate":"https:\/\/geopresovregion.sk\/home\/?s={search_term_string}"},"query-input":"required name=search_term_string"}],"inLanguage":"en-US"},{"@type":"WebPage","@id":"https:\/\/geopresovregion.sk\/home\/data\/","url":"https:\/\/geopresovregion.sk\/home\/data\/","name":"D\u00e1ta - Geoport\u00e1l Pre\u0161ovsk\u00e9ho kraja","isPartOf":{"@id":"https:\/\/geopresovregion.sk\/home\/#website"},"datePublished":"2020-02-13T14:38:09+00:00","dateModified":"2021-07-27T07:44:56+00:00","breadcrumb":{"@id":"https:\/\/geopresovregion.sk\/home\/data\/#breadcrumb"},"inLanguage":"en-US","potentialAction":[{"@type":"ReadAction","target":["https:\/\/geopresovregion.sk\/home\/data\/"]}]},{"@type":"BreadcrumbList","@id":"https:\/\/geopresovregion.sk\/home\/data\/#breadcrumb","itemListElement":[{"@type":"ListItem","position":1,"name":"Home","item":"https:\/\/geopresovregion.sk\/home\/"},{"@type":"ListItem","position":2,"name":"D\u00e1ta"}]}]}},"_links":{"self":[{"href":"https:\/\/geopresovregion.sk\/home\/wp-json\/wp\/v2\/pages\/236"}],"collection":[{"href":"https:\/\/geopresovregion.sk\/home\/wp-json\/wp\/v2\/pages"}],"about":[{"href":"https:\/\/geopresovregion.sk\/home\/wp-json\/wp\/v2\/types\/page"}],"author":[{"embeddable":true,"href":"https:\/\/geopresovregion.sk\/home\/wp-json\/wp\/v2\/users\/1"}],"replies":[{"embeddable":true,"href":"https:\/\/geopresovregion.sk\/home\/wp-json\/wp\/v2\/comments?post=236"}],"version-history":[{"count":21,"href":"https:\/\/geopresovregion.sk\/home\/wp-json\/wp\/v2\/pages\/236\/revisions"}],"predecessor-version":[{"id":2094,"href":"https:\/\/geopresovregion.sk\/home\/wp-json\/wp\/v2\/pages\/236\/revisions\/2094"}],"wp:attachment":[{"href":"https:\/\/geopresovregion.sk\/home\/wp-json\/wp\/v2\/media?parent=236"}],"curies":[{"name":"wp","href":"https:\/\/api.w.org\/{rel}","templated":true}]}}