{"id":194,"date":"2020-02-13T11:22:52","date_gmt":"2020-02-13T11:22:52","guid":{"rendered":"https:\/\/geopresovregion.sk\/home\/?page_id=194"},"modified":"2022-10-17T11:44:22","modified_gmt":"2022-10-17T11:44:22","slug":"start-en","status":"publish","type":"page","link":"https:\/\/geopresovregion.sk\/home\/en\/start-en\/","title":{"rendered":"Geoportal PSK"},"content":{"rendered":"<div id=\"pl-gb194-69def77330d8b\"  class=\"panel-layout\" ><div id=\"pg-gb194-69def77330d8b-0\"  class=\"panel-grid panel-no-style\" ><div id=\"pgc-gb194-69def77330d8b-0-0\"  class=\"panel-grid-cell\" ><div id=\"panel-gb194-69def77330d8b-0-0-0\" class=\"so-panel widget widget_sow-hero panel-first-child panel-last-child\" data-index=\"0\" ><div\n\t\t\t\n\t\t\tclass=\"so-widget-sow-hero so-widget-sow-hero-default-4b8ff0f050ee-194 so-widget-fittext-wrapper\"\n\t\t\t data-fit-text-compressor=\"0.85\"\n\t\t>\t\t\t\t<div class=\"sow-slider-base\" style=\"display: none\">\n\t\t\t\t\t<ul\n\t\t\t\t\tclass=\"sow-slider-images\"\n\t\t\t\t\tdata-settings=\"{&quot;pagination&quot;:true,&quot;speed&quot;:800,&quot;timeout&quot;:8000,&quot;paused&quot;:false,&quot;pause_on_hover&quot;:false,&quot;swipe&quot;:true,&quot;nav_always_show_desktop&quot;:&quot;&quot;,&quot;nav_always_show_mobile&quot;:&quot;&quot;,&quot;breakpoint&quot;:&quot;780px&quot;,&quot;unmute&quot;:false,&quot;anchor&quot;:null}\"\n\t\t\t\t\tstyle=\"min-height: 520px\"\t\t\t\t\tdata-anchor-id=\"\"\n\t\t\t\t>\t\t<li class=\"sow-slider-image  sow-slider-image-cover\" style=\"visibility: visible;;background-color: #000000;cursor: pointer;\" data-url=\"{&quot;url&quot;:&quot;https:\\\/\\\/geopresovregion.sk\\\/web\\\/web_pt\\\/index.html&quot;,&quot;new_window&quot;:true}\" >\n\t\t\t\t\t<div class=\"sow-slider-image-container\">\n\t\t\t<div class=\"sow-slider-image-wrapper\">\n\t\t\t\t<h1>Poloniny Trail<\/h1>\n<p style=\"margin-top: 0\">Development instrument for Poloniny National Park.<\/p>\n\t\t\t<\/div>\n\t\t<\/div>\n\t\t<div class=\"sow-slider-image-overlay sow-slider-image-cover\" style=\"background-image: url(https:\/\/geopresovregion.sk\/home\/wp-content\/uploads\/2020\/04\/Narodny-park-Poloniny.jpg);opacity: 0.9\"  ><\/div>\t\t<\/li>\n\t\t<\/ul>\t\t\t\t<ol class=\"sow-slider-pagination\">\n\t\t\t\t\t\t\t\t\t\t\t<li><a href=\"#\" data-goto=\"0\" aria-label=\"display slide 1\"><\/a><\/li>\n\t\t\t\t\t\t\t\t\t<\/ol>\n\n\t\t\t\t<div class=\"sow-slide-nav sow-slide-nav-next\">\n\t\t\t\t\t<a href=\"#\" data-goto=\"next\" aria-label=\"next slide\" data-action=\"next\">\n\t\t\t\t\t\t<em class=\"sow-sld-icon-thin-right\"><\/em>\n\t\t\t\t\t<\/a>\n\t\t\t\t<\/div>\n\n\t\t\t\t<div class=\"sow-slide-nav sow-slide-nav-prev\">\n\t\t\t\t\t<a href=\"#\" data-goto=\"previous\" aria-label=\"previous slide\" data-action=\"prev\">\n\t\t\t\t\t\t<em class=\"sow-sld-icon-thin-left\"><\/em>\n\t\t\t\t\t<\/a>\n\t\t\t\t<\/div>\n\t\t\t\t<\/div><\/div><\/div><\/div><div id=\"pgc-gb194-69def77330d8b-0-1\"  class=\"panel-grid-cell\" ><div id=\"panel-gb194-69def77330d8b-0-1-0\" class=\"so-panel widget widget_media_image panel-first-child\" data-index=\"1\" ><a href=\"https:\/\/www.po-kraj.sk\/en\/welcome.html\" target=\"_blank\" rel=\"noopener\"><img width=\"162\" height=\"57\" src=\"https:\/\/geopresovregion.sk\/home\/wp-content\/uploads\/2020\/03\/logo-erb-psk.png\" class=\"image wp-image-924  attachment-full size-full\" alt=\"\" loading=\"lazy\" style=\"max-width: 100%; height: auto;\" \/><\/a><\/div><div id=\"panel-gb194-69def77330d8b-0-1-1\" class=\"widget_text so-panel widget widget_custom_html\" data-index=\"2\" ><div class=\"textwidget custom-html-widget\"><style>\n.flex-container{\ndisplay:-webkit-flex;\ndisplay:flex;\n-webkit-justify-content:center;\njustify-content:center;\n-webkit-align-items:center;\nalign-items:center;\n}\n<\/style>\n\n\n\n\n\n<div class=\"flex-container\" style=\"cursor: pointer;\" onclick=\"window.location='https:\/\/geopresovregion.sk\/geonetwork\/srv\/en\/catalog.search#\/search?resultType=details&#038;sortBy=changeDate&#038;from=1&#038;to=20';\">   \n  <div class=\"flex-item\"><span id=\"dataset_counter\" style=\"font-size:50px;font-weight:700;\"><\/span>\n    <br>\n  <\/div>  \n\t  <div class=\"flex-item\">&nbsp;\n    <br>\n  <\/div>  \n\t  <div class=\"flex-item\">&nbsp;\n    <br>\n  <\/div>  \n  <div class=\"flex-item\">&nbsp;\n    <br>\n  <\/div>         \n  <div class=\"flex-item\"><h7 style=\"color:gray;\">datasets<\/h7>\n    <br><h7 style=\"color:gray;\">published<\/h7>\n    <br>\n  <\/div>\n<\/div>\n\n\n<script>\n\nconst Http = new XMLHttpRequest();\nconst url='https:\/\/geopresovregion.sk\/geonetwork\/srv\/eng\/qi?_content_type=json&summaryOnly=true';\nHttp.open(\"GET\", url);\nHttp.send();\n\nHttp.onreadystatechange = (e) => {\n  var json = JSON.parse(Http.responseText);\n  var counter = json[0]['@count'];\ndocument.getElementById(\"dataset_counter\").textContent=counter\n  \n}\n<\/script>\n<\/div><\/div><div id=\"panel-gb194-69def77330d8b-0-1-2\" class=\"so-panel widget widget_sow-cta panel-last-child\" data-index=\"3\" ><div\n\t\t\t\n\t\t\tclass=\"so-widget-sow-cta so-widget-sow-cta-default-12023d4b91bd-194\"\n\t\t\t\n\t\t><div class=\"sow-cta-base\">\n\n\t<div class=\"sow-cta-wrapper\">\n\n\t\t<div class=\"sow-cta-text\">\n\t\t\t<h4 class=\"sow-cta-title\">First steps<\/h4>\n\t\t\t<h5 class=\"sow-cta-subtitle\">If you want everything clear for the first time.<\/h5>\n\t\t<\/div>\n\n\t\t<div\n\t\t\t\n\t\t\tclass=\"so-widget-sow-button so-widget-sow-button-wire-eaa51a902caf\"\n\t\t\t\n\t\t><div class=\"ow-button-base ow-button-align-center\">\n\t<a\n\thref=\"https:\/\/geopresovregion.sk\/home\/en\/about-platform\/\"\n\t\tclass=\"ow-icon-placement-left ow-button-hover\" \t>\n\t\t<span>\n\t\t\t<span class=\"sow-icon-typicons\" data-sow-icon=\"&#xe051;\"\n\t\t \n\t\taria-hidden=\"true\"><\/span>\n\t\t\tStart here!\t\t<\/span>\n\t<\/a>\n<\/div>\n<\/div>\n\t<\/div>\n\n<\/div>\n<\/div><\/div><\/div><\/div><div id=\"pg-gb194-69def77330d8b-1\"  class=\"panel-grid panel-no-style\" ><div id=\"pgc-gb194-69def77330d8b-1-0\"  class=\"panel-grid-cell\" ><div id=\"panel-gb194-69def77330d8b-1-0-0\" class=\"so-panel widget widget_media_image panel-first-child panel-last-child\" data-index=\"4\" ><figure style=\"width: 180px\" class=\"wp-caption alignnone\"><a href=\"https:\/\/geopresovregion.sk\/mviewer\/?lang=sk&#038;config=apps\/Priem_parky_en.xml\" target=\"_blank\" rel=\"noopener\"><img width=\"180\" height=\"119\" src=\"https:\/\/geopresovregion.sk\/home\/wp-content\/uploads\/2022\/10\/tematicka-aplikacia-priemyselne-parky-nahlad-2.png\" class=\"image wp-image-2313  attachment-full size-full\" alt=\"\" loading=\"lazy\" style=\"max-width: 100%; height: auto;\" \/><\/a><figcaption class=\"wp-caption-text\"><b>Industrial parks<\/b><\/figcaption><\/figure><\/div><\/div><div id=\"pgc-gb194-69def77330d8b-1-1\"  class=\"panel-grid-cell\" ><div id=\"panel-gb194-69def77330d8b-1-1-0\" class=\"so-panel widget widget_media_image panel-first-child panel-last-child\" data-index=\"5\" ><figure style=\"width: 180px\" class=\"wp-caption alignnone\"><a href=\"https:\/\/geopresovregion.sk\/mviewer\/?lang=en&#038;config=apps\/life-en.xml\" target=\"_blank\" rel=\"noopener\"><img width=\"180\" height=\"120\" src=\"https:\/\/geopresovregion.sk\/home\/wp-content\/uploads\/2020\/03\/zivot_180_t.jpg\" class=\"image wp-image-988  attachment-full size-full\" alt=\"\" loading=\"lazy\" style=\"max-width: 100%; height: auto;\" \/><\/a><figcaption class=\"wp-caption-text\"><b>Life and work<\/b><\/figcaption><\/figure><\/div><\/div><div id=\"pgc-gb194-69def77330d8b-1-2\"  class=\"panel-grid-cell\" ><div id=\"panel-gb194-69def77330d8b-1-2-0\" class=\"so-panel widget widget_media_image panel-first-child panel-last-child\" data-index=\"6\" ><figure style=\"width: 180px\" class=\"wp-caption alignnone\"><a href=\"https:\/\/geopresovregion.sk\/web\/web_mrk\/\" target=\"_blank\" rel=\"noopener\"><img width=\"180\" height=\"120\" src=\"https:\/\/geopresovregion.sk\/home\/wp-content\/uploads\/2020\/03\/mrk_180_t.jpg\" class=\"image wp-image-992  attachment-full size-full\" alt=\"\" loading=\"lazy\" style=\"max-width: 100%; height: auto;\" \/><\/a><figcaption class=\"wp-caption-text\"><b>Roma communities <\/b><\/figcaption><\/figure><\/div><\/div><div id=\"pgc-gb194-69def77330d8b-1-3\"  class=\"panel-grid-cell\" ><div id=\"panel-gb194-69def77330d8b-1-3-0\" class=\"so-panel widget widget_media_image panel-first-child panel-last-child\" data-index=\"7\" ><figure style=\"width: 180px\" class=\"wp-caption alignnone\"><a href=\"https:\/\/geopresovregion.sk\/mviewer\/?lang=en&#038;config=apps\/business-en.xml\" target=\"_blank\" rel=\"noopener\"><img width=\"180\" height=\"120\" src=\"https:\/\/geopresovregion.sk\/home\/wp-content\/uploads\/2020\/03\/podnikanie_180_t.jpg\" class=\"image wp-image-989  attachment-full size-full\" alt=\"\" loading=\"lazy\" style=\"max-width: 100%; height: auto;\" \/><\/a><figcaption class=\"wp-caption-text\"><b>Unemployment, people&#8230;<\/b><\/figcaption><\/figure><\/div><\/div><div id=\"pgc-gb194-69def77330d8b-1-4\"  class=\"panel-grid-cell\" ><div id=\"panel-gb194-69def77330d8b-1-4-0\" class=\"so-panel widget widget_media_image panel-first-child panel-last-child\" data-index=\"8\" ><figure style=\"width: 180px\" class=\"wp-caption alignnone\"><a href=\"https:\/\/geopresovregion.sk\/home\/en\/thematic-maps\/\"><img width=\"180\" height=\"120\" src=\"https:\/\/geopresovregion.sk\/home\/wp-content\/uploads\/2020\/03\/dalsie_mapy_180_t.jpg\" class=\"image wp-image-993  attachment-full size-full\" alt=\"\" loading=\"lazy\" style=\"max-width: 100%; height: auto;\" \/><\/a><figcaption class=\"wp-caption-text\"><b>Other maps<\/b><\/figcaption><\/figure><\/div><\/div><\/div><div id=\"pg-gb194-69def77330d8b-2\"  class=\"panel-grid panel-no-style\" ><div id=\"pgc-gb194-69def77330d8b-2-0\"  class=\"panel-grid-cell\" ><div id=\"panel-gb194-69def77330d8b-2-0-0\" class=\"so-panel widget widget_sow-editor panel-first-child panel-last-child\" data-index=\"9\" ><div\n\t\t\t\n\t\t\tclass=\"so-widget-sow-editor so-widget-sow-editor-base\"\n\t\t\t\n\t\t>\n<div class=\"siteorigin-widget-tinymce textwidget\">\n\t<hr \/><\/div>\n<\/div><\/div><\/div><\/div><div id=\"pg-gb194-69def77330d8b-3\"  class=\"panel-grid panel-no-style\" ><div id=\"pgc-gb194-69def77330d8b-3-0\"  class=\"panel-grid-cell\" ><div id=\"panel-gb194-69def77330d8b-3-0-0\" class=\"so-panel widget widget_sow-features panel-first-child panel-last-child\" data-index=\"10\" ><div\n\t\t\t\n\t\t\tclass=\"so-widget-sow-features so-widget-sow-features-default-96feab28a7c2-194\"\n\t\t\t\n\t\t>\n<div class=\"sow-features-list sow-features-responsive\">\n\n\t\t\t\t\t\t\t\t\t<div\n\t\t\t\tclass=\"sow-features-feature sow-icon-container-position-top sow-features-feature-last-row\"\n\t\t\t\tstyle=\"display: flex; flex-direction: column; width: 33.333%;\"\n\t\t\t>\n\t\t\t\n\t\t\t\t\t\t\t\t\t<a\n\t\t\t\t\t\thref=\"https:\/\/geopresovregion.sk\/geonetwork\/srv\/en\/catalog.search?georlang=en#\/search\"\n\t\t\t\t\t\ttarget=\"_blank\" rel=\"noopener noreferrer\"\t\t\t\t\t>\n\t\t\t\t\t\t\t\t<div\n\t\t\t\t\tclass=\"sow-icon-container sow-container-none\"\n\t\t\t\t\tstyle=\"color: ; \"\n\t\t\t\t\ttitle=\"Data catalog\">\n\t\t\t\t\t<span class=\"sow-icon-fontawesome sow-fas\" data-sow-icon=\"&#xf1c0;\"\n\t\tstyle=\"font-size: 48px; color: #dd3333\" \n\t\taria-hidden=\"true\"><\/span>\t\t\t\t<\/div>\n\t\t\t\t\t\t\t\t\t<\/a>\n\t\t\t\t\n\t\t\t\t<div class=\"textwidget\">\n\t\t\t\t\t\n\t\t\t\t\t\t\t\t\t\t\t<h5>\n\t\t\t\t\t\t\t\t\t\t\t\t\t\t\t<a\n\t\t\t\t\t\t\t\t\thref=\"https:\/\/geopresovregion.sk\/geonetwork\/srv\/en\/catalog.search?georlang=en#\/search\"\n\t\t\t\t\t\t\t\t\ttarget=\"_blank\" rel=\"noopener noreferrer\"\t\t\t\t\t\t\t\t>\n\t\t\t\t\t\t\t\n\t\t\t\t\t\t\tData catalog\t\t\t\t\t\t\t\t\t\t\t\t\t\t\t<\/a>\n\t\t\t\t\t\t\t\t\t\t\t\t\t<\/h5>\n\t\t\t\t\t\n\t\t\t\t\t\t\t\t\t\t\t<p>Open data about Pre\u0161ov region as on a plate. Catalog of open and geolocated data for viewing and downloading.<\/p>\n\t\t\t\t\t\n\t\t\t\t\t\t\t\t\t<\/div>\n\t\t\t\t\t\t\t\t\n\t\t\t\t\t\t\t<\/div>\n\n\t\t\t\t\t\t\t\t<div\n\t\t\t\tclass=\"sow-features-feature sow-icon-container-position-top sow-features-feature-last-row\"\n\t\t\t\tstyle=\"display: flex; flex-direction: column; width: 33.333%;\"\n\t\t\t>\n\t\t\t\n\t\t\t\t\t\t\t\t\t<a\n\t\t\t\t\t\thref=\"https:\/\/geopresovregion.sk\/home\/en\/thematic-maps\/\"\n\t\t\t\t\t\ttarget=\"_blank\" rel=\"noopener noreferrer\"\t\t\t\t\t>\n\t\t\t\t\t\t\t\t<div\n\t\t\t\t\tclass=\"sow-icon-container sow-container-none\"\n\t\t\t\t\tstyle=\"color: ; \"\n\t\t\t\t\ttitle=\"Thematic maps and dashboards\">\n\t\t\t\t\t<span class=\"sow-icon-elegantline\" data-sow-icon=\"&#xe01d;\"\n\t\tstyle=\"font-size: 48px; color: #81d742\" \n\t\taria-hidden=\"true\"><\/span>\t\t\t\t<\/div>\n\t\t\t\t\t\t\t\t\t<\/a>\n\t\t\t\t\n\t\t\t\t<div class=\"textwidget\">\n\t\t\t\t\t\n\t\t\t\t\t\t\t\t\t\t\t<h5>\n\t\t\t\t\t\t\t\t\t\t\t\t\t\t\t<a\n\t\t\t\t\t\t\t\t\thref=\"https:\/\/geopresovregion.sk\/home\/en\/thematic-maps\/\"\n\t\t\t\t\t\t\t\t\ttarget=\"_blank\" rel=\"noopener noreferrer\"\t\t\t\t\t\t\t\t>\n\t\t\t\t\t\t\t\n\t\t\t\t\t\t\tThematic maps and dashboards\t\t\t\t\t\t\t\t\t\t\t\t\t\t\t<\/a>\n\t\t\t\t\t\t\t\t\t\t\t\t\t<\/h5>\n\t\t\t\t\t\n\t\t\t\t\t\t\t\t\t\t\t<p>Browse data in a simple and friendly way through themed map applications and dashboards.<\/p>\n\t\t\t\t\t\n\t\t\t\t\t\t\t\t\t<\/div>\n\t\t\t\t\t\t\t\t\n\t\t\t\t\t\t\t<\/div>\n\n\t\t\t\t\t\t\t\t<div\n\t\t\t\tclass=\"sow-features-feature sow-icon-container-position-top sow-features-feature-last-row\"\n\t\t\t\tstyle=\"display: flex; flex-direction: column; width: 33.333%;\"\n\t\t\t>\n\t\t\t\n\t\t\t\t\t\t\t\t\t<a\n\t\t\t\t\t\thref=\"https:\/\/geopresovregion.sk\/mapfishapp\/?lang=en\"\n\t\t\t\t\t\ttarget=\"_blank\" rel=\"noopener noreferrer\"\t\t\t\t\t>\n\t\t\t\t\t\t\t\t<div\n\t\t\t\t\tclass=\"sow-icon-container sow-container-none\"\n\t\t\t\t\tstyle=\"color: ; \"\n\t\t\t\t\ttitle=\"Map viewer\">\n\t\t\t\t\t<span class=\"sow-icon-elegantline\" data-sow-icon=\"&#xe025;\"\n\t\tstyle=\"font-size: 48px; color: #1e73be\" \n\t\taria-hidden=\"true\"><\/span>\t\t\t\t<\/div>\n\t\t\t\t\t\t\t\t\t<\/a>\n\t\t\t\t\n\t\t\t\t<div class=\"textwidget\">\n\t\t\t\t\t\n\t\t\t\t\t\t\t\t\t\t\t<h5>\n\t\t\t\t\t\t\t\t\t\t\t\t\t\t\t<a\n\t\t\t\t\t\t\t\t\thref=\"https:\/\/geopresovregion.sk\/mapfishapp\/?lang=en\"\n\t\t\t\t\t\t\t\t\ttarget=\"_blank\" rel=\"noopener noreferrer\"\t\t\t\t\t\t\t\t>\n\t\t\t\t\t\t\t\n\t\t\t\t\t\t\tMap viewer\t\t\t\t\t\t\t\t\t\t\t\t\t\t\t<\/a>\n\t\t\t\t\t\t\t\t\t\t\t\t\t<\/h5>\n\t\t\t\t\t\n\t\t\t\t\t\t\t\t\t\t\t<p>More advanced online map tool for viewing and analyzing geodata. Study the catalog data in layers.<\/p>\n\t\t\t\t\t\n\t\t\t\t\t\t\t\t\t<\/div>\n\t\t\t\t\t\t\t\t\n\t\t\t\t\t\t\t<\/div>\n\n\t\t\t\n<\/div>\n<\/div><\/div><\/div><\/div><div id=\"pg-gb194-69def77330d8b-4\"  class=\"panel-grid panel-has-style\" ><div class=\"siteorigin-panels-stretch panel-row-style panel-row-style-for-gb194-69def77330d8b-4\" data-stretch-type=\"full\" ><div id=\"pgc-gb194-69def77330d8b-4-0\"  class=\"panel-grid-cell\" ><div id=\"panel-gb194-69def77330d8b-4-0-0\" class=\"so-panel widget widget_sow-editor panel-first-child panel-last-child\" data-index=\"11\" ><div\n\t\t\t\n\t\t\tclass=\"so-widget-sow-editor so-widget-sow-editor-base\"\n\t\t\t\n\t\t><h3 class=\"widget-title\">Partners<\/h3>\n<div class=\"siteorigin-widget-tinymce textwidget\">\n\t<code>\n<a href=\"https:\/\/www.worldbank.org\/\" target=\"_blank\" rel=\"noopener noreferrer\">\n<img class=\"alignnone wp-image-158\" src=\"https:\/\/geopresovregion.sk\/home\/wp-content\/uploads\/2020\/03\/logo-WB.png\" alt=\"\" width=\"200\" \/><\/a>\n<a href=\"https:\/\/ec.europa.eu\/info\/index_en\" target=\"_blank\" rel=\"noopener noreferrer\">\n<img class=\"alignnone wp-image-158\" src=\"https:\/\/geopresovregion.sk\/home\/wp-content\/uploads\/2020\/03\/logo-EC.png\" alt=\"\" width=\"200\" \/><\/a>\n<a href=\"https:\/\/www.mirri.gov.sk\/en\/index.html\" target=\"_blank\" rel=\"noopener noreferrer\">\n<img class=\"alignnone wp-image-158\" src=\"https:\/\/geopresovregion.sk\/home\/wp-content\/uploads\/2020\/09\/logo-mirii-en.jpg\" alt=\"\" width=\"200\" \/><\/a>\n<a href=\"https:\/\/www.unipo.sk\/en\/\" target=\"_blank\" rel=\"noopener noreferrer\">\n<img loading=\"lazy\" class=\"alignnone wp-image-158\" src=\"https:\/\/geopresovregion.sk\/home\/wp-content\/uploads\/2020\/02\/partner-pu.png\" alt=\"\" width=\"100\" height=\"100\" \/><\/a>\n<a href=\"https:\/\/slovak.statistics.sk\/wps\/portal\/ext\/home\/!ut\/p\/z1\/04_Sj9CPykssy0xPLMnMz0vMAfIjo8ziA809LZycDB0NLPyCXA08QxwD3IO8TAwNTEz1wwkpiAJKG-AAjgZA_VFgJc7ujh4m5j4GBhY-7qYGno4eoUGWgcbGBo7GUAV4zCjIjTDIdFRUBADse0bP\/dz\/d5\/L0lDUmlTUSEhL3dHa0FKRnNBLzROV3FpQSEhL2Vu\/\" target=\"_blank\" rel=\"noopener noreferrer\">\n<img loading=\"lazy\" class=\"alignnone wp-image-159\" src=\"https:\/\/geopresovregion.sk\/home\/wp-content\/uploads\/2020\/02\/partner-su-300x133.png\" alt=\"\" width=\"150\" height=\"66\" srcset=\"https:\/\/geopresovregion.sk\/home\/wp-content\/uploads\/2020\/02\/partner-su-300x133.png 300w, https:\/\/geopresovregion.sk\/home\/wp-content\/uploads\/2020\/02\/partner-su-768x340.png 768w, https:\/\/geopresovregion.sk\/home\/wp-content\/uploads\/2020\/02\/partner-su.png 922w\" sizes=\"(max-width: 150px) 100vw, 150px\" \/><\/a>\n<a href=\"https:\/\/www.minzp.sk\/en\/about-us\/\" target=\"_blank\" rel=\"noopener noreferrer\">\n<img loading=\"lazy\" class=\"alignnone wp-image-156\" src=\"https:\/\/geopresovregion.sk\/home\/wp-content\/uploads\/2020\/02\/partner-mzp-300x69.jpg\" alt=\"\" width=\"150\" height=\"35\" \/><\/a>\n<a href=\"https:\/\/www.presov.sk\/\" target=\"_blank\" rel=\"noopener noreferrer\">\n<img loading=\"lazy\" class=\"alignnone wp-image-157\" src=\"https:\/\/geopresovregion.sk\/home\/wp-content\/uploads\/2020\/02\/partner-presov.png\" alt=\"\" width=\"100\" height=\"115\" \/><\/a>\n<a href=\"https:\/\/www.severovychod.sk\/\" target=\"_blank\" rel=\"noopener noreferrer\">\n<img loading=\"lazy\" class=\"alignnone wp-image-155\" src=\"https:\/\/geopresovregion.sk\/home\/wp-content\/uploads\/2020\/02\/partner-kocr-300x75.png\" alt=\"\" width=\"150\" height=\"38\" \/><\/a>\n<a href=\"https:\/\/www.unipo.sk\/en\/faculty-of-humanities-and-natural-sciences\/geography\/\" target=\"_blank\" rel=\"noopener noreferrer\">\n<img loading=\"lazy\" class=\"alignnone wp-image-153\" src=\"https:\/\/geopresovregion.sk\/home\/wp-content\/uploads\/2020\/02\/partner-fhpv.png\" alt=\"\" width=\"100\" height=\"100\" \/><\/a>\n<a href=\"https:\/\/www.cvtisr.sk\/en.html?page_id=58\" target=\"_blank\" rel=\"noopener noreferrer\">\n<img loading=\"lazy\" class=\"alignnone wp-image-152\" src=\"https:\/\/geopresovregion.sk\/home\/wp-content\/uploads\/2020\/02\/partner-cvti.png\" alt=\"\" width=\"100\" height=\"100\" \/><\/a>\n<a href=\"https:\/\/www.upsvr.gov.sk\/?lang=en\" target=\"_blank\" rel=\"noopener noreferrer\">\n<img loading=\"lazy\" class=\"alignnone wp-image-160\" src=\"https:\/\/geopresovregion.sk\/home\/wp-content\/uploads\/2020\/02\/partner-upsvar.jpg\" alt=\"\" width=\"150\" height=\"28\" \/><\/a>\n<a href=\"http:\/\/www.skgeodesy.sk\/en\/\" target=\"_blank\" rel=\"noopener noreferrer\">\n<img loading=\"lazy\" class=\"alignnone wp-image-160\" src=\"https:\/\/geopresovregion.sk\/home\/wp-content\/uploads\/2020\/03\/logo-ugkk.png\" alt=\"\" width=\"150\" height=\"28\" \/><\/a>\n<a href=\"http:\/\/futuristiq.org\/\" target=\"_blank\" rel=\"noopener noreferrer\"><img loading=\"lazy\" class=\"alignnone wp-image-160\" src=\"https:\/\/geopresovregion.sk\/home\/wp-content\/uploads\/2020\/06\/logo-futuristiq.jpg\" alt=\"\" width=\"150\" height=\"28\" \/><\/a>\n<\/code><\/div>\n<\/div><\/div><\/div><\/div><\/div><\/div>","protected":false},"excerpt":{"rendered":"","protected":false},"author":1,"featured_media":0,"parent":0,"menu_order":0,"comment_status":"closed","ping_status":"closed","template":"","meta":{"cybocfi_hide_featured_image":""},"yoast_head":"<!-- This site is optimized with the Yoast SEO plugin v19.3 - https:\/\/yoast.com\/wordpress\/plugins\/seo\/ -->\n<title>Geoportal PSK - Geoport\u00e1l Pre\u0161ovsk\u00e9ho kraja<\/title>\n<meta name=\"robots\" content=\"index, follow, max-snippet:-1, max-image-preview:large, max-video-preview:-1\" \/>\n<link rel=\"canonical\" href=\"https:\/\/geopresovregion.sk\/home\/en\/start-en\/\" \/>\n<meta property=\"og:locale\" content=\"en_US\" \/>\n<meta property=\"og:type\" content=\"article\" \/>\n<meta property=\"og:title\" content=\"Geoportal PSK - Geoport\u00e1l Pre\u0161ovsk\u00e9ho kraja\" \/>\n<meta property=\"og:url\" content=\"https:\/\/geopresovregion.sk\/home\/en\/start-en\/\" \/>\n<meta property=\"og:site_name\" content=\"Geoport\u00e1l Pre\u0161ovsk\u00e9ho kraja\" \/>\n<meta property=\"article:modified_time\" content=\"2022-10-17T11:44:22+00:00\" \/>\n<meta property=\"og:image\" content=\"https:\/\/geopresovregion.sk\/home\/wp-content\/uploads\/2020\/03\/logo-erb-psk.png\" \/>\n<meta name=\"twitter:card\" content=\"summary_large_image\" \/>\n<script type=\"application\/ld+json\" class=\"yoast-schema-graph\">{\"@context\":\"https:\/\/schema.org\",\"@graph\":[{\"@type\":\"WebSite\",\"@id\":\"https:\/\/geopresovregion.sk\/home\/#website\",\"url\":\"https:\/\/geopresovregion.sk\/home\/\",\"name\":\"Geoport\u00e1l Pre\u0161ovsk\u00e9ho kraja\",\"description\":\"Geoport\u00e1l Pre\u0161ovsk\u00e9ho kraja\",\"potentialAction\":[{\"@type\":\"SearchAction\",\"target\":{\"@type\":\"EntryPoint\",\"urlTemplate\":\"https:\/\/geopresovregion.sk\/home\/?s={search_term_string}\"},\"query-input\":\"required name=search_term_string\"}],\"inLanguage\":\"en-US\"},{\"@type\":\"ImageObject\",\"inLanguage\":\"en-US\",\"@id\":\"https:\/\/geopresovregion.sk\/home\/en\/start-en\/#primaryimage\",\"url\":\"https:\/\/geopresovregion.sk\/home\/wp-content\/uploads\/2020\/03\/logo-erb-psk.png\",\"contentUrl\":\"https:\/\/geopresovregion.sk\/home\/wp-content\/uploads\/2020\/03\/logo-erb-psk.png\",\"width\":162,\"height\":57},{\"@type\":\"WebPage\",\"@id\":\"https:\/\/geopresovregion.sk\/home\/en\/start-en\/\",\"url\":\"https:\/\/geopresovregion.sk\/home\/en\/start-en\/\",\"name\":\"Geoportal PSK - Geoport\u00e1l Pre\u0161ovsk\u00e9ho kraja\",\"isPartOf\":{\"@id\":\"https:\/\/geopresovregion.sk\/home\/#website\"},\"primaryImageOfPage\":{\"@id\":\"https:\/\/geopresovregion.sk\/home\/en\/start-en\/#primaryimage\"},\"datePublished\":\"2020-02-13T11:22:52+00:00\",\"dateModified\":\"2022-10-17T11:44:22+00:00\",\"breadcrumb\":{\"@id\":\"https:\/\/geopresovregion.sk\/home\/en\/start-en\/#breadcrumb\"},\"inLanguage\":\"en-US\",\"potentialAction\":[{\"@type\":\"ReadAction\",\"target\":[\"https:\/\/geopresovregion.sk\/home\/en\/start-en\/\"]}]},{\"@type\":\"BreadcrumbList\",\"@id\":\"https:\/\/geopresovregion.sk\/home\/en\/start-en\/#breadcrumb\",\"itemListElement\":[{\"@type\":\"ListItem\",\"position\":1,\"name\":\"Home\",\"item\":\"https:\/\/geopresovregion.sk\/home\/\"},{\"@type\":\"ListItem\",\"position\":2,\"name\":\"Geoportal PSK\"}]}]}<\/script>\n<!-- \/ Yoast SEO plugin. -->","yoast_head_json":{"title":"Geoportal PSK - Geoport\u00e1l Pre\u0161ovsk\u00e9ho kraja","robots":{"index":"index","follow":"follow","max-snippet":"max-snippet:-1","max-image-preview":"max-image-preview:large","max-video-preview":"max-video-preview:-1"},"canonical":"https:\/\/geopresovregion.sk\/home\/en\/start-en\/","og_locale":"en_US","og_type":"article","og_title":"Geoportal PSK - Geoport\u00e1l Pre\u0161ovsk\u00e9ho kraja","og_url":"https:\/\/geopresovregion.sk\/home\/en\/start-en\/","og_site_name":"Geoport\u00e1l Pre\u0161ovsk\u00e9ho kraja","article_modified_time":"2022-10-17T11:44:22+00:00","og_image":[{"url":"https:\/\/geopresovregion.sk\/home\/wp-content\/uploads\/2020\/03\/logo-erb-psk.png"}],"twitter_card":"summary_large_image","schema":{"@context":"https:\/\/schema.org","@graph":[{"@type":"WebSite","@id":"https:\/\/geopresovregion.sk\/home\/#website","url":"https:\/\/geopresovregion.sk\/home\/","name":"Geoport\u00e1l Pre\u0161ovsk\u00e9ho kraja","description":"Geoport\u00e1l Pre\u0161ovsk\u00e9ho kraja","potentialAction":[{"@type":"SearchAction","target":{"@type":"EntryPoint","urlTemplate":"https:\/\/geopresovregion.sk\/home\/?s={search_term_string}"},"query-input":"required name=search_term_string"}],"inLanguage":"en-US"},{"@type":"ImageObject","inLanguage":"en-US","@id":"https:\/\/geopresovregion.sk\/home\/en\/start-en\/#primaryimage","url":"https:\/\/geopresovregion.sk\/home\/wp-content\/uploads\/2020\/03\/logo-erb-psk.png","contentUrl":"https:\/\/geopresovregion.sk\/home\/wp-content\/uploads\/2020\/03\/logo-erb-psk.png","width":162,"height":57},{"@type":"WebPage","@id":"https:\/\/geopresovregion.sk\/home\/en\/start-en\/","url":"https:\/\/geopresovregion.sk\/home\/en\/start-en\/","name":"Geoportal PSK - Geoport\u00e1l Pre\u0161ovsk\u00e9ho kraja","isPartOf":{"@id":"https:\/\/geopresovregion.sk\/home\/#website"},"primaryImageOfPage":{"@id":"https:\/\/geopresovregion.sk\/home\/en\/start-en\/#primaryimage"},"datePublished":"2020-02-13T11:22:52+00:00","dateModified":"2022-10-17T11:44:22+00:00","breadcrumb":{"@id":"https:\/\/geopresovregion.sk\/home\/en\/start-en\/#breadcrumb"},"inLanguage":"en-US","potentialAction":[{"@type":"ReadAction","target":["https:\/\/geopresovregion.sk\/home\/en\/start-en\/"]}]},{"@type":"BreadcrumbList","@id":"https:\/\/geopresovregion.sk\/home\/en\/start-en\/#breadcrumb","itemListElement":[{"@type":"ListItem","position":1,"name":"Home","item":"https:\/\/geopresovregion.sk\/home\/"},{"@type":"ListItem","position":2,"name":"Geoportal PSK"}]}]}},"_links":{"self":[{"href":"https:\/\/geopresovregion.sk\/home\/wp-json\/wp\/v2\/pages\/194"}],"collection":[{"href":"https:\/\/geopresovregion.sk\/home\/wp-json\/wp\/v2\/pages"}],"about":[{"href":"https:\/\/geopresovregion.sk\/home\/wp-json\/wp\/v2\/types\/page"}],"author":[{"embeddable":true,"href":"https:\/\/geopresovregion.sk\/home\/wp-json\/wp\/v2\/users\/1"}],"replies":[{"embeddable":true,"href":"https:\/\/geopresovregion.sk\/home\/wp-json\/wp\/v2\/comments?post=194"}],"version-history":[{"count":101,"href":"https:\/\/geopresovregion.sk\/home\/wp-json\/wp\/v2\/pages\/194\/revisions"}],"predecessor-version":[{"id":2338,"href":"https:\/\/geopresovregion.sk\/home\/wp-json\/wp\/v2\/pages\/194\/revisions\/2338"}],"wp:attachment":[{"href":"https:\/\/geopresovregion.sk\/home\/wp-json\/wp\/v2\/media?parent=194"}],"curies":[{"name":"wp","href":"https:\/\/api.w.org\/{rel}","templated":true}]}}